{"id":10694,"date":"2026-01-27T13:03:57","date_gmt":"2026-01-27T12:03:57","guid":{"rendered":"https:\/\/parapharmacieenligne.ma\/?post_type=product&#038;p=10694"},"modified":"2026-01-27T13:05:33","modified_gmt":"2026-01-27T12:05:33","slug":"camomilla-blu-fleur-de-camomille-baume-apres-shampooing-200ml","status":"publish","type":"product","link":"https:\/\/parapharmacieenligne.ma\/en\/product\/camomilla-blu-fleur-de-camomille-baume-apres-shampooing-200ml\/","title":{"rendered":"Camomilla Blu Fleur De Camomille Baume Apres-Shampooing 200ml"},"content":{"rendered":"<div aria-labelledby=\"tab-title-description\" class=\"woocommerce-Tabs-panel woocommerce-Tabs-panel--description panel entry-content wc-tab\" id=\"tab-description\" role=\"tabpanel\">\n<h2>Description<\/h2>\n<p>Shampooing d\u00e9licat enrichi avec extrait de camomille qui, gr\u00e2ce \u00e0 ses propri\u00e9t\u00e9s apaisantes, calme les irritations, en adoucissant la peau, en laissant les cheveux doux et faciles \u00e0 coiffer. Sa composition \u00e0 base de tensioactifs doux d\u2019origine v\u00e9g\u00e9tale, apaisants, est sp\u00e9cialement destin\u00e9e \u00e0 l\u2019emploi dans la cosm\u00e9tologie du nourisson\u2026<\/p>\n<p>gr\u00e2ce \u00e0 sa formule non agressive et son PH isolacrymal, il ne pique pas les yeux.<\/p>\n<p>UTILISATION:<\/p>\n<p>Appliquer une petite quantit\u00e9 de shampooing sur les cheveux mouill\u00e9s, masser d\u00e9licatement puis rin\u00e7er.<\/p>\n<div id=\"gtx-trans\" style=\"position: absolute;left: 607px;top: -14px\">\n<div class=\"gtx-trans-icon\"><\/div>\n<\/p><\/div>\n<\/p><\/div>","protected":false},"excerpt":{"rendered":"<p>Highlights:Camomilla BLU shampooing doux et d\u00e9licat \u00e0 la camomille pour les enfants, laisse la peau et les cheveux souples et propres, indiqu\u00e9 \u00e9galement pour le traitement des croutes de lait.<\/p>","protected":false},"featured_media":10741,"comment_status":"open","ping_status":"closed","template":"","meta":[],"product_cat":[84],"product_tag":[],"yith_product_brand":[142],"class_list":{"0":"post-10694","1":"product","2":"type-product","3":"status-publish","4":"has-post-thumbnail","6":"product_cat-soins-cheveux","7":"yith_product_brand-camomilla-blu","9":"first","10":"instock","11":"sale","12":"shipping-taxable","13":"purchasable","14":"product-type-simple"},"_links":{"self":[{"href":"https:\/\/parapharmacieenligne.ma\/en\/wp-json\/wp\/v2\/product\/10694","targetHints":{"allow":["GET"]}}],"collection":[{"href":"https:\/\/parapharmacieenligne.ma\/en\/wp-json\/wp\/v2\/product"}],"about":[{"href":"https:\/\/parapharmacieenligne.ma\/en\/wp-json\/wp\/v2\/types\/product"}],"replies":[{"embeddable":true,"href":"https:\/\/parapharmacieenligne.ma\/en\/wp-json\/wp\/v2\/comments?post=10694"}],"version-history":[{"count":1,"href":"https:\/\/parapharmacieenligne.ma\/en\/wp-json\/wp\/v2\/product\/10694\/revisions"}],"predecessor-version":[{"id":10742,"href":"https:\/\/parapharmacieenligne.ma\/en\/wp-json\/wp\/v2\/product\/10694\/revisions\/10742"}],"wp:featuredmedia":[{"embeddable":true,"href":"https:\/\/parapharmacieenligne.ma\/en\/wp-json\/wp\/v2\/media\/10741"}],"wp:attachment":[{"href":"https:\/\/parapharmacieenligne.ma\/en\/wp-json\/wp\/v2\/media?parent=10694"}],"wp:term":[{"taxonomy":"product_cat","embeddable":true,"href":"https:\/\/parapharmacieenligne.ma\/en\/wp-json\/wp\/v2\/product_cat?post=10694"},{"taxonomy":"product_tag","embeddable":true,"href":"https:\/\/parapharmacieenligne.ma\/en\/wp-json\/wp\/v2\/product_tag?post=10694"},{"taxonomy":"yith_product_brand","embeddable":true,"href":"https:\/\/parapharmacieenligne.ma\/en\/wp-json\/wp\/v2\/yith_product_brand?post=10694"}],"curies":[{"name":"wp","href":"https:\/\/api.w.org\/{rel}","templated":true}]}}