{"id":10698,"date":"2026-01-27T13:03:58","date_gmt":"2026-01-27T12:03:58","guid":{"rendered":"https:\/\/parapharmacieenligne.ma\/?post_type=product&#038;p=10698"},"modified":"2026-01-27T13:06:03","modified_gmt":"2026-01-27T12:06:03","slug":"camomilla-blu-shampoing-doux-a-la-camomille-200-ml","status":"publish","type":"product","link":"https:\/\/parapharmacieenligne.ma\/en\/product\/camomilla-blu-shampoing-doux-a-la-camomille-200-ml\/","title":{"rendered":"Camomilla Blu Shampoing Doux \u00e0 La Camomille \u2013 200 ml"},"content":{"rendered":"<div aria-labelledby=\"tab-title-description\" class=\"woocommerce-Tabs-panel woocommerce-Tabs-panel--description panel entry-content wc-tab\" id=\"tab-description\" role=\"tabpanel\" style=\"\">\n<h2>Description<\/h2>\n<p>Description<br \/>\n Shampooing d\u00e9licat enrichi avec extrait de camomille qui, gr\u00e2ce \u00e0 ses propri\u00e9t\u00e9s apaisantes, calme les irritations, en adoucissant la peau, en laissant les cheveux doux et faciles \u00e0 coiffer.<br \/>\n Sa composition \u00e0 base de tensioactifs doux d\u2019origine v\u00e9g\u00e9tale, apaisants, est sp\u00e9cialement destin\u00e9e \u00e0 l\u2019emploi dans la cosm\u00e9tologie du nourisson et du jeune enfant, pour son bas pouvoir moussant.<br \/>\n Ce produit est \u00e9galement recommand\u00e9 pour le traitement des cro\u00fbtes de lait.<\/p>\n<p>Conseils d\u2019utilisation<br \/>\n Appliquer une petite dose de shampooing sur les cheveux mouill\u00e9s. Masser doucement et enfin rincer.<\/p>\n<\/p><\/div>","protected":false},"excerpt":{"rendered":"<p>Highlights:Camomilla BLU shampooing doux et d\u00e9licat \u00e0 la camomille pour les enfants, laisse la peau et les cheveux souples et propres, indiqu\u00e9 \u00e9galement pour le traitement des croutes de lait.gr\u00e2ce \u00e0 sa formule non agressive et son PH isolacrymal, il ne pique pas les yeux.<\/p>","protected":false},"featured_media":10753,"comment_status":"open","ping_status":"closed","template":"","meta":[],"product_cat":[84],"product_tag":[],"yith_product_brand":[142],"class_list":{"0":"post-10698","1":"product","2":"type-product","3":"status-publish","4":"has-post-thumbnail","6":"product_cat-soins-cheveux","7":"yith_product_brand-camomilla-blu","9":"first","10":"instock","11":"sale","12":"shipping-taxable","13":"purchasable","14":"product-type-simple"},"_links":{"self":[{"href":"https:\/\/parapharmacieenligne.ma\/en\/wp-json\/wp\/v2\/product\/10698","targetHints":{"allow":["GET"]}}],"collection":[{"href":"https:\/\/parapharmacieenligne.ma\/en\/wp-json\/wp\/v2\/product"}],"about":[{"href":"https:\/\/parapharmacieenligne.ma\/en\/wp-json\/wp\/v2\/types\/product"}],"replies":[{"embeddable":true,"href":"https:\/\/parapharmacieenligne.ma\/en\/wp-json\/wp\/v2\/comments?post=10698"}],"version-history":[{"count":1,"href":"https:\/\/parapharmacieenligne.ma\/en\/wp-json\/wp\/v2\/product\/10698\/revisions"}],"predecessor-version":[{"id":10754,"href":"https:\/\/parapharmacieenligne.ma\/en\/wp-json\/wp\/v2\/product\/10698\/revisions\/10754"}],"wp:featuredmedia":[{"embeddable":true,"href":"https:\/\/parapharmacieenligne.ma\/en\/wp-json\/wp\/v2\/media\/10753"}],"wp:attachment":[{"href":"https:\/\/parapharmacieenligne.ma\/en\/wp-json\/wp\/v2\/media?parent=10698"}],"wp:term":[{"taxonomy":"product_cat","embeddable":true,"href":"https:\/\/parapharmacieenligne.ma\/en\/wp-json\/wp\/v2\/product_cat?post=10698"},{"taxonomy":"product_tag","embeddable":true,"href":"https:\/\/parapharmacieenligne.ma\/en\/wp-json\/wp\/v2\/product_tag?post=10698"},{"taxonomy":"yith_product_brand","embeddable":true,"href":"https:\/\/parapharmacieenligne.ma\/en\/wp-json\/wp\/v2\/yith_product_brand?post=10698"}],"curies":[{"name":"wp","href":"https:\/\/api.w.org\/{rel}","templated":true}]}}