{"id":10810,"date":"2026-01-27T13:11:28","date_gmt":"2026-01-27T12:11:28","guid":{"rendered":"https:\/\/parapharmacieenligne.ma\/?post_type=product&#038;p=10810"},"modified":"2026-01-27T13:11:41","modified_gmt":"2026-01-27T12:11:41","slug":"swissderma-creme-anti-imperfection-50ml","status":"publish","type":"product","link":"https:\/\/parapharmacieenligne.ma\/en\/product\/swissderma-creme-anti-imperfection-50ml\/","title":{"rendered":"Swissderma Creme Anti-Imperfection 50ml"},"content":{"rendered":"<div aria-labelledby=\"tab-title-description\" class=\"woocommerce-Tabs-panel woocommerce-Tabs-panel--description panel entry-content wc-tab\" id=\"tab-description\" role=\"tabpanel\" style=\"\">\n<h2>Description<\/h2>\n<div class=\"elementor-element elementor-element-17c6a0e9 elementor-widget elementor-widget-heading\" data-element_type=\"widget\" data-id=\"17c6a0e9\" data-widget_type=\"heading.default\">\n<div class=\"elementor-widget-container\">\n<div class=\"elementor-column elementor-col-50 elementor-inner-column elementor-element elementor-element-64377526\" data-element_type=\"column\" data-id=\"64377526\">\n<div class=\"elementor-widget-wrap elementor-element-populated\">\n<div class=\"elementor-element elementor-element-5f6e0105 elementor-widget elementor-widget-heading\" data-element_type=\"widget\" data-id=\"5f6e0105\" data-widget_type=\"heading.default\">\n<div class=\"elementor-widget-container\">\n<h2 class=\"elementor-heading-title elementor-size-default\">Swissderma soin anti-imperfections (anti acn\u00e9) favorise l\u2019\u00e9limination des imperfections (boutons d\u2019acn\u00e9,com\u00e9dons,microkystes et pores dilat\u00e9s),hydrate et matifie.<br \/>\n Sa formule combine diff\u00e9rents principes actifs dont les propri\u00e9t\u00e9s scientifiquement reconnues agissent en synergie sur les peaux normales et les grasses \u00e0 tendance acn\u00e9ique .<\/h2>\n<\/p><\/div>\n<\/p><\/div>\n<div class=\"elementor-element elementor-element-5e6d0b3b elementor-widget elementor-widget-heading\" data-element_type=\"widget\" data-id=\"5e6d0b3b\" data-widget_type=\"heading.default\">\n<div class=\"elementor-widget-container\">\n<h2 class=\"elementor-heading-title elementor-size-default\">principaux actifs :<\/h2>\n<\/p><\/div>\n<\/p><\/div>\n<div class=\"elementor-element elementor-element-38ce5a4c elementor-widget elementor-widget-wd_infobox\" data-element_type=\"widget\" data-id=\"38ce5a4c\" data-widget_type=\"wd_infobox.default\">\n<div class=\"elementor-widget-container\">\n<div class=\"info-box-wrapper\">\n<div class=\"wd-info-box text-left box-icon-align-left box-style-base color-scheme- box-title-large woodmart-info-box cursor-pointer\">\n<div class=\"info-box-content\">\n<h4 class=\"info-box-title title box-title-style-default wd-fontsize-xl\" data-elementor-setting-key=\"title\">La niacinamide(vitamine B3)<\/h4>\n<div class=\"info-box-inner set-cont-mb-s reset-last-child\" data-elementor-setting-key=\"content\">\n<p>La niacinamide(vitamine B3) a des effets anti-d\u00e9mangeaisons,anti-bact\u00e9riens,anti-oxydants,photo-protecteurs,s\u00e9bo-r\u00e9gulateurs et \u00e9claircissants.<\/p>\n<\/p><\/div>\n<\/p><\/div>\n<\/p><\/div>\n<\/p><\/div>\n<\/p><\/div>\n<\/p><\/div>\n<div class=\"elementor-element elementor-element-1315158d elementor-widget elementor-widget-wd_infobox\" data-element_type=\"widget\" data-id=\"1315158d\" data-widget_type=\"wd_infobox.default\">\n<div class=\"elementor-widget-container\">\n<div class=\"info-box-wrapper\">\n<div class=\"wd-info-box text-left box-icon-align-left box-style-base color-scheme- box-title-large woodmart-info-box cursor-pointer\">\n<div class=\"info-box-content\">\n<h4 class=\"info-box-title title box-title-style-default wd-fontsize-xl\" data-elementor-setting-key=\"title\">Le bisabolol<\/h4>\n<div class=\"info-box-inner set-cont-mb-s reset-last-child\" data-elementor-setting-key=\"content\">\n<p>Le bisabolol est dot\u00e9 de propri\u00e9t\u00e9s anti-inflammatoires,calmantes et apaisantes des peaux sensibles.<\/p>\n<\/p><\/div>\n<\/p><\/div>\n<\/p><\/div>\n<\/p><\/div>\n<\/p><\/div>\n<\/p><\/div>\n<div class=\"elementor-element elementor-element-23e26d60 elementor-widget elementor-widget-wd_infobox\" data-element_type=\"widget\" data-id=\"23e26d60\" data-widget_type=\"wd_infobox.default\">\n<div class=\"elementor-widget-container\">\n<div class=\"info-box-wrapper\">\n<div class=\"wd-info-box text-left box-icon-align-left box-style-base color-scheme- box-title-large woodmart-info-box cursor-pointer\">\n<div class=\"info-box-content\">\n<h4 class=\"info-box-title title box-title-style-default wd-fontsize-xl\" data-elementor-setting-key=\"title\">L\u2019acide hydroxyd\u00e9cano\u00efque<\/h4>\n<div class=\"info-box-inner set-cont-mb-s reset-last-child\" data-elementor-setting-key=\"content\">\n<p>L\u2019acide hydroxyd\u00e9cano\u00efque contribue \u00e0 induire la synth\u00e8se du collag\u00e8ne ce qui am\u00e9liore la qualit\u00e9 de la peau, la rend plus souple et r\u00e9duit consid\u00e9rablement les imperfections cutan\u00e9es.<\/p>\n<\/p><\/div>\n<\/p><\/div>\n<\/p><\/div>\n<\/p><\/div>\n<\/p><\/div>\n<\/p><\/div>\n<div class=\"elementor-element elementor-element-449c95a elementor-widget elementor-widget-wd_infobox\" data-element_type=\"widget\" data-id=\"449c95a\" data-widget_type=\"wd_infobox.default\">\n<div class=\"elementor-widget-container\">\n<div class=\"info-box-wrapper\">\n<div class=\"wd-info-box text-left box-icon-align-left box-style-base color-scheme- box-title-large woodmart-info-box cursor-pointer\">\n<div class=\"info-box-content\">\n<h4 class=\"info-box-title title box-title-style-default wd-fontsize-xl\" data-elementor-setting-key=\"title\">Le Gluconate de Zinc<\/h4>\n<div class=\"info-box-inner set-cont-mb-s reset-last-child\" data-elementor-setting-key=\"content\">\n<p>Le Gluconate de Zinc a des propri\u00e9t\u00e9s anti-inflammatoires et anti bact\u00e9rienne qui sont fortement recommand\u00e9es pour les peaux acn\u00e9iques.<\/p>\n<\/p><\/div>\n<\/p><\/div>\n<\/p><\/div>\n<\/p><\/div>\n<\/p><\/div>\n<\/p><\/div>\n<div class=\"elementor-element elementor-element-076a47b elementor-widget elementor-widget-wd_infobox\" data-element_type=\"widget\" data-id=\"076a47b\" data-widget_type=\"wd_infobox.default\">\n<div class=\"elementor-widget-container\">\n<div class=\"info-box-wrapper\">\n<div class=\"wd-info-box text-left box-icon-align-left box-style-base color-scheme- box-title-large woodmart-info-box cursor-pointer\">\n<div class=\"info-box-content\">\n<h4 class=\"info-box-title title box-title-style-default wd-fontsize-xl\" data-elementor-setting-key=\"title\">L\u2019acide salicylique<\/h4>\n<div class=\"info-box-inner set-cont-mb-s reset-last-child\" data-elementor-setting-key=\"content\">\n<p>L\u2019acide salicylique pour l\u2019action antibact\u00e9rienne et s\u00e9bor\u00e9gulatrice.<\/p>\n<\/p><\/div>\n<\/p><\/div>\n<\/p><\/div>\n<\/p><\/div>\n<\/p><\/div>\n<\/p><\/div>\n<div class=\"elementor-element elementor-element-5c30844 elementor-widget elementor-widget-wd_infobox\" data-element_type=\"widget\" data-id=\"5c30844\" data-widget_type=\"wd_infobox.default\">\n<div class=\"elementor-widget-container\">\n<div class=\"info-box-wrapper\">\n<div class=\"wd-info-box text-left box-icon-align-left box-style-base color-scheme- box-title-large woodmart-info-box cursor-pointer\">\n<div class=\"info-box-content\">\n<h4 class=\"info-box-title title box-title-style-default wd-fontsize-xl\" data-elementor-setting-key=\"title\">La caf\u00e9ine<\/h4>\n<div class=\"info-box-inner set-cont-mb-s reset-last-child\" data-elementor-setting-key=\"content\">\n<p>La caf\u00e9ine qui aide \u00e0 \u00e9liminer les rougeurs.<\/p>\n<\/p><\/div>\n<\/p><\/div>\n<\/p><\/div>\n<\/p><\/div>\n<\/p><\/div>\n<\/p><\/div>\n<div class=\"elementor-element elementor-element-e9f19c9 elementor-widget elementor-widget-wd_infobox\" data-element_type=\"widget\" data-id=\"e9f19c9\" data-widget_type=\"wd_infobox.default\">\n<div class=\"elementor-widget-container\">\n<div class=\"info-box-wrapper\">\n<div class=\"wd-info-box text-left box-icon-align-left box-style-base color-scheme- box-title-large woodmart-info-box cursor-pointer\">\n<div class=\"info-box-content\">\n<h4 class=\"info-box-title title box-title-style-default wd-fontsize-xl\" data-elementor-setting-key=\"title\">l\u2019huile de curcuma<\/h4>\n<div class=\"info-box-inner set-cont-mb-s reset-last-child\" data-elementor-setting-key=\"content\">\n<p>l\u2019huile de curcuma qui a une action cicatrisante et anti inflammatoire .<\/p>\n<\/p><\/div>\n<\/p><\/div>\n<\/p><\/div>\n<\/p><\/div>\n<\/p><\/div>\n<\/p><\/div>\n<div class=\"elementor-element elementor-element-29d089a elementor-widget elementor-widget-wd_infobox\" data-element_type=\"widget\" data-id=\"29d089a\" data-widget_type=\"wd_infobox.default\">\n<div class=\"elementor-widget-container\">\n<div class=\"info-box-wrapper\">\n<div class=\"wd-info-box text-left box-icon-align-left box-style-base color-scheme- box-title-large woodmart-info-box cursor-pointer\">\n<div class=\"info-box-content\">\n<h4 class=\"info-box-title title box-title-style-default wd-fontsize-xl\" data-elementor-setting-key=\"title\">L\u2019ur\u00e9e<\/h4>\n<div class=\"info-box-inner set-cont-mb-s reset-last-child\" data-elementor-setting-key=\"content\">\n<p>L\u2019ur\u00e9e pour son action hydratante.<\/p>\n<\/p><\/div>\n<\/p><\/div>\n<\/p><\/div>\n<\/p><\/div>\n<\/p><\/div>\n<\/p><\/div>\n<div class=\"elementor-element elementor-element-24de343 elementor-widget elementor-widget-wd_infobox\" data-element_type=\"widget\" data-id=\"24de343\" data-widget_type=\"wd_infobox.default\">\n<div class=\"elementor-widget-container\">\n<div class=\"info-box-wrapper\">\n<div class=\"wd-info-box text-left box-icon-align-left box-style-base color-scheme- box-title-large woodmart-info-box cursor-pointer\">\n<div class=\"info-box-content\">\n<h4 class=\"info-box-title title box-title-style-default wd-fontsize-xl\" data-elementor-setting-key=\"title\">La r\u00e9glisse<\/h4>\n<div class=\"info-box-inner set-cont-mb-s reset-last-child\" data-elementor-setting-key=\"content\">\n<p>La r\u00e9glisse a des propri\u00e9t\u00e9s anti-inflammatoires,apaise les irritations,favorise la cicatrisation,capte les radicaux libres (anti-radicalaire).On la retrouve donc dans les soins pour les peaux r\u00e9actives,sensibles et irrit\u00e9es.<\/p>\n<\/p><\/div>\n<\/p><\/div>\n<\/p><\/div>\n<\/p><\/div>\n<\/p><\/div>\n<\/p><\/div>\n<div class=\"elementor-element elementor-element-bda974e elementor-widget elementor-widget-wd_infobox\" data-element_type=\"widget\" data-id=\"bda974e\" data-widget_type=\"wd_infobox.default\">\n<div class=\"elementor-widget-container\">\n<div class=\"info-box-wrapper\">\n<div class=\"wd-info-box text-left box-icon-align-left box-style-base color-scheme- box-title-large woodmart-info-box cursor-pointer\">\n<div class=\"info-box-content\">\n<h4 class=\"info-box-title title box-title-style-default wd-fontsize-xl\" data-elementor-setting-key=\"title\">L\u2019Huile de cannelle<\/h4>\n<div class=\"info-box-inner set-cont-mb-s reset-last-child\" data-elementor-setting-key=\"content\">\n<p>L\u2019Huile de cannelle favorise un nettoyage en profondeur de la peau et aide \u00e0 faire dispara\u00eetre l\u2019acn\u00e9 tout en favorisant la cicatrisation des boutons.<\/p>\n<\/p><\/div>\n<\/p><\/div>\n<\/p><\/div>\n<\/p><\/div>\n<\/p><\/div>\n<\/p><\/div>\n<div class=\"elementor-element elementor-element-72b02b4 elementor-widget elementor-widget-wd_infobox\" data-element_type=\"widget\" data-id=\"72b02b4\" data-widget_type=\"wd_infobox.default\">\n<div class=\"elementor-widget-container\">\n<div class=\"info-box-wrapper\">\n<div class=\"wd-info-box text-left box-icon-align-left box-style-base color-scheme- box-title-large woodmart-info-box cursor-pointer\">\n<div class=\"info-box-content\">\n<h4 class=\"info-box-title title box-title-style-default wd-fontsize-xl\" data-elementor-setting-key=\"title\">L\u2019huile de Gingembre<\/h4>\n<div class=\"info-box-inner set-cont-mb-s reset-last-child\" data-elementor-setting-key=\"content\">\n<p>L\u2019huile de Gingembre r\u00e9put\u00e9 pour son action s\u00e9bor\u00e9gulatrice,anti-inflammatoire et antiseptique capable d\u2019\u00e9liminer la bact\u00e9rie responsable de l\u2019acn\u00e9,d\u2019att\u00e9nuer les cicatrices et de nettoyer la peau en profondeur en d\u00e9bouchant les pores et en retirant la peau morte.<\/p>\n<\/p><\/div>\n<\/p><\/div>\n<\/p><\/div>\n<\/p><\/div>\n<\/p><\/div>\n<\/p><\/div>\n<div class=\"elementor-element elementor-element-14597602 elementor-widget elementor-widget-heading\" data-element_type=\"widget\" data-id=\"14597602\" data-widget_type=\"heading.default\">\n<div class=\"elementor-widget-container\">\n<h2 class=\"elementor-heading-title elementor-size-default\">Mode d\u2019application :<\/h2>\n<\/p><\/div>\n<\/p><\/div>\n<div class=\"elementor-element elementor-element-48268a5d elementor-widget elementor-widget-heading\" data-element_type=\"widget\" data-id=\"48268a5d\" data-widget_type=\"heading.default\">\n<div class=\"elementor-widget-container\">\n<h2 class=\"elementor-heading-title elementor-size-default\">Swissderma soin anti-imperfection peut \u00eatre utilis\u00e9 en monoth\u00e9rapie ou en compl\u00e9ment des traitements contre l\u2019acn\u00e9 . Appliquer le matin et\/ou soir sur une peau pr\u00e9alablement nettoy\u00e9e.<\/h2>\n<\/p><\/div>\n<\/p><\/div>\n<\/p><\/div>\n<\/p><\/div>\n<div class=\"elementor-column elementor-col-50 elementor-inner-column elementor-element elementor-element-75e435e6\" data-element_type=\"column\" data-id=\"75e435e6\">\n<div class=\"elementor-widget-wrap elementor-element-populated\">\n<div class=\"elementor-element elementor-element-7d836f4f elementor-widget elementor-widget-image\" data-element_type=\"widget\" data-id=\"7d836f4f\" data-widget_type=\"image.default\"><\/div>\n<\/p><\/div>\n<\/p><\/div>\n<\/p><\/div>\n<\/p><\/div>\n<\/p><\/div>","protected":false},"excerpt":{"rendered":"<p>Highlights:Swissderma soin anti-imperfections \u00e9claircissants est un traitement quotidien pour les peaux normales \u00e0 mixtes et les peaux grasses \u00e0 tendance acn\u00e9ique , lutte contre les boutons inflammatoires , com\u00e9dons , microkystes et pores dilat\u00e9s .Matifie et hydrate .<\/p>","protected":false},"featured_media":10823,"comment_status":"open","ping_status":"closed","template":"","meta":[],"product_cat":[83],"product_tag":[],"yith_product_brand":[143],"class_list":{"0":"post-10810","1":"product","2":"type-product","3":"status-publish","4":"has-post-thumbnail","6":"product_cat-soins-visage","7":"yith_product_brand-swissderma","9":"first","10":"instock","11":"sale","12":"shipping-taxable","13":"purchasable","14":"product-type-simple"},"_links":{"self":[{"href":"https:\/\/parapharmacieenligne.ma\/en\/wp-json\/wp\/v2\/product\/10810","targetHints":{"allow":["GET"]}}],"collection":[{"href":"https:\/\/parapharmacieenligne.ma\/en\/wp-json\/wp\/v2\/product"}],"about":[{"href":"https:\/\/parapharmacieenligne.ma\/en\/wp-json\/wp\/v2\/types\/product"}],"replies":[{"embeddable":true,"href":"https:\/\/parapharmacieenligne.ma\/en\/wp-json\/wp\/v2\/comments?post=10810"}],"version-history":[{"count":1,"href":"https:\/\/parapharmacieenligne.ma\/en\/wp-json\/wp\/v2\/product\/10810\/revisions"}],"predecessor-version":[{"id":10824,"href":"https:\/\/parapharmacieenligne.ma\/en\/wp-json\/wp\/v2\/product\/10810\/revisions\/10824"}],"wp:featuredmedia":[{"embeddable":true,"href":"https:\/\/parapharmacieenligne.ma\/en\/wp-json\/wp\/v2\/media\/10823"}],"wp:attachment":[{"href":"https:\/\/parapharmacieenligne.ma\/en\/wp-json\/wp\/v2\/media?parent=10810"}],"wp:term":[{"taxonomy":"product_cat","embeddable":true,"href":"https:\/\/parapharmacieenligne.ma\/en\/wp-json\/wp\/v2\/product_cat?post=10810"},{"taxonomy":"product_tag","embeddable":true,"href":"https:\/\/parapharmacieenligne.ma\/en\/wp-json\/wp\/v2\/product_tag?post=10810"},{"taxonomy":"yith_product_brand","embeddable":true,"href":"https:\/\/parapharmacieenligne.ma\/en\/wp-json\/wp\/v2\/yith_product_brand?post=10810"}],"curies":[{"name":"wp","href":"https:\/\/api.w.org\/{rel}","templated":true}]}}