{"id":10873,"date":"2026-01-27T13:17:34","date_gmt":"2026-01-27T12:17:34","guid":{"rendered":"https:\/\/parapharmacieenligne.ma\/?post_type=product&#038;p=10873"},"modified":"2026-01-27T13:18:37","modified_gmt":"2026-01-27T12:18:37","slug":"martiderm-pigment-zero-dsp-bright-30amp2ml","status":"publish","type":"product","link":"https:\/\/parapharmacieenligne.ma\/en\/product\/martiderm-pigment-zero-dsp-bright-30amp2ml\/","title":{"rendered":"Martiderm Pigment Zero Dsp Bright 30amp*2ml"},"content":{"rendered":"<div aria-labelledby=\"tab-title-description\" class=\"woocommerce-Tabs-panel woocommerce-Tabs-panel--description panel entry-content wc-tab\" id=\"tab-description\" role=\"tabpanel\" style=\"\">\n<h2>Description<\/h2>\n<p>Ampoule d\u00e9pigmentante qui unifie le teint et donne de l\u2019\u00e9clat \u00e0 la peau. Formule \u00e0 base d\u2019acide tranexamique pour traiter et pr\u00e9venir les taches.<\/p>\n<\/p>\n<div class=\"f16 fBold mb-2\">TEST\u00c9 DERMATOLOGIQUEMENT ET TEST\u00c9 SOUS CONTR\u00d4LE OPHTALMOLOGIQUE<\/div>\n<div class=\"f13 fBold mb-1\">\n<p>* \u00c9tude pr\u00e9clinique<em> in vitro,<\/em> quantification de la m\u00e9lanine apr\u00e8s traitement et stimulation UVA. Bionos.<\/p>\n<p>** \u00c9tude clinique<em> in vivo<\/em> sur 50 femmes de 20 \u00e0 65 ans, peaux caucasiennes, latines et asiatiques. Mesure \u00e0 l\u2019aide de Mexameter\u00ae MX18 apr\u00e8s 60 jours d\u2019utilisation. Zurko Bioresearch.<\/p>\n<p>*** Test d\u2019utilisation sous contr\u00f4le dermatologique chez 50 femmes de 20 \u00e0 65 ans. \u00c9valuation apr\u00e8s 60 jours d\u2019utilisation. Zurko Bioresearch.<\/p>\n<\/p><\/div>\n<\/p><\/div>","protected":false},"excerpt":{"rendered":"<p>Highlights:Ampoule d\u00e9pigmentante qui unifie le teint et donne de l\u2019\u00e9clat \u00e0 la peau. Formule \u00e0 base d\u2019acide tranexamique pour traiter et pr\u00e9venir les taches.<\/p>","protected":false},"featured_media":10907,"comment_status":"open","ping_status":"closed","template":"","meta":[],"product_cat":[83],"product_tag":[],"yith_product_brand":[145],"class_list":{"0":"post-10873","1":"product","2":"type-product","3":"status-publish","4":"has-post-thumbnail","6":"product_cat-soins-visage","7":"yith_product_brand-martiderm","9":"first","10":"instock","11":"sale","12":"shipping-taxable","13":"purchasable","14":"product-type-simple"},"_links":{"self":[{"href":"https:\/\/parapharmacieenligne.ma\/en\/wp-json\/wp\/v2\/product\/10873","targetHints":{"allow":["GET"]}}],"collection":[{"href":"https:\/\/parapharmacieenligne.ma\/en\/wp-json\/wp\/v2\/product"}],"about":[{"href":"https:\/\/parapharmacieenligne.ma\/en\/wp-json\/wp\/v2\/types\/product"}],"replies":[{"embeddable":true,"href":"https:\/\/parapharmacieenligne.ma\/en\/wp-json\/wp\/v2\/comments?post=10873"}],"version-history":[{"count":1,"href":"https:\/\/parapharmacieenligne.ma\/en\/wp-json\/wp\/v2\/product\/10873\/revisions"}],"predecessor-version":[{"id":10908,"href":"https:\/\/parapharmacieenligne.ma\/en\/wp-json\/wp\/v2\/product\/10873\/revisions\/10908"}],"wp:featuredmedia":[{"embeddable":true,"href":"https:\/\/parapharmacieenligne.ma\/en\/wp-json\/wp\/v2\/media\/10907"}],"wp:attachment":[{"href":"https:\/\/parapharmacieenligne.ma\/en\/wp-json\/wp\/v2\/media?parent=10873"}],"wp:term":[{"taxonomy":"product_cat","embeddable":true,"href":"https:\/\/parapharmacieenligne.ma\/en\/wp-json\/wp\/v2\/product_cat?post=10873"},{"taxonomy":"product_tag","embeddable":true,"href":"https:\/\/parapharmacieenligne.ma\/en\/wp-json\/wp\/v2\/product_tag?post=10873"},{"taxonomy":"yith_product_brand","embeddable":true,"href":"https:\/\/parapharmacieenligne.ma\/en\/wp-json\/wp\/v2\/yith_product_brand?post=10873"}],"curies":[{"name":"wp","href":"https:\/\/api.w.org\/{rel}","templated":true}]}}