{"id":10875,"date":"2026-01-27T13:17:35","date_gmt":"2026-01-27T12:17:35","guid":{"rendered":"https:\/\/parapharmacieenligne.ma\/?post_type=product&#038;p=10875"},"modified":"2026-01-27T13:18:57","modified_gmt":"2026-01-27T12:18:57","slug":"martiderm-pigment-zero-dsp-creme-renovation-40ml","status":"publish","type":"product","link":"https:\/\/parapharmacieenligne.ma\/en\/product\/martiderm-pigment-zero-dsp-creme-renovation-40ml\/","title":{"rendered":"Martiderm Pigment Zero Dsp Creme Renovation 40ml"},"content":{"rendered":"<div aria-labelledby=\"tab-title-description\" class=\"woocommerce-Tabs-panel woocommerce-Tabs-panel--description panel entry-content wc-tab\" id=\"tab-description\" role=\"tabpanel\" style=\"\">\n<h2>Description<\/h2>\n<div class=\"mb-5 f16\">\n<p>Contient des actifs d\u00e9pigmentants qui agissent sur les taches. Avec des AHA d\u2019origine naturelle qui favorisent le renouvellement cellulaire.<\/p>\n<\/p><\/div>\n<div class=\"f16 fBold mb-2\">TEST\u00c9 DERMATOLOGIQUEMENT<\/div>\n<div class=\"f13 fBold mb-1\">\n<p>** \u00c9tude clinique <em>in vivo<\/em> sur 20 femmes de 42 \u00e0 69 ans. Mesure \u00e0 l\u2019aide de Mexameter\u00ae MX18 apr\u00e8s 56 jours d\u2019utilisation combin\u00e9e avec DSP-S\u00c9RUM ILLUMINATEUR et DSP-CR\u00c8ME FPS 50 . Eurofins EVIC.<\/p>\n<p>*** Test d\u2019utilisation sous contr\u00f4le dermatologique chez 20 femmes de 42 \u00e0 69 ans. \u00c9valuation apr\u00e8s 56 jours d\u2019utilisation combin\u00e9e avec DSP-S\u00c9RUM ILLUMINATEUR et DSP-CR\u00c8ME FPS 50 . Eurofins EVIC.<\/p>\n<\/p><\/div>\n<\/p><\/div>","protected":false},"excerpt":{"rendered":"<p>Highlights:Contient des actifs d\u00e9pigmentants qui agissent sur les taches. Avec des AHA d\u2019origine naturelle qui favorisent le renouvellement cellulaire.<\/p>","protected":false},"featured_media":10911,"comment_status":"open","ping_status":"closed","template":"","meta":[],"product_cat":[83],"product_tag":[],"yith_product_brand":[145],"class_list":{"0":"post-10875","1":"product","2":"type-product","3":"status-publish","4":"has-post-thumbnail","6":"product_cat-soins-visage","7":"yith_product_brand-martiderm","9":"first","10":"instock","11":"sale","12":"shipping-taxable","13":"purchasable","14":"product-type-simple"},"_links":{"self":[{"href":"https:\/\/parapharmacieenligne.ma\/en\/wp-json\/wp\/v2\/product\/10875","targetHints":{"allow":["GET"]}}],"collection":[{"href":"https:\/\/parapharmacieenligne.ma\/en\/wp-json\/wp\/v2\/product"}],"about":[{"href":"https:\/\/parapharmacieenligne.ma\/en\/wp-json\/wp\/v2\/types\/product"}],"replies":[{"embeddable":true,"href":"https:\/\/parapharmacieenligne.ma\/en\/wp-json\/wp\/v2\/comments?post=10875"}],"version-history":[{"count":1,"href":"https:\/\/parapharmacieenligne.ma\/en\/wp-json\/wp\/v2\/product\/10875\/revisions"}],"predecessor-version":[{"id":10912,"href":"https:\/\/parapharmacieenligne.ma\/en\/wp-json\/wp\/v2\/product\/10875\/revisions\/10912"}],"wp:featuredmedia":[{"embeddable":true,"href":"https:\/\/parapharmacieenligne.ma\/en\/wp-json\/wp\/v2\/media\/10911"}],"wp:attachment":[{"href":"https:\/\/parapharmacieenligne.ma\/en\/wp-json\/wp\/v2\/media?parent=10875"}],"wp:term":[{"taxonomy":"product_cat","embeddable":true,"href":"https:\/\/parapharmacieenligne.ma\/en\/wp-json\/wp\/v2\/product_cat?post=10875"},{"taxonomy":"product_tag","embeddable":true,"href":"https:\/\/parapharmacieenligne.ma\/en\/wp-json\/wp\/v2\/product_tag?post=10875"},{"taxonomy":"yith_product_brand","embeddable":true,"href":"https:\/\/parapharmacieenligne.ma\/en\/wp-json\/wp\/v2\/yith_product_brand?post=10875"}],"curies":[{"name":"wp","href":"https:\/\/api.w.org\/{rel}","templated":true}]}}