{"id":10877,"date":"2026-01-27T13:17:37","date_gmt":"2026-01-27T12:17:37","guid":{"rendered":"https:\/\/parapharmacieenligne.ma\/?post_type=product&#038;p=10877"},"modified":"2026-01-27T13:19:06","modified_gmt":"2026-01-27T12:19:06","slug":"martiderm-pigment-zero-dsp-masck-30ml","status":"publish","type":"product","link":"https:\/\/parapharmacieenligne.ma\/en\/product\/martiderm-pigment-zero-dsp-masck-30ml\/","title":{"rendered":"Martiderm Pigment zero dsp Masck 30ml"},"content":{"rendered":"<div aria-labelledby=\"tab-title-description\" class=\"woocommerce-Tabs-panel woocommerce-Tabs-panel--description panel entry-content wc-tab\" id=\"tab-description\" role=\"tabpanel\" style=\"\">\n<h2>Description<\/h2>\n<div>Masque occlusif \u00e0 effet d\u00e9pigmentant intense formul\u00e9 avec une concentration \u00e9lev\u00e9e en actifs.<\/div>\n<div><\/div>\n<div><\/div>\n<div class=\"f16 fBold mb-2\">TEST\u00c9 DERMATOLOGIQUEMENT<\/div>\n<div class=\"f13 fBold mb-1\">\n<p>** \u00c9tude clinique <em>in vivo<\/em> sur 14 femmes de 41 \u00e0 68 ans. Mesure \u00e0 l\u2019aide de Mexameter\u00ae MX18 apr\u00e8s 56 jours d\u2019utilisation combin\u00e9e avec DSP-COVER et DSP-CR\u00c8ME FPS 50 . Eurofins EVIC.<\/p>\n<p>*** Test d\u2019utilisation sous contr\u00f4le dermatologique chez 14 femmes de 41 \u00e0 68 ans. \u00c9valuation apr\u00e8s 56 jours d\u2019utilisation combin\u00e9e avec DSP-COVER et DSP-CR\u00c8ME FPS 50 . Eurofins EVIC.<\/p>\n<\/p><\/div>\n<\/p><\/div>","protected":false},"excerpt":{"rendered":"<p>Highlights:Masque occlusif \u00e0 effet d\u00e9pigmentant intense formul\u00e9 avec une concentration \u00e9lev\u00e9e en actifs.<\/p>","protected":false},"featured_media":10915,"comment_status":"open","ping_status":"closed","template":"","meta":[],"product_cat":[83],"product_tag":[],"yith_product_brand":[145],"class_list":{"0":"post-10877","1":"product","2":"type-product","3":"status-publish","4":"has-post-thumbnail","6":"product_cat-soins-visage","7":"yith_product_brand-martiderm","9":"first","10":"instock","11":"sale","12":"shipping-taxable","13":"purchasable","14":"product-type-simple"},"_links":{"self":[{"href":"https:\/\/parapharmacieenligne.ma\/en\/wp-json\/wp\/v2\/product\/10877","targetHints":{"allow":["GET"]}}],"collection":[{"href":"https:\/\/parapharmacieenligne.ma\/en\/wp-json\/wp\/v2\/product"}],"about":[{"href":"https:\/\/parapharmacieenligne.ma\/en\/wp-json\/wp\/v2\/types\/product"}],"replies":[{"embeddable":true,"href":"https:\/\/parapharmacieenligne.ma\/en\/wp-json\/wp\/v2\/comments?post=10877"}],"version-history":[{"count":1,"href":"https:\/\/parapharmacieenligne.ma\/en\/wp-json\/wp\/v2\/product\/10877\/revisions"}],"predecessor-version":[{"id":10916,"href":"https:\/\/parapharmacieenligne.ma\/en\/wp-json\/wp\/v2\/product\/10877\/revisions\/10916"}],"wp:featuredmedia":[{"embeddable":true,"href":"https:\/\/parapharmacieenligne.ma\/en\/wp-json\/wp\/v2\/media\/10915"}],"wp:attachment":[{"href":"https:\/\/parapharmacieenligne.ma\/en\/wp-json\/wp\/v2\/media?parent=10877"}],"wp:term":[{"taxonomy":"product_cat","embeddable":true,"href":"https:\/\/parapharmacieenligne.ma\/en\/wp-json\/wp\/v2\/product_cat?post=10877"},{"taxonomy":"product_tag","embeddable":true,"href":"https:\/\/parapharmacieenligne.ma\/en\/wp-json\/wp\/v2\/product_tag?post=10877"},{"taxonomy":"yith_product_brand","embeddable":true,"href":"https:\/\/parapharmacieenligne.ma\/en\/wp-json\/wp\/v2\/yith_product_brand?post=10877"}],"curies":[{"name":"wp","href":"https:\/\/api.w.org\/{rel}","templated":true}]}}