{"id":10886,"date":"2026-01-27T13:17:42","date_gmt":"2026-01-27T12:17:42","guid":{"rendered":"https:\/\/parapharmacieenligne.ma\/?post_type=product&#038;p=10886"},"modified":"2026-01-27T13:20:04","modified_gmt":"2026-01-27T12:20:04","slug":"martiderm-platinum-baume-lips-4-5-ml","status":"publish","type":"product","link":"https:\/\/parapharmacieenligne.ma\/en\/product\/martiderm-platinum-baume-lips-4-5-ml\/","title":{"rendered":"Martiderm platinum baume lips 4.5 ml"},"content":{"rendered":"<div aria-labelledby=\"tab-title-description\" class=\"woocommerce-Tabs-panel woocommerce-Tabs-panel--description panel entry-content wc-tab\" id=\"tab-description\" role=\"tabpanel\" style=\"\">\n<h2>Description<\/h2>\n<h3 class=\"tabs-title\">Description<\/h3>\n<div class=\"std new-std\">\n<p>MARTIDERM<br \/>\n Platinum<br \/>\n Lip Supr\u00eame Balm<br \/>\n Stick l\u00e8vres<br \/>\n 4.5ml<\/p>\n<p>Le <strong>soin pour les l\u00e8vres<\/strong> Lip Supreme Balm des laboratoires Martiderm <strong>repulpe<\/strong> et <strong>redessine<\/strong> vos <strong>l\u00e8vres<\/strong>, tout en ravivant leur brillance naturelle. Il laisse une sensation de fra\u00eecheur agr\u00e9able. Il permet de lutter contre l\u2019<strong>affinement<\/strong> de vos <strong>l\u00e8vres<\/strong>, tout en les<strong> lissant<\/strong> et en les <strong>hydratant<\/strong>.<\/p>\n<h3 class=\"tabs-title\">Conseils d\u2019utilisation<\/h3>\n<div class=\"std new-std\">\n<p>Tournez la base du r\u00e9cipient et attendre qu\u2019une petite quantit\u00e9 de <strong>baume<\/strong> apparaisse dans la t\u00eate de l\u2019applicateur. Appliquez abondamment sur les <strong>l\u00e8vres<\/strong> d\u00e8s que n\u00e9cessaire.<\/p>\n<h3 class=\"tabs-title\">Composition<\/h3>\n<div class=\"std new-std\">\n<p>Formule INCI : Hydrogenated Castor Oil\/Sebacic Acid Copolymer, Hydrogenated Polyisobutene, Polybutene, Squalane, Phenyl Trimethicone, Glycine Soja (Soybean) Protein, Isododecane, Olea Europaea (Olive) Fruit Oil, Isohexadecane, Ethylene\/Propylene\/Styrene Copolymer, Butylene\/Ethylene\/Styrene Copolymer, Menthyl Ethylamido Oxalate, Calcium Sodium Borosilicate, Propylene Carbonate, Portulaca Pilosa Extract, Olea Europaea (Olive) Fruit Extract, CI 75470 (Carmine), Tripeptide-1, Palmitoyl Tripeptide-38, Sodium Hyaluronate, Olea Europaea (Olive) Leaf Extract, Cetearyl Ethylhexanoate, Disteardimonium Hectorite, CI 77891 (Titanium Dioxide), Sorbitan Isostearate, Xanthan Gum, Aqua (Water), BHT, Tin Oxide, Alcohol, Sucrose Cocoate, Phenoxyethanol<\/p>\n<\/p><\/div>\n<div class=\"std new-std\">\n<\/p><\/div>\n<\/p><\/div>\n<\/p><\/div>\n<\/p><\/div>","protected":false},"excerpt":{"rendered":"<p>Highlights:Lip Supreme Balmest le nouveau soin pour les l\u00e8vres de la gamme Platinum, qui comble, red\u00e9finit et repulpe vos l\u00e8vres, leur procurant une brillance naturelle et une agr\u00e9able sensation de fra\u00eecheur. Gr\u00e2ce \u00e0 ses ingr\u00e9dients novateurs, il lutte contre l\u2019affinement des l\u00e8vres et les hydrate iinstantan\u00e9ment les laissant lisses et d\u00e9finies.<\/p>","protected":false},"featured_media":10933,"comment_status":"open","ping_status":"closed","template":"","meta":[],"product_cat":[83],"product_tag":[],"yith_product_brand":[145],"class_list":{"0":"post-10886","1":"product","2":"type-product","3":"status-publish","4":"has-post-thumbnail","6":"product_cat-soins-visage","7":"yith_product_brand-martiderm","9":"first","10":"instock","11":"sale","12":"shipping-taxable","13":"purchasable","14":"product-type-simple"},"_links":{"self":[{"href":"https:\/\/parapharmacieenligne.ma\/en\/wp-json\/wp\/v2\/product\/10886","targetHints":{"allow":["GET"]}}],"collection":[{"href":"https:\/\/parapharmacieenligne.ma\/en\/wp-json\/wp\/v2\/product"}],"about":[{"href":"https:\/\/parapharmacieenligne.ma\/en\/wp-json\/wp\/v2\/types\/product"}],"replies":[{"embeddable":true,"href":"https:\/\/parapharmacieenligne.ma\/en\/wp-json\/wp\/v2\/comments?post=10886"}],"version-history":[{"count":1,"href":"https:\/\/parapharmacieenligne.ma\/en\/wp-json\/wp\/v2\/product\/10886\/revisions"}],"predecessor-version":[{"id":10934,"href":"https:\/\/parapharmacieenligne.ma\/en\/wp-json\/wp\/v2\/product\/10886\/revisions\/10934"}],"wp:featuredmedia":[{"embeddable":true,"href":"https:\/\/parapharmacieenligne.ma\/en\/wp-json\/wp\/v2\/media\/10933"}],"wp:attachment":[{"href":"https:\/\/parapharmacieenligne.ma\/en\/wp-json\/wp\/v2\/media?parent=10886"}],"wp:term":[{"taxonomy":"product_cat","embeddable":true,"href":"https:\/\/parapharmacieenligne.ma\/en\/wp-json\/wp\/v2\/product_cat?post=10886"},{"taxonomy":"product_tag","embeddable":true,"href":"https:\/\/parapharmacieenligne.ma\/en\/wp-json\/wp\/v2\/product_tag?post=10886"},{"taxonomy":"yith_product_brand","embeddable":true,"href":"https:\/\/parapharmacieenligne.ma\/en\/wp-json\/wp\/v2\/yith_product_brand?post=10886"}],"curies":[{"name":"wp","href":"https:\/\/api.w.org\/{rel}","templated":true}]}}