{"id":10976,"date":"2026-01-27T13:24:12","date_gmt":"2026-01-27T12:24:12","guid":{"rendered":"https:\/\/parapharmacieenligne.ma\/?post_type=product&#038;p=10976"},"modified":"2026-01-27T13:24:41","modified_gmt":"2026-01-27T12:24:41","slug":"luxeol-shampoing-pousse-200ml","status":"publish","type":"product","link":"https:\/\/parapharmacieenligne.ma\/en\/product\/luxeol-shampoing-pousse-200ml\/","title":{"rendered":"Luxeol shampoing POUSSE 200ml"},"content":{"rendered":"<div aria-labelledby=\"tab-title-description\" class=\"woocommerce-Tabs-panel woocommerce-Tabs-panel--description panel entry-content wc-tab\" id=\"tab-description\" role=\"tabpanel\" style=\"\">\n<h2>Description<\/h2>\n<p>Ce <strong>shampooing Lux\u00e9ol<\/strong> peut \u00eatre conseill\u00e9 lorsque les cheveux sont <strong>d\u00e9vitalis\u00e9s, ternes, cassants<\/strong>. Il convient aussi en cas de cheveux fragilis\u00e9s par les \u00e9l\u00e9ments ext\u00e9rieurs (vent, froid, pollution, soleil), les traitements agressifs tels que la chaleur, les colorations, les produits coiffants. Enfin, c\u2019est un shampooing qui peut intervenir en association avec un compl\u00e9ment alimentaire, quand les cheveux ne recoivent pas suffisamment de nutriments essentiels pour \u00eatre en pleine forme. L\u2019objectif du <strong>shampooing Pousse Lux\u00e9ol<\/strong> est de <strong>booster la croissance des cheveux<\/strong> et d\u2019augmenter leur densit\u00e9. Ainsi, il promet 6561 cheveux en phase de croissance. Sa formule contient des actifs d\u2019origine naturelle, notamment des extraits de plantes. Tout d\u2019abord, on retrouve de l\u2019extrait d\u2019Acacia concinna, plus connu sous le nom de <strong>Shikaka\u00ef<\/strong>. Cette plante ayurv\u00e9dique est traditionnellement utilis\u00e9e pour le nettoyage doux des cheveux. Elle poss\u00e8de des propri\u00e9t\u00e9s nourrissantes, hydratantes, adoucissantes, et contribue \u00e0 faire briller les cheveux. Ensuite, ce shampooing contient de l\u2019extrait de Dattier du d\u00e9sert, qui vient hydrater, renforcer et <strong>r\u00e9parer les cheveux<\/strong>. La biotine (vitamine B8) est un nutriment indispensable \u00e0 la sant\u00e9 des cheveux : elle favorise la croissance et la force. Enfin, la glyc\u00e9rine et l\u2019acide hyaluronique limitent la d\u00e9shydratation.<\/p>\n<\/p><\/div>","protected":false},"excerpt":{"rendered":"<p>Highlights:Facile \u00e0 appliquer, le shampooing Pousse de Lux\u00e9ol nettoie et redensifie la chevelure sans l\u2019alourdir. Au fil des utilisations dans une routine globale, il redonne douceur, brillance et volume aux cheveux.<\/p>","protected":false},"featured_media":11011,"comment_status":"open","ping_status":"closed","template":"","meta":[],"product_cat":[84],"product_tag":[],"yith_product_brand":[147],"class_list":{"0":"post-10976","1":"product","2":"type-product","3":"status-publish","4":"has-post-thumbnail","6":"product_cat-soins-cheveux","7":"yith_product_brand-luxeol","9":"first","10":"instock","11":"sale","12":"shipping-taxable","13":"purchasable","14":"product-type-simple"},"_links":{"self":[{"href":"https:\/\/parapharmacieenligne.ma\/en\/wp-json\/wp\/v2\/product\/10976","targetHints":{"allow":["GET"]}}],"collection":[{"href":"https:\/\/parapharmacieenligne.ma\/en\/wp-json\/wp\/v2\/product"}],"about":[{"href":"https:\/\/parapharmacieenligne.ma\/en\/wp-json\/wp\/v2\/types\/product"}],"replies":[{"embeddable":true,"href":"https:\/\/parapharmacieenligne.ma\/en\/wp-json\/wp\/v2\/comments?post=10976"}],"version-history":[{"count":1,"href":"https:\/\/parapharmacieenligne.ma\/en\/wp-json\/wp\/v2\/product\/10976\/revisions"}],"predecessor-version":[{"id":11012,"href":"https:\/\/parapharmacieenligne.ma\/en\/wp-json\/wp\/v2\/product\/10976\/revisions\/11012"}],"wp:featuredmedia":[{"embeddable":true,"href":"https:\/\/parapharmacieenligne.ma\/en\/wp-json\/wp\/v2\/media\/11011"}],"wp:attachment":[{"href":"https:\/\/parapharmacieenligne.ma\/en\/wp-json\/wp\/v2\/media?parent=10976"}],"wp:term":[{"taxonomy":"product_cat","embeddable":true,"href":"https:\/\/parapharmacieenligne.ma\/en\/wp-json\/wp\/v2\/product_cat?post=10976"},{"taxonomy":"product_tag","embeddable":true,"href":"https:\/\/parapharmacieenligne.ma\/en\/wp-json\/wp\/v2\/product_tag?post=10976"},{"taxonomy":"yith_product_brand","embeddable":true,"href":"https:\/\/parapharmacieenligne.ma\/en\/wp-json\/wp\/v2\/yith_product_brand?post=10976"}],"curies":[{"name":"wp","href":"https:\/\/api.w.org\/{rel}","templated":true}]}}