{"id":10980,"date":"2026-01-27T13:24:13","date_gmt":"2026-01-27T12:24:13","guid":{"rendered":"https:\/\/parapharmacieenligne.ma\/?post_type=product&#038;p=10980"},"modified":"2026-01-27T13:25:05","modified_gmt":"2026-01-27T12:25:05","slug":"luxeol-shamp-nutrition-cheveux-secs-200ml","status":"publish","type":"product","link":"https:\/\/parapharmacieenligne.ma\/en\/product\/luxeol-shamp-nutrition-cheveux-secs-200ml\/","title":{"rendered":"Luxeol Shamp Nutrition Cheveux Secs 200ml"},"content":{"rendered":"<div aria-labelledby=\"tab-title-description\" class=\"woocommerce-Tabs-panel woocommerce-Tabs-panel--description panel entry-content wc-tab\" id=\"tab-description\" role=\"tabpanel\" style=\"\">\n<h2>Description<\/h2>\n<div id=\"content-wrapper\">\n<section id=\"main\">\n<div class=\"tabs style_0\">\n<div class=\"tab-content\">\n<div class=\"tab-pane fade in active\" id=\"description\" role=\"tabpanel\">\n<div class=\"product-description\">\n<p>Le Shampooing Nutrition est sp\u00e9cialement adapt\u00e9 aux cheveux secs, tr\u00e8s secs, fris\u00e9s, cr\u00e9pus et d\u00e9fris\u00e9s. Il nettoie en douceur, nourrit les cheveux sur toute la longueur et redonne vitalit\u00e9 aux cheveux secs et d\u00e9shydrat\u00e9s. Vos cheveux sont nourris, fortifi\u00e9s et tonifi\u00e9s.<\/p>\n<\/p><\/div>\n<\/p><\/div>\n<\/p><\/div>\n<\/p><\/div>\n<footer class=\"page-footer\"><\/footer>\n<\/section><\/div>\n<div class=\"block horizontal_mode clearfix\" id=\"field_product_cates_block\">\n<div class=\"top-title\"><\/div>\n<\/p><\/div>\n<\/p><\/div>","protected":false},"excerpt":{"rendered":"<p>Highlights:\u00ab Sp\u00e9cialiste du cheveu, Lux\u00e9ol a d\u00e9velopp\u00e9 une gamme compl\u00e8te de compl\u00e9ments alimentaires et de cosm\u00e9tiques (s\u00e9rum, masque, huile, shampooing, apr\u00e8s-shampooing) pour agir sur les probl\u00e8mes capillaires.<\/p>","protected":false},"featured_media":11020,"comment_status":"open","ping_status":"closed","template":"","meta":[],"product_cat":[84],"product_tag":[],"yith_product_brand":[147],"class_list":{"0":"post-10980","1":"product","2":"type-product","3":"status-publish","4":"has-post-thumbnail","6":"product_cat-soins-cheveux","7":"yith_product_brand-luxeol","9":"first","10":"instock","11":"sale","12":"shipping-taxable","13":"purchasable","14":"product-type-simple"},"_links":{"self":[{"href":"https:\/\/parapharmacieenligne.ma\/en\/wp-json\/wp\/v2\/product\/10980","targetHints":{"allow":["GET"]}}],"collection":[{"href":"https:\/\/parapharmacieenligne.ma\/en\/wp-json\/wp\/v2\/product"}],"about":[{"href":"https:\/\/parapharmacieenligne.ma\/en\/wp-json\/wp\/v2\/types\/product"}],"replies":[{"embeddable":true,"href":"https:\/\/parapharmacieenligne.ma\/en\/wp-json\/wp\/v2\/comments?post=10980"}],"version-history":[{"count":1,"href":"https:\/\/parapharmacieenligne.ma\/en\/wp-json\/wp\/v2\/product\/10980\/revisions"}],"predecessor-version":[{"id":11021,"href":"https:\/\/parapharmacieenligne.ma\/en\/wp-json\/wp\/v2\/product\/10980\/revisions\/11021"}],"wp:featuredmedia":[{"embeddable":true,"href":"https:\/\/parapharmacieenligne.ma\/en\/wp-json\/wp\/v2\/media\/11020"}],"wp:attachment":[{"href":"https:\/\/parapharmacieenligne.ma\/en\/wp-json\/wp\/v2\/media?parent=10980"}],"wp:term":[{"taxonomy":"product_cat","embeddable":true,"href":"https:\/\/parapharmacieenligne.ma\/en\/wp-json\/wp\/v2\/product_cat?post=10980"},{"taxonomy":"product_tag","embeddable":true,"href":"https:\/\/parapharmacieenligne.ma\/en\/wp-json\/wp\/v2\/product_tag?post=10980"},{"taxonomy":"yith_product_brand","embeddable":true,"href":"https:\/\/parapharmacieenligne.ma\/en\/wp-json\/wp\/v2\/yith_product_brand?post=10980"}],"curies":[{"name":"wp","href":"https:\/\/api.w.org\/{rel}","templated":true}]}}