{"id":10986,"date":"2026-01-27T13:24:15","date_gmt":"2026-01-27T12:24:15","guid":{"rendered":"https:\/\/parapharmacieenligne.ma\/?post_type=product&#038;p=10986"},"modified":"2026-01-27T13:25:33","modified_gmt":"2026-01-27T12:25:33","slug":"luxeol-serum-reparateur-75ml","status":"publish","type":"product","link":"https:\/\/parapharmacieenligne.ma\/en\/product\/luxeol-serum-reparateur-75ml\/","title":{"rendered":"Luxeol Serum Reparateur 75ml"},"content":{"rendered":"","protected":false},"excerpt":{"rendered":"<p>Highlights:Le S\u00e9rum R\u00e9parateur de LUXEOL discount, le soin hydratant et r\u00e9parateur dans votre parapharmacie en ligne \u00e0 prix discount, pour adoucir les cheveux secs, ab\u00eem\u00e9s, et cassants, et les pointes fourchues.<\/p>","protected":false},"featured_media":11032,"comment_status":"open","ping_status":"closed","template":"","meta":[],"product_cat":[84],"product_tag":[],"yith_product_brand":[147],"class_list":{"0":"post-10986","1":"product","2":"type-product","3":"status-publish","4":"has-post-thumbnail","6":"product_cat-soins-cheveux","7":"yith_product_brand-luxeol","9":"first","10":"instock","11":"sale","12":"shipping-taxable","13":"purchasable","14":"product-type-simple"},"_links":{"self":[{"href":"https:\/\/parapharmacieenligne.ma\/en\/wp-json\/wp\/v2\/product\/10986","targetHints":{"allow":["GET"]}}],"collection":[{"href":"https:\/\/parapharmacieenligne.ma\/en\/wp-json\/wp\/v2\/product"}],"about":[{"href":"https:\/\/parapharmacieenligne.ma\/en\/wp-json\/wp\/v2\/types\/product"}],"replies":[{"embeddable":true,"href":"https:\/\/parapharmacieenligne.ma\/en\/wp-json\/wp\/v2\/comments?post=10986"}],"version-history":[{"count":1,"href":"https:\/\/parapharmacieenligne.ma\/en\/wp-json\/wp\/v2\/product\/10986\/revisions"}],"predecessor-version":[{"id":11033,"href":"https:\/\/parapharmacieenligne.ma\/en\/wp-json\/wp\/v2\/product\/10986\/revisions\/11033"}],"wp:featuredmedia":[{"embeddable":true,"href":"https:\/\/parapharmacieenligne.ma\/en\/wp-json\/wp\/v2\/media\/11032"}],"wp:attachment":[{"href":"https:\/\/parapharmacieenligne.ma\/en\/wp-json\/wp\/v2\/media?parent=10986"}],"wp:term":[{"taxonomy":"product_cat","embeddable":true,"href":"https:\/\/parapharmacieenligne.ma\/en\/wp-json\/wp\/v2\/product_cat?post=10986"},{"taxonomy":"product_tag","embeddable":true,"href":"https:\/\/parapharmacieenligne.ma\/en\/wp-json\/wp\/v2\/product_tag?post=10986"},{"taxonomy":"yith_product_brand","embeddable":true,"href":"https:\/\/parapharmacieenligne.ma\/en\/wp-json\/wp\/v2\/yith_product_brand?post=10986"}],"curies":[{"name":"wp","href":"https:\/\/api.w.org\/{rel}","templated":true}]}}