{"id":10997,"date":"2026-01-27T13:24:18","date_gmt":"2026-01-27T12:24:18","guid":{"rendered":"https:\/\/parapharmacieenligne.ma\/?post_type=product&#038;p=10997"},"modified":"2026-01-27T13:26:30","modified_gmt":"2026-01-27T12:26:30","slug":"luxeol-masque-reparateur-cheveux-secs-ou-abimes-200ml","status":"publish","type":"product","link":"https:\/\/parapharmacieenligne.ma\/en\/product\/luxeol-masque-reparateur-cheveux-secs-ou-abimes-200ml\/","title":{"rendered":"LUXEOL MASQUE REPARATEUR CHEVEUX SECS OU ABIMES 200ML"},"content":{"rendered":"<div aria-labelledby=\"tab-title-description\" class=\"woocommerce-Tabs-panel woocommerce-Tabs-panel--description panel entry-content wc-tab\" id=\"tab-description\" role=\"tabpanel\" style=\"\">\n<h2>Description<\/h2>\n<div class=\"product-tabs\">\n<div class=\"std new-std\">\n<div class=\"product-tabs\">\n<div class=\"std new-std\">\n<p>Gr\u00e2ce \u00e0 sa formule enrichie en K\u00e9ratine, beurre de Karit\u00e9 et Provitamine B5, le Masque R\u00e9parateur Lux\u00e9ol apporte un v\u00e9ritable soin \u00e0 vos cheveux.<br \/>\n Ils sont nourris, r\u00e9par\u00e9s et prot\u00e9g\u00e9s.<br \/>\n Sa texture riche et onctueuse redonne de la douceur aux cheveux secs ou ab\u00eem\u00e9s.<\/p>\n<\/p><\/div>\n<\/p><\/div>\n<div class=\"product-tabs\">\n<h3 class=\"tabs-title\"><strong>Conseils d\u2019Utilisation : <\/strong><\/h3>\n<div class=\"std new-std\">\n<p>Deux \u00e0 trois fois par semaine, appliquer sur les pointes des cheveux mouill\u00e9s, laisser agir quelques minutes puis rincer abondamment.<\/p>\n<\/p><\/div>\n<\/p><\/div>\n<\/p><\/div>\n<\/p><\/div>\n<\/p><\/div>","protected":false},"excerpt":{"rendered":"<p>Highlights:Les colorations BioKap Nutricolor Delicato conviennent m\u00eame aux cuirs chevelus les plus sensibles. Les ingr\u00e9dients naturels prot\u00e8gent le cuir chevelu, nourrissent et r\u00e9parent les cheveux pendant l\u2019application. Les colorations couvrent les cheveux blancs d\u00e8s la premi\u00e8re application.<\/p>","protected":false},"featured_media":11054,"comment_status":"open","ping_status":"closed","template":"","meta":[],"product_cat":[84],"product_tag":[],"yith_product_brand":[147],"class_list":{"0":"post-10997","1":"product","2":"type-product","3":"status-publish","4":"has-post-thumbnail","6":"product_cat-soins-cheveux","7":"yith_product_brand-luxeol","9":"first","10":"instock","11":"sale","12":"shipping-taxable","13":"purchasable","14":"product-type-simple"},"_links":{"self":[{"href":"https:\/\/parapharmacieenligne.ma\/en\/wp-json\/wp\/v2\/product\/10997","targetHints":{"allow":["GET"]}}],"collection":[{"href":"https:\/\/parapharmacieenligne.ma\/en\/wp-json\/wp\/v2\/product"}],"about":[{"href":"https:\/\/parapharmacieenligne.ma\/en\/wp-json\/wp\/v2\/types\/product"}],"replies":[{"embeddable":true,"href":"https:\/\/parapharmacieenligne.ma\/en\/wp-json\/wp\/v2\/comments?post=10997"}],"version-history":[{"count":1,"href":"https:\/\/parapharmacieenligne.ma\/en\/wp-json\/wp\/v2\/product\/10997\/revisions"}],"predecessor-version":[{"id":11055,"href":"https:\/\/parapharmacieenligne.ma\/en\/wp-json\/wp\/v2\/product\/10997\/revisions\/11055"}],"wp:featuredmedia":[{"embeddable":true,"href":"https:\/\/parapharmacieenligne.ma\/en\/wp-json\/wp\/v2\/media\/11054"}],"wp:attachment":[{"href":"https:\/\/parapharmacieenligne.ma\/en\/wp-json\/wp\/v2\/media?parent=10997"}],"wp:term":[{"taxonomy":"product_cat","embeddable":true,"href":"https:\/\/parapharmacieenligne.ma\/en\/wp-json\/wp\/v2\/product_cat?post=10997"},{"taxonomy":"product_tag","embeddable":true,"href":"https:\/\/parapharmacieenligne.ma\/en\/wp-json\/wp\/v2\/product_tag?post=10997"},{"taxonomy":"yith_product_brand","embeddable":true,"href":"https:\/\/parapharmacieenligne.ma\/en\/wp-json\/wp\/v2\/yith_product_brand?post=10997"}],"curies":[{"name":"wp","href":"https:\/\/api.w.org\/{rel}","templated":true}]}}