{"id":11127,"date":"2026-01-27T13:38:31","date_gmt":"2026-01-27T12:38:31","guid":{"rendered":"https:\/\/parapharmacieenligne.ma\/?post_type=product&#038;p=11127"},"modified":"2026-01-27T16:19:14","modified_gmt":"2026-01-27T15:19:14","slug":"dodie-tasse-daprentissage-6m-200ml-vert","status":"publish","type":"product","link":"https:\/\/parapharmacieenligne.ma\/en\/product\/dodie-tasse-daprentissage-6m-200ml-vert\/","title":{"rendered":"Dodie Tasse D\u2019aprentissage 6m+ 200ml Vert"},"content":{"rendered":"<div aria-labelledby=\"tab-title-description\" class=\"woocommerce-Tabs-panel woocommerce-Tabs-panel--description panel entry-content wc-tab\" id=\"tab-description\" role=\"tabpanel\" style=\"\">\n<h2>Description<\/h2>\n<p>Pour un nettoyage facile, tous les \u00e9l\u00e9ments sont d\u00e9montables.<br \/>\n Son capuchon permet de transporter la tasse en s\u00e9curit\u00e9 pour une hygi\u00e8ne totale.<br \/>\n \u2013 Anses amovibles et ergonomiques<br \/>\n \u2013 Capuchon protecteur<br \/>\n \u2013 Enti\u00e8rement d\u00e9montable.<\/p>\n<\/p><\/div>","protected":false},"excerpt":{"rendered":"<p>Highlights:Le bec en silicone souple de la tasse est con\u00e7u pour le plus grand confort de b\u00e9b\u00e9 lorsqu\u2019il boit. Ses poign\u00e9es sont adapt\u00e9es \u00e0 la prise en main des b\u00e9b\u00e9s et sont amovibles. La forme de la tasse permet une prise en main facile. Aucun risque de fuite lorsque la tasse tombe car elle est \u00e9quip\u00e9e d\u2019une valve anti-fuite qui permet aussi \u00e0 l\u2019enfant de bien boire \u00e0 son rythme.<\/p>","protected":false},"featured_media":11174,"comment_status":"open","ping_status":"closed","template":"","meta":[],"product_cat":[87],"product_tag":[],"yith_product_brand":[149],"class_list":{"0":"post-11127","1":"product","2":"type-product","3":"status-publish","4":"has-post-thumbnail","6":"product_cat-bebe-et-maman","7":"yith_product_brand-dodie","9":"first","10":"instock","11":"sale","12":"shipping-taxable","13":"purchasable","14":"product-type-simple"},"_links":{"self":[{"href":"https:\/\/parapharmacieenligne.ma\/en\/wp-json\/wp\/v2\/product\/11127","targetHints":{"allow":["GET"]}}],"collection":[{"href":"https:\/\/parapharmacieenligne.ma\/en\/wp-json\/wp\/v2\/product"}],"about":[{"href":"https:\/\/parapharmacieenligne.ma\/en\/wp-json\/wp\/v2\/types\/product"}],"replies":[{"embeddable":true,"href":"https:\/\/parapharmacieenligne.ma\/en\/wp-json\/wp\/v2\/comments?post=11127"}],"version-history":[{"count":1,"href":"https:\/\/parapharmacieenligne.ma\/en\/wp-json\/wp\/v2\/product\/11127\/revisions"}],"predecessor-version":[{"id":11175,"href":"https:\/\/parapharmacieenligne.ma\/en\/wp-json\/wp\/v2\/product\/11127\/revisions\/11175"}],"wp:featuredmedia":[{"embeddable":true,"href":"https:\/\/parapharmacieenligne.ma\/en\/wp-json\/wp\/v2\/media\/11174"}],"wp:attachment":[{"href":"https:\/\/parapharmacieenligne.ma\/en\/wp-json\/wp\/v2\/media?parent=11127"}],"wp:term":[{"taxonomy":"product_cat","embeddable":true,"href":"https:\/\/parapharmacieenligne.ma\/en\/wp-json\/wp\/v2\/product_cat?post=11127"},{"taxonomy":"product_tag","embeddable":true,"href":"https:\/\/parapharmacieenligne.ma\/en\/wp-json\/wp\/v2\/product_tag?post=11127"},{"taxonomy":"yith_product_brand","embeddable":true,"href":"https:\/\/parapharmacieenligne.ma\/en\/wp-json\/wp\/v2\/yith_product_brand?post=11127"}],"curies":[{"name":"wp","href":"https:\/\/api.w.org\/{rel}","templated":true}]}}