{"id":11128,"date":"2026-01-27T13:38:32","date_gmt":"2026-01-27T12:38:32","guid":{"rendered":"https:\/\/parapharmacieenligne.ma\/?post_type=product&#038;p=11128"},"modified":"2026-01-27T16:19:24","modified_gmt":"2026-01-27T15:19:24","slug":"dodie-liniment-bio-400mlgifrer-serum-physiologique-55ml-pack","status":"publish","type":"product","link":"https:\/\/parapharmacieenligne.ma\/en\/product\/dodie-liniment-bio-400mlgifrer-serum-physiologique-55ml-pack\/","title":{"rendered":"Dodie Liniment Bio 400ml+Gifrer Serum Physiologique 5*5ml Pack"},"content":{"rendered":"<div aria-labelledby=\"tab-title-description\" class=\"woocommerce-Tabs-panel woocommerce-Tabs-panel--description panel entry-content wc-tab\" id=\"tab-description\" role=\"tabpanel\" style=\"\">\n<h2>Description<\/h2>\n<p><span data-pb-style=\"63ECBA338E942\">Dodie fait confiance \u00e0 l\u2019huile d\u2019olive certifi\u00e9e BIO* qui forme un film protecteur : peau prot\u00e9g\u00e9e <\/span><span data-pb-style=\"63ECBA338E95C\">pour les b\u00e9b\u00e9s. Fabriqu\u00e9 en France avec 100% d\u2019ingr\u00e9dients d\u2019origine naturelle, le Liniment certifi\u00e9 BIO Dodie est Hypoallerg\u00e9nique** et non parfum\u00e9.<\/span><\/p>\n<\/p><\/div>","protected":false},"excerpt":{"rendered":"<p>Highlights:Petit nouveau dans la famille on vous pr\u00e9sente Dodie Liniment Bio 400 mlpour prot\u00e9ger et nettoyer efficacement le si\u00e8ge des b\u00e9b\u00e9s,<\/p>","protected":false},"featured_media":11176,"comment_status":"open","ping_status":"closed","template":"","meta":[],"product_cat":[87],"product_tag":[],"yith_product_brand":[149],"class_list":{"0":"post-11128","1":"product","2":"type-product","3":"status-publish","4":"has-post-thumbnail","6":"product_cat-bebe-et-maman","7":"yith_product_brand-dodie","9":"first","10":"instock","11":"sale","12":"shipping-taxable","13":"purchasable","14":"product-type-simple"},"_links":{"self":[{"href":"https:\/\/parapharmacieenligne.ma\/en\/wp-json\/wp\/v2\/product\/11128","targetHints":{"allow":["GET"]}}],"collection":[{"href":"https:\/\/parapharmacieenligne.ma\/en\/wp-json\/wp\/v2\/product"}],"about":[{"href":"https:\/\/parapharmacieenligne.ma\/en\/wp-json\/wp\/v2\/types\/product"}],"replies":[{"embeddable":true,"href":"https:\/\/parapharmacieenligne.ma\/en\/wp-json\/wp\/v2\/comments?post=11128"}],"version-history":[{"count":1,"href":"https:\/\/parapharmacieenligne.ma\/en\/wp-json\/wp\/v2\/product\/11128\/revisions"}],"predecessor-version":[{"id":11177,"href":"https:\/\/parapharmacieenligne.ma\/en\/wp-json\/wp\/v2\/product\/11128\/revisions\/11177"}],"wp:featuredmedia":[{"embeddable":true,"href":"https:\/\/parapharmacieenligne.ma\/en\/wp-json\/wp\/v2\/media\/11176"}],"wp:attachment":[{"href":"https:\/\/parapharmacieenligne.ma\/en\/wp-json\/wp\/v2\/media?parent=11128"}],"wp:term":[{"taxonomy":"product_cat","embeddable":true,"href":"https:\/\/parapharmacieenligne.ma\/en\/wp-json\/wp\/v2\/product_cat?post=11128"},{"taxonomy":"product_tag","embeddable":true,"href":"https:\/\/parapharmacieenligne.ma\/en\/wp-json\/wp\/v2\/product_tag?post=11128"},{"taxonomy":"yith_product_brand","embeddable":true,"href":"https:\/\/parapharmacieenligne.ma\/en\/wp-json\/wp\/v2\/yith_product_brand?post=11128"}],"curies":[{"name":"wp","href":"https:\/\/api.w.org\/{rel}","templated":true}]}}