{"id":11130,"date":"2026-01-27T13:38:32","date_gmt":"2026-01-27T12:38:32","guid":{"rendered":"https:\/\/parapharmacieenligne.ma\/?post_type=product&#038;p=11130"},"modified":"2026-01-27T16:19:54","modified_gmt":"2026-01-27T15:19:54","slug":"dodie-liniment-bio-400ml","status":"publish","type":"product","link":"https:\/\/parapharmacieenligne.ma\/en\/product\/dodie-liniment-bio-400ml\/","title":{"rendered":"Dodie Liniment Bio 400ml"},"content":{"rendered":"<div aria-labelledby=\"tab-title-description\" class=\"woocommerce-Tabs-panel woocommerce-Tabs-panel--description panel entry-content wc-tab\" id=\"tab-description\" role=\"tabpanel\" style=\"\">\n<h2>Description<\/h2>\n<p>nferm\u00e9es dans des couches du matin au soir, les <strong>fesses de b\u00e9b\u00e9<\/strong> sont souvent sujettes aux irritations et aux rougeurs. Pour pr\u00e9venir ces d\u00e9sagr\u00e9ments et \u00e9viter l\u2019apparition de l\u2019\u00e9ryth\u00e8me fessier, il est recommand\u00e9 de nettoyer le si\u00e8ge avec des produits d\u00e9di\u00e9s, notamment un <strong>liniment ol\u00e9o-calcaire<\/strong>.<\/p>\n<p>Le <strong>liniment bio Dodie<\/strong>, 100 % naturel et certifi\u00e9 bio, permet d\u2019\u00e9liminer efficacement les selles et les urines et de neutraliser leur acidit\u00e9, responsable de r\u00e9actions cutan\u00e9es d\u00e9sagr\u00e9ables. Fid\u00e8le \u00e0 la formule ancestrale du <strong>liniment<\/strong>, il est compos\u00e9 d\u2019<strong>eau de chaux<\/strong> et d\u2019<strong>huile d\u2019olive bio<\/strong> qui vont nettoyer la peau en douceur et laisser un film protecteur sur les fesses de b\u00e9b\u00e9 afin de les pr\u00e9server de la mac\u00e9ration et des frottements de la couche.<\/p>\n<p>Caract\u00e9ristiques :<\/p>\n<ul>\n<li>Formule non parfum\u00e9e<\/li>\n<li>100 % d\u2019ingr\u00e9dients d\u2019origine naturelle<\/li>\n<li>Certifi\u00e9 Ecocert Cosmos Organic<\/li>\n<li>Test\u00e9 sous contr\u00f4le dermatologique<\/li>\n<li>Fabriqu\u00e9 en France<\/li>\n<\/ul>\n<p>Pr\u00e9sentation disponible pour le liniment bio Dodie sur notre pharmacie en ligne : Flacon-pompe de 400 m<\/p>\n<\/p><\/div>","protected":false},"excerpt":{"rendered":"<p>Highlights:Le liniment bio propos\u00e9 par la marque Dodie est un produit destin\u00e9 au nettoyage de la zone du si\u00e8ge chez les b\u00e9b\u00e9s d\u00e8s la naissance.<\/p>","protected":false},"featured_media":11180,"comment_status":"open","ping_status":"closed","template":"","meta":[],"product_cat":[87],"product_tag":[],"yith_product_brand":[149],"class_list":{"0":"post-11130","1":"product","2":"type-product","3":"status-publish","4":"has-post-thumbnail","6":"product_cat-bebe-et-maman","7":"yith_product_brand-dodie","9":"first","10":"instock","11":"sale","12":"shipping-taxable","13":"purchasable","14":"product-type-simple"},"_links":{"self":[{"href":"https:\/\/parapharmacieenligne.ma\/en\/wp-json\/wp\/v2\/product\/11130","targetHints":{"allow":["GET"]}}],"collection":[{"href":"https:\/\/parapharmacieenligne.ma\/en\/wp-json\/wp\/v2\/product"}],"about":[{"href":"https:\/\/parapharmacieenligne.ma\/en\/wp-json\/wp\/v2\/types\/product"}],"replies":[{"embeddable":true,"href":"https:\/\/parapharmacieenligne.ma\/en\/wp-json\/wp\/v2\/comments?post=11130"}],"version-history":[{"count":1,"href":"https:\/\/parapharmacieenligne.ma\/en\/wp-json\/wp\/v2\/product\/11130\/revisions"}],"predecessor-version":[{"id":11181,"href":"https:\/\/parapharmacieenligne.ma\/en\/wp-json\/wp\/v2\/product\/11130\/revisions\/11181"}],"wp:featuredmedia":[{"embeddable":true,"href":"https:\/\/parapharmacieenligne.ma\/en\/wp-json\/wp\/v2\/media\/11180"}],"wp:attachment":[{"href":"https:\/\/parapharmacieenligne.ma\/en\/wp-json\/wp\/v2\/media?parent=11130"}],"wp:term":[{"taxonomy":"product_cat","embeddable":true,"href":"https:\/\/parapharmacieenligne.ma\/en\/wp-json\/wp\/v2\/product_cat?post=11130"},{"taxonomy":"product_tag","embeddable":true,"href":"https:\/\/parapharmacieenligne.ma\/en\/wp-json\/wp\/v2\/product_tag?post=11130"},{"taxonomy":"yith_product_brand","embeddable":true,"href":"https:\/\/parapharmacieenligne.ma\/en\/wp-json\/wp\/v2\/yith_product_brand?post=11130"}],"curies":[{"name":"wp","href":"https:\/\/api.w.org\/{rel}","templated":true}]}}