{"id":11135,"date":"2026-01-27T13:38:34","date_gmt":"2026-01-27T12:38:34","guid":{"rendered":"https:\/\/parapharmacieenligne.ma\/?post_type=product&#038;p=11135"},"modified":"2026-01-27T16:20:36","modified_gmt":"2026-01-27T15:20:36","slug":"dodie-biberon-senstation-tetine-plate-270ml-0-6m-mer","status":"publish","type":"product","link":"https:\/\/parapharmacieenligne.ma\/en\/product\/dodie-biberon-senstation-tetine-plate-270ml-0-6m-mer\/","title":{"rendered":"Dodie Biberon senstation+ T\u00e9tine plate 270ml 0-6m Mer"},"content":{"rendered":"<div aria-labelledby=\"tab-title-description\" class=\"woocommerce-Tabs-panel woocommerce-Tabs-panel--description panel entry-content wc-tab\" id=\"tab-description\" role=\"tabpanel\">\n<h2>Description<\/h2>\n<p>DODIE Biberon Sensation+ Anti colique Mer 0-6M 270ML se caract\u00e9rise par :<\/p>\n<ul>\n<li>Son syst\u00e8me anti-colique est int\u00e9gr\u00e9 \u00e0 la t\u00e9tine gr\u00e2ce \u00e0 une double valve brevet\u00e9e, qui favorise la circulation de l\u2019air et r\u00e9duit les risques de coliques, d\u2019a\u00e9rophagie et de r\u00e9gurgitations.<\/li>\n<li>La t\u00e9tine plate imite la forme aplatie du sein pendant la t\u00e9t\u00e9e, ce qui favorise le passage du sein au biberon, et elle est accept\u00e9e facilement par 95% des b\u00e9b\u00e9s \u2013 Syst\u00e8me anti-colique int\u00e9gr\u00e9 \u00e0 la t\u00e9tine gr\u00e2ce \u00e0 une double valve brevet\u00e9e<\/li>\n<li>T\u00e9tine plate imitant la forme aplatie du sein pendant la t\u00e9t\u00e9e : favorise le passage du sein au biberon , accept\u00e9e facilement par 95% des b\u00e9b\u00e9s<\/li>\n<li>Biberon triangulaire, facile \u00e0 prendre en main et garanti sans bisph\u00e9nol A ni S (conform\u00e9ment \u00e0 la r\u00e9glementation en vigueur)<\/li>\n<\/ul><\/div>","protected":false},"excerpt":{"rendered":"<p>Highlights:Fabriqu\u00e9 en France, est dot\u00e9 d\u2019un syst\u00e8me anti-colique int\u00e9gr\u00e9 \u00e0 la t\u00e9tine gr\u00e2ce \u00e0 une double valve brevet\u00e9e, qui favorise la circulation de l\u2019air et r\u00e9duit les risques de coliques, d\u2019a\u00e9rophagie et de r\u00e9gurgitations.<\/p>","protected":false},"featured_media":11193,"comment_status":"open","ping_status":"closed","template":"","meta":[],"product_cat":[87],"product_tag":[],"yith_product_brand":[149],"class_list":{"0":"post-11135","1":"product","2":"type-product","3":"status-publish","4":"has-post-thumbnail","6":"product_cat-bebe-et-maman","7":"yith_product_brand-dodie","9":"first","10":"instock","11":"sale","12":"shipping-taxable","13":"purchasable","14":"product-type-simple"},"_links":{"self":[{"href":"https:\/\/parapharmacieenligne.ma\/en\/wp-json\/wp\/v2\/product\/11135","targetHints":{"allow":["GET"]}}],"collection":[{"href":"https:\/\/parapharmacieenligne.ma\/en\/wp-json\/wp\/v2\/product"}],"about":[{"href":"https:\/\/parapharmacieenligne.ma\/en\/wp-json\/wp\/v2\/types\/product"}],"replies":[{"embeddable":true,"href":"https:\/\/parapharmacieenligne.ma\/en\/wp-json\/wp\/v2\/comments?post=11135"}],"version-history":[{"count":1,"href":"https:\/\/parapharmacieenligne.ma\/en\/wp-json\/wp\/v2\/product\/11135\/revisions"}],"predecessor-version":[{"id":11194,"href":"https:\/\/parapharmacieenligne.ma\/en\/wp-json\/wp\/v2\/product\/11135\/revisions\/11194"}],"wp:featuredmedia":[{"embeddable":true,"href":"https:\/\/parapharmacieenligne.ma\/en\/wp-json\/wp\/v2\/media\/11193"}],"wp:attachment":[{"href":"https:\/\/parapharmacieenligne.ma\/en\/wp-json\/wp\/v2\/media?parent=11135"}],"wp:term":[{"taxonomy":"product_cat","embeddable":true,"href":"https:\/\/parapharmacieenligne.ma\/en\/wp-json\/wp\/v2\/product_cat?post=11135"},{"taxonomy":"product_tag","embeddable":true,"href":"https:\/\/parapharmacieenligne.ma\/en\/wp-json\/wp\/v2\/product_tag?post=11135"},{"taxonomy":"yith_product_brand","embeddable":true,"href":"https:\/\/parapharmacieenligne.ma\/en\/wp-json\/wp\/v2\/yith_product_brand?post=11135"}],"curies":[{"name":"wp","href":"https:\/\/api.w.org\/{rel}","templated":true}]}}