{"id":11137,"date":"2026-01-27T13:38:34","date_gmt":"2026-01-27T12:38:34","guid":{"rendered":"https:\/\/parapharmacieenligne.ma\/?post_type=product&#038;p=11137"},"modified":"2026-01-27T16:21:02","modified_gmt":"2026-01-27T15:21:02","slug":"dodie-biberon-anti-colique-mickey-bleu-0-6m-150ml","status":"publish","type":"product","link":"https:\/\/parapharmacieenligne.ma\/en\/product\/dodie-biberon-anti-colique-mickey-bleu-0-6m-150ml\/","title":{"rendered":"Dodie Biberon Anti-Colique Mickey Bleu 0-6m 150ml"},"content":{"rendered":"<div aria-labelledby=\"tab-title-description\" class=\"woocommerce-Tabs-panel woocommerce-Tabs-panel--description panel entry-content wc-tab\" id=\"tab-description\" role=\"tabpanel\" style=\"\">\n<h2>Description<\/h2>\n<p>Le biberon d\u00e9bit 1 mer 0-6 mois Sensation+ Dodie est un soin pens\u00e9 pour le b\u00e9b\u00e9 d\u00e8s la naissance qui poss\u00e8de une double valve anti-colique brevet\u00e9e. Fabriq\u00e9 en France, ce biberon \u00e0 col large est dot\u00e9 d\u2019une t\u00e9tine plate. Il s\u2019agit d\u2019un produit qui permet de boire facilement le lait tout en \u00e9vitant l\u2019ingestion d\u2019air et la sensation de ballonnement.<\/p>\n<\/p><\/div>","protected":false},"excerpt":{"rendered":"<p>Highlights:Biberon dot\u00e9 d\u2019une t\u00e9tine ronde 3 vitesses avec une valve brevet\u00e9e : anti-colique, anti-r\u00e9gurgitation, anti-aerophagie. Convient aux b\u00e9b\u00e9s de plus de 6 mois<\/p>","protected":false},"featured_media":11197,"comment_status":"open","ping_status":"closed","template":"","meta":[],"product_cat":[87],"product_tag":[],"yith_product_brand":[149],"class_list":{"0":"post-11137","1":"product","2":"type-product","3":"status-publish","4":"has-post-thumbnail","6":"product_cat-bebe-et-maman","7":"yith_product_brand-dodie","9":"first","10":"instock","11":"sale","12":"shipping-taxable","13":"purchasable","14":"product-type-simple"},"_links":{"self":[{"href":"https:\/\/parapharmacieenligne.ma\/en\/wp-json\/wp\/v2\/product\/11137","targetHints":{"allow":["GET"]}}],"collection":[{"href":"https:\/\/parapharmacieenligne.ma\/en\/wp-json\/wp\/v2\/product"}],"about":[{"href":"https:\/\/parapharmacieenligne.ma\/en\/wp-json\/wp\/v2\/types\/product"}],"replies":[{"embeddable":true,"href":"https:\/\/parapharmacieenligne.ma\/en\/wp-json\/wp\/v2\/comments?post=11137"}],"version-history":[{"count":1,"href":"https:\/\/parapharmacieenligne.ma\/en\/wp-json\/wp\/v2\/product\/11137\/revisions"}],"predecessor-version":[{"id":11198,"href":"https:\/\/parapharmacieenligne.ma\/en\/wp-json\/wp\/v2\/product\/11137\/revisions\/11198"}],"wp:featuredmedia":[{"embeddable":true,"href":"https:\/\/parapharmacieenligne.ma\/en\/wp-json\/wp\/v2\/media\/11197"}],"wp:attachment":[{"href":"https:\/\/parapharmacieenligne.ma\/en\/wp-json\/wp\/v2\/media?parent=11137"}],"wp:term":[{"taxonomy":"product_cat","embeddable":true,"href":"https:\/\/parapharmacieenligne.ma\/en\/wp-json\/wp\/v2\/product_cat?post=11137"},{"taxonomy":"product_tag","embeddable":true,"href":"https:\/\/parapharmacieenligne.ma\/en\/wp-json\/wp\/v2\/product_tag?post=11137"},{"taxonomy":"yith_product_brand","embeddable":true,"href":"https:\/\/parapharmacieenligne.ma\/en\/wp-json\/wp\/v2\/yith_product_brand?post=11137"}],"curies":[{"name":"wp","href":"https:\/\/api.w.org\/{rel}","templated":true}]}}