{"id":11139,"date":"2026-01-27T13:38:35","date_gmt":"2026-01-27T12:38:35","guid":{"rendered":"https:\/\/parapharmacieenligne.ma\/?post_type=product&#038;p=11139"},"modified":"2026-01-27T16:21:28","modified_gmt":"2026-01-27T15:21:28","slug":"dodie-tetine-multi-perfore-biomimetisme-d1-0-6m","status":"publish","type":"product","link":"https:\/\/parapharmacieenligne.ma\/en\/product\/dodie-tetine-multi-perfore-biomimetisme-d1-0-6m\/","title":{"rendered":"Dodie Tetine Multi-Perfore Biomimetisme D1 0-6m"},"content":{"rendered":"<div aria-labelledby=\"tab-title-description\" class=\"woocommerce-Tabs-panel woocommerce-Tabs-panel--description panel entry-content wc-tab\" id=\"tab-description\" role=\"tabpanel\" style=\"\">\n<h2>Description<\/h2>\n<p>La t\u00e9tine multi-perfor\u00e9e Dodie se caract\u00e9rise par ses multi-perforations qui ont pour but de reproduire les canaux lactif\u00e8res du sein maternel. Par ailleurs, elle dispose d\u2019une t\u00e9terelle extra-souple con\u00e7ue pour s\u2019\u00e9tirer et mimer le mouvement du mamelon. Sa surface est douce et nervur\u00e9e afin de faciliter le positionnement dans la bouche de b\u00e9b\u00e9. Enfin, cette t\u00e9tine Dodie poss\u00e8de une double valve anti-colique brevet\u00e9e qui va emp\u00eacher l\u2019absorption d\u2019air pendant la prise du biberon, r\u00e9duisant ainsi les risques d\u2019inconfort digestif.<\/p>\n<p>Afin de suivre l\u2019\u00e9volution de b\u00e9b\u00e9 et s\u2019adapter aussi bien \u00e0 son \u00e2ge qu\u2019\u00e0 ses besoins, la t\u00e9tine Dodie multi-perfor\u00e9e est propos\u00e9e avec plusieurs d\u00e9bits : d\u00e9bit 1 lent (0-6 mois), d\u00e9bit 2 moyen (0-6 mois), d\u00e9bit 3 rapide (6 mois et +) et d\u00e9bit 4 liquides \u00e9pais (6 mois et +).<\/p>\n<\/p><\/div>","protected":false},"excerpt":{"rendered":"<p>Highlights:La t\u00e9tine multi-perfor\u00e9e Dodie se caract\u00e9rise par ses multi-perforations qui ont pour but de reproduire les canaux lactif\u00e8res du sein maternel.<\/p>","protected":false},"featured_media":11204,"comment_status":"open","ping_status":"closed","template":"","meta":[],"product_cat":[87],"product_tag":[],"yith_product_brand":[149],"class_list":{"0":"post-11139","1":"product","2":"type-product","3":"status-publish","4":"has-post-thumbnail","6":"product_cat-bebe-et-maman","7":"yith_product_brand-dodie","9":"first","10":"instock","11":"sale","12":"shipping-taxable","13":"purchasable","14":"product-type-simple"},"_links":{"self":[{"href":"https:\/\/parapharmacieenligne.ma\/en\/wp-json\/wp\/v2\/product\/11139","targetHints":{"allow":["GET"]}}],"collection":[{"href":"https:\/\/parapharmacieenligne.ma\/en\/wp-json\/wp\/v2\/product"}],"about":[{"href":"https:\/\/parapharmacieenligne.ma\/en\/wp-json\/wp\/v2\/types\/product"}],"replies":[{"embeddable":true,"href":"https:\/\/parapharmacieenligne.ma\/en\/wp-json\/wp\/v2\/comments?post=11139"}],"version-history":[{"count":1,"href":"https:\/\/parapharmacieenligne.ma\/en\/wp-json\/wp\/v2\/product\/11139\/revisions"}],"predecessor-version":[{"id":11205,"href":"https:\/\/parapharmacieenligne.ma\/en\/wp-json\/wp\/v2\/product\/11139\/revisions\/11205"}],"wp:featuredmedia":[{"embeddable":true,"href":"https:\/\/parapharmacieenligne.ma\/en\/wp-json\/wp\/v2\/media\/11204"}],"wp:attachment":[{"href":"https:\/\/parapharmacieenligne.ma\/en\/wp-json\/wp\/v2\/media?parent=11139"}],"wp:term":[{"taxonomy":"product_cat","embeddable":true,"href":"https:\/\/parapharmacieenligne.ma\/en\/wp-json\/wp\/v2\/product_cat?post=11139"},{"taxonomy":"product_tag","embeddable":true,"href":"https:\/\/parapharmacieenligne.ma\/en\/wp-json\/wp\/v2\/product_tag?post=11139"},{"taxonomy":"yith_product_brand","embeddable":true,"href":"https:\/\/parapharmacieenligne.ma\/en\/wp-json\/wp\/v2\/yith_product_brand?post=11139"}],"curies":[{"name":"wp","href":"https:\/\/api.w.org\/{rel}","templated":true}]}}