{"id":11142,"date":"2026-01-27T13:38:36","date_gmt":"2026-01-27T12:38:36","guid":{"rendered":"https:\/\/parapharmacieenligne.ma\/?post_type=product&#038;p=11142"},"modified":"2026-01-27T16:21:54","modified_gmt":"2026-01-27T15:21:54","slug":"dodie-biberon-multi-perfore-tetine-debit-1-bleu-0-6mois-150ml","status":"publish","type":"product","link":"https:\/\/parapharmacieenligne.ma\/en\/product\/dodie-biberon-multi-perfore-tetine-debit-1-bleu-0-6mois-150ml\/","title":{"rendered":"DODIE Biberon Multi Perfore Tetine Debit 1 Bleu 0-6mois 150ml"},"content":{"rendered":"<div aria-labelledby=\"tab-title-description\" class=\"woocommerce-Tabs-panel woocommerce-Tabs-panel--description panel entry-content wc-tab\" id=\"tab-description\" role=\"tabpanel\" style=\"\">\n<h2>Description<\/h2>\n<p>Le biberon avec 3 pi\u00e8ces seulement, qui reproduit les sp\u00e9cificit\u00e9s du sein maternel pour une t\u00e9t\u00e9e naturelle, tout en facilitant le quotidien des parents.<\/p>\n<p>UN BIBERON SIMPLE<\/p>\n<p>\u2013 Un capuchon anti-fuites : st\u00e9rilisation indispensable pour une \u00e9tanch\u00e9it\u00e9 garantie !<\/p>\n<p>\u2013 Une t\u00e9tine multi-perfor\u00e9e pour une t\u00e9t\u00e9e naturelle<\/p>\n<p>\u2013 Une double valve anti-colique brevet\u00e9e<\/p>\n<p>\u2013 Une forme ergonomique avec une large ouverture pour un remplissage facile<\/p>\n<p>\u2013 Un biberon 100% Fran\u00e7ais<\/p>\n<\/p><\/div>","protected":false},"excerpt":{"rendered":"<p>Highlights:Une pi\u00e8ce 2 en 1 unique et innovante : la t\u00e9tine en silicone et la bague sont indissociables.<\/p>","protected":false},"featured_media":11213,"comment_status":"open","ping_status":"closed","template":"","meta":[],"product_cat":[87],"product_tag":[],"yith_product_brand":[149],"class_list":{"0":"post-11142","1":"product","2":"type-product","3":"status-publish","4":"has-post-thumbnail","6":"product_cat-bebe-et-maman","7":"yith_product_brand-dodie","9":"first","10":"instock","11":"sale","12":"shipping-taxable","13":"purchasable","14":"product-type-simple"},"_links":{"self":[{"href":"https:\/\/parapharmacieenligne.ma\/en\/wp-json\/wp\/v2\/product\/11142","targetHints":{"allow":["GET"]}}],"collection":[{"href":"https:\/\/parapharmacieenligne.ma\/en\/wp-json\/wp\/v2\/product"}],"about":[{"href":"https:\/\/parapharmacieenligne.ma\/en\/wp-json\/wp\/v2\/types\/product"}],"replies":[{"embeddable":true,"href":"https:\/\/parapharmacieenligne.ma\/en\/wp-json\/wp\/v2\/comments?post=11142"}],"version-history":[{"count":1,"href":"https:\/\/parapharmacieenligne.ma\/en\/wp-json\/wp\/v2\/product\/11142\/revisions"}],"predecessor-version":[{"id":11214,"href":"https:\/\/parapharmacieenligne.ma\/en\/wp-json\/wp\/v2\/product\/11142\/revisions\/11214"}],"wp:featuredmedia":[{"embeddable":true,"href":"https:\/\/parapharmacieenligne.ma\/en\/wp-json\/wp\/v2\/media\/11213"}],"wp:attachment":[{"href":"https:\/\/parapharmacieenligne.ma\/en\/wp-json\/wp\/v2\/media?parent=11142"}],"wp:term":[{"taxonomy":"product_cat","embeddable":true,"href":"https:\/\/parapharmacieenligne.ma\/en\/wp-json\/wp\/v2\/product_cat?post=11142"},{"taxonomy":"product_tag","embeddable":true,"href":"https:\/\/parapharmacieenligne.ma\/en\/wp-json\/wp\/v2\/product_tag?post=11142"},{"taxonomy":"yith_product_brand","embeddable":true,"href":"https:\/\/parapharmacieenligne.ma\/en\/wp-json\/wp\/v2\/yith_product_brand?post=11142"}],"curies":[{"name":"wp","href":"https:\/\/api.w.org\/{rel}","templated":true}]}}