{"id":11144,"date":"2026-01-27T13:38:37","date_gmt":"2026-01-27T12:38:37","guid":{"rendered":"https:\/\/parapharmacieenligne.ma\/?post_type=product&#038;p=11144"},"modified":"2026-01-27T16:22:26","modified_gmt":"2026-01-27T15:22:26","slug":"dodie-biberon-multi-perfore-tetine-debit-2-bleu-0-6mois-270ml","status":"publish","type":"product","link":"https:\/\/parapharmacieenligne.ma\/en\/product\/dodie-biberon-multi-perfore-tetine-debit-2-bleu-0-6mois-270ml\/","title":{"rendered":"Dodie Biberon Multi Perfore Tetine Debit 2 Bleu 0-6mois 270ml"},"content":{"rendered":"<div aria-labelledby=\"tab-title-description\" class=\"woocommerce-Tabs-panel woocommerce-Tabs-panel--description panel entry-content wc-tab\" id=\"tab-description\" role=\"tabpanel\" style=\"\">\n<h2>Description<\/h2>\n<ul>\n<li>des multi-perforations pens\u00e9es pour imiter les canaux lactif\u00e8res du sein ;<\/li>\n<li>une t\u00e9terelle extra-souple qui s\u2019\u00e9tire et mime le mouvement du mamelon dans la bouche de b\u00e9b\u00e9 ;<\/li>\n<li>une surface douce et nervur\u00e9e pour aider b\u00e9b\u00e9 \u00e0 bien la placer ;<\/li>\n<li>une double valve anti-colique brevet\u00e9e qui emp\u00eache l\u2019absorption d\u2019air \u00e0 l\u2019origine des d\u00e9sordres digestifs post-t\u00e9t\u00e9e.<\/li>\n<\/ul>\n<p>Par ailleurs, ce biberon Dodie se compose de 3 \u00e9l\u00e9ments seulement : le corps du biberon, ergonomique pour permettre une bonne prise en main par les parents puis par le b\u00e9b\u00e9 lorsqu\u2019il devient autonome ; la t\u00e9tine, indissociable de la bague ; le capuchon anti-fuites, tr\u00e8s pratique quand vous emportez le biberon lors d\u2019une sortie avec b\u00e9b\u00e9. De par sa composition, ce biberon est facile \u00e0 nettoyer et \u00e0 assembler, r\u00e9duisant les petites prises de t\u00eate du quotidien des jeunes parents.<\/p>\n<p>Le biberon Dodie \u00e0 t\u00e9tine multi-perfor\u00e9e est propos\u00e9 en 3 formats : 150 ml, pour les b\u00e9b\u00e9s de 0 \u00e0 6 mois, avec un d\u00e9bit 1 lent ; 270 ml, toujours pour les 0-6 mois mais avec un d\u00e9bit 2 moyen ; 330 ml, pour les nourrissons de 6 mois et plus, avec un d\u00e9bit 3 rapide.<\/p>\n<\/p><\/div>","protected":false},"excerpt":{"rendered":"<p>Highlights:Le biberon \u00e0 t\u00e9tine multi-perfor\u00e9e Dodie est un biberon anti-colique qui se distingue par sa t\u00e9tine, dot\u00e9e de plusieurs caract\u00e9ristiques<\/p>","protected":false},"featured_media":11220,"comment_status":"open","ping_status":"closed","template":"","meta":[],"product_cat":[87],"product_tag":[],"yith_product_brand":[149],"class_list":{"0":"post-11144","1":"product","2":"type-product","3":"status-publish","4":"has-post-thumbnail","6":"product_cat-bebe-et-maman","7":"yith_product_brand-dodie","9":"first","10":"instock","11":"sale","12":"shipping-taxable","13":"purchasable","14":"product-type-simple"},"_links":{"self":[{"href":"https:\/\/parapharmacieenligne.ma\/en\/wp-json\/wp\/v2\/product\/11144","targetHints":{"allow":["GET"]}}],"collection":[{"href":"https:\/\/parapharmacieenligne.ma\/en\/wp-json\/wp\/v2\/product"}],"about":[{"href":"https:\/\/parapharmacieenligne.ma\/en\/wp-json\/wp\/v2\/types\/product"}],"replies":[{"embeddable":true,"href":"https:\/\/parapharmacieenligne.ma\/en\/wp-json\/wp\/v2\/comments?post=11144"}],"version-history":[{"count":1,"href":"https:\/\/parapharmacieenligne.ma\/en\/wp-json\/wp\/v2\/product\/11144\/revisions"}],"predecessor-version":[{"id":11221,"href":"https:\/\/parapharmacieenligne.ma\/en\/wp-json\/wp\/v2\/product\/11144\/revisions\/11221"}],"wp:featuredmedia":[{"embeddable":true,"href":"https:\/\/parapharmacieenligne.ma\/en\/wp-json\/wp\/v2\/media\/11220"}],"wp:attachment":[{"href":"https:\/\/parapharmacieenligne.ma\/en\/wp-json\/wp\/v2\/media?parent=11144"}],"wp:term":[{"taxonomy":"product_cat","embeddable":true,"href":"https:\/\/parapharmacieenligne.ma\/en\/wp-json\/wp\/v2\/product_cat?post=11144"},{"taxonomy":"product_tag","embeddable":true,"href":"https:\/\/parapharmacieenligne.ma\/en\/wp-json\/wp\/v2\/product_tag?post=11144"},{"taxonomy":"yith_product_brand","embeddable":true,"href":"https:\/\/parapharmacieenligne.ma\/en\/wp-json\/wp\/v2\/yith_product_brand?post=11144"}],"curies":[{"name":"wp","href":"https:\/\/api.w.org\/{rel}","templated":true}]}}