{"id":11146,"date":"2026-01-27T13:38:38","date_gmt":"2026-01-27T12:38:38","guid":{"rendered":"https:\/\/parapharmacieenligne.ma\/?post_type=product&#038;p=11146"},"modified":"2026-01-27T16:22:37","modified_gmt":"2026-01-27T15:22:37","slug":"dodie-biberon-sens-tetine-plat-debit-1-cache-0-6mois-150ml","status":"publish","type":"product","link":"https:\/\/parapharmacieenligne.ma\/en\/product\/dodie-biberon-sens-tetine-plat-debit-1-cache-0-6mois-150ml\/","title":{"rendered":"DODIE Biberon Sens+ Tetine Plat Debit 1 Cache 0-6mois 150ml"},"content":{"rendered":"<div aria-labelledby=\"tab-title-description\" class=\"woocommerce-Tabs-panel woocommerce-Tabs-panel--description panel entry-content wc-tab\" id=\"tab-description\" role=\"tabpanel\" style=\"\">\n<h2>Description<\/h2>\n<p><strong>UN KIT S\u00dbR ET PERFORMANT<\/strong><br \/>\n Le biberon est fabriqu\u00e9 \u00e0 partir de mat\u00e9riaux de haute qualit\u00e9, sans BPA ni phtalates, pour garantir la s\u00e9curit\u00e9 et la sant\u00e9 de votre b\u00e9b\u00e9. Il est \u00e9galement \u00e9quip\u00e9 d\u2019un syst\u00e8me anti-colique qui permet de r\u00e9duire les risques de r\u00e9gurgitation et de gaz, pour un confort optimal pendant la t\u00e9t\u00e9e.<\/p>\n<p>Les t\u00e9tines du Dodie Kit Naissance Biberon &amp; T\u00e9tines sont con\u00e7ues pour s\u2019adapter \u00e0 la bouche de votre b\u00e9b\u00e9, avec une forme ergonomique qui favorise une succion naturelle et confortable. Elles sont \u00e9galement \u00e9quip\u00e9es d\u2019un syst\u00e8me de r\u00e9gulation de d\u00e9bit, qui permet de contr\u00f4ler la quantit\u00e9 de lait ou de formule que votre b\u00e9b\u00e9 ing\u00e8re \u00e0 chaque t\u00e9t\u00e9e.<\/p>\n<p>PRATIQUE ET FACILE \u00c0 NETTOYER<br \/>\n Disponible en plusieurs tailles, le Dodie Kit Naissance Biberon &amp; T\u00e9tines est fait pour s\u2019adapter aux besoins de votre b\u00e9b\u00e9 \u00e0 chaque \u00e9tape de son d\u00e9veloppement. Les biberons sont disponibles en 150 ml, 270 ml et 330 ml, tandis que les t\u00e9tines sont disponibles en diff\u00e9rentes tailles et diff\u00e9rents d\u00e9bits pour s\u2019adapter aux besoins de votre b\u00e9b\u00e9.<\/p>\n<\/p><\/div>","protected":false},"excerpt":{"rendered":"<p>Highlights:Biberon &#038; T\u00e9tines est un ensemble complet pour les nouveaux parents qui cherchent \u00e0 nourrir leur b\u00e9b\u00e9 de mani\u00e8re confortable et pratique. Le kit comprend un biberon de 150 ml, ainsi que des t\u00e9tines adapt\u00e9es \u00e0 chaque \u00e2ge et \u00e9tape de d\u00e9veloppement de l\u2019enfant.<\/p>","protected":false},"featured_media":11224,"comment_status":"open","ping_status":"closed","template":"","meta":[],"product_cat":[87],"product_tag":[],"yith_product_brand":[149],"class_list":{"0":"post-11146","1":"product","2":"type-product","3":"status-publish","4":"has-post-thumbnail","6":"product_cat-bebe-et-maman","7":"yith_product_brand-dodie","9":"first","10":"instock","11":"sale","12":"shipping-taxable","13":"purchasable","14":"product-type-simple"},"_links":{"self":[{"href":"https:\/\/parapharmacieenligne.ma\/en\/wp-json\/wp\/v2\/product\/11146","targetHints":{"allow":["GET"]}}],"collection":[{"href":"https:\/\/parapharmacieenligne.ma\/en\/wp-json\/wp\/v2\/product"}],"about":[{"href":"https:\/\/parapharmacieenligne.ma\/en\/wp-json\/wp\/v2\/types\/product"}],"replies":[{"embeddable":true,"href":"https:\/\/parapharmacieenligne.ma\/en\/wp-json\/wp\/v2\/comments?post=11146"}],"version-history":[{"count":1,"href":"https:\/\/parapharmacieenligne.ma\/en\/wp-json\/wp\/v2\/product\/11146\/revisions"}],"predecessor-version":[{"id":11225,"href":"https:\/\/parapharmacieenligne.ma\/en\/wp-json\/wp\/v2\/product\/11146\/revisions\/11225"}],"wp:featuredmedia":[{"embeddable":true,"href":"https:\/\/parapharmacieenligne.ma\/en\/wp-json\/wp\/v2\/media\/11224"}],"wp:attachment":[{"href":"https:\/\/parapharmacieenligne.ma\/en\/wp-json\/wp\/v2\/media?parent=11146"}],"wp:term":[{"taxonomy":"product_cat","embeddable":true,"href":"https:\/\/parapharmacieenligne.ma\/en\/wp-json\/wp\/v2\/product_cat?post=11146"},{"taxonomy":"product_tag","embeddable":true,"href":"https:\/\/parapharmacieenligne.ma\/en\/wp-json\/wp\/v2\/product_tag?post=11146"},{"taxonomy":"yith_product_brand","embeddable":true,"href":"https:\/\/parapharmacieenligne.ma\/en\/wp-json\/wp\/v2\/yith_product_brand?post=11146"}],"curies":[{"name":"wp","href":"https:\/\/api.w.org\/{rel}","templated":true}]}}