{"id":11159,"date":"2026-01-27T13:39:02","date_gmt":"2026-01-27T12:39:02","guid":{"rendered":"https:\/\/parapharmacieenligne.ma\/?post_type=product&#038;p=11159"},"modified":"2026-01-27T16:22:42","modified_gmt":"2026-01-27T15:22:42","slug":"dodie-gel-lavant-3-en-1-flacon-pompe-1-l","status":"publish","type":"product","link":"https:\/\/parapharmacieenligne.ma\/en\/product\/dodie-gel-lavant-3-en-1-flacon-pompe-1-l\/","title":{"rendered":"Dodie \u2013 Gel lavant 3 en 1 flacon Pompe \u2013 1 L"},"content":{"rendered":"","protected":false},"excerpt":{"rendered":"<p>Highlights:Le gel lavant Dodie adoucit et apaise l\u2019\u00e9piderme et le cuir chevelu fragiles de b\u00e9b\u00e9, tout en lui apportant confort et hydratation<\/p>","protected":false},"featured_media":11226,"comment_status":"open","ping_status":"closed","template":"","meta":[],"product_cat":[87],"product_tag":[],"yith_product_brand":[149],"class_list":{"0":"post-11159","1":"product","2":"type-product","3":"status-publish","4":"has-post-thumbnail","6":"product_cat-bebe-et-maman","7":"yith_product_brand-dodie","9":"first","10":"instock","11":"sale","12":"shipping-taxable","13":"purchasable","14":"product-type-simple"},"_links":{"self":[{"href":"https:\/\/parapharmacieenligne.ma\/en\/wp-json\/wp\/v2\/product\/11159","targetHints":{"allow":["GET"]}}],"collection":[{"href":"https:\/\/parapharmacieenligne.ma\/en\/wp-json\/wp\/v2\/product"}],"about":[{"href":"https:\/\/parapharmacieenligne.ma\/en\/wp-json\/wp\/v2\/types\/product"}],"replies":[{"embeddable":true,"href":"https:\/\/parapharmacieenligne.ma\/en\/wp-json\/wp\/v2\/comments?post=11159"}],"version-history":[{"count":1,"href":"https:\/\/parapharmacieenligne.ma\/en\/wp-json\/wp\/v2\/product\/11159\/revisions"}],"predecessor-version":[{"id":11227,"href":"https:\/\/parapharmacieenligne.ma\/en\/wp-json\/wp\/v2\/product\/11159\/revisions\/11227"}],"wp:featuredmedia":[{"embeddable":true,"href":"https:\/\/parapharmacieenligne.ma\/en\/wp-json\/wp\/v2\/media\/11226"}],"wp:attachment":[{"href":"https:\/\/parapharmacieenligne.ma\/en\/wp-json\/wp\/v2\/media?parent=11159"}],"wp:term":[{"taxonomy":"product_cat","embeddable":true,"href":"https:\/\/parapharmacieenligne.ma\/en\/wp-json\/wp\/v2\/product_cat?post=11159"},{"taxonomy":"product_tag","embeddable":true,"href":"https:\/\/parapharmacieenligne.ma\/en\/wp-json\/wp\/v2\/product_tag?post=11159"},{"taxonomy":"yith_product_brand","embeddable":true,"href":"https:\/\/parapharmacieenligne.ma\/en\/wp-json\/wp\/v2\/yith_product_brand?post=11159"}],"curies":[{"name":"wp","href":"https:\/\/api.w.org\/{rel}","templated":true}]}}