{"id":11164,"date":"2026-01-27T13:39:10","date_gmt":"2026-01-27T12:39:10","guid":{"rendered":"https:\/\/parapharmacieenligne.ma\/?post_type=product&#038;p=11164"},"modified":"2026-01-27T16:23:32","modified_gmt":"2026-01-27T15:23:32","slug":"dodie-biberon-initiation-270ml-rose-licorne-0-6-m-tete-ronde-3-vit-d2","status":"publish","type":"product","link":"https:\/\/parapharmacieenligne.ma\/en\/product\/dodie-biberon-initiation-270ml-rose-licorne-0-6-m-tete-ronde-3-vit-d2\/","title":{"rendered":"DODIE BIBERON INITIATION+ 270ML ROSE LICORNE 0-6 M T\u00caTE RONDE 3 VIT D2"},"content":{"rendered":"","protected":false},"excerpt":{"rendered":"<p>Highlights:Double valve d\u2019a\u00e9ration anti-r\u00e9tractation, anti-colique et anti-r\u00e9gurgitation<\/p>","protected":false},"featured_media":11243,"comment_status":"open","ping_status":"closed","template":"","meta":[],"product_cat":[87],"product_tag":[],"yith_product_brand":[149],"class_list":{"0":"post-11164","1":"product","2":"type-product","3":"status-publish","4":"has-post-thumbnail","6":"product_cat-bebe-et-maman","7":"yith_product_brand-dodie","9":"first","10":"instock","11":"sale","12":"shipping-taxable","13":"purchasable","14":"product-type-simple"},"_links":{"self":[{"href":"https:\/\/parapharmacieenligne.ma\/en\/wp-json\/wp\/v2\/product\/11164","targetHints":{"allow":["GET"]}}],"collection":[{"href":"https:\/\/parapharmacieenligne.ma\/en\/wp-json\/wp\/v2\/product"}],"about":[{"href":"https:\/\/parapharmacieenligne.ma\/en\/wp-json\/wp\/v2\/types\/product"}],"replies":[{"embeddable":true,"href":"https:\/\/parapharmacieenligne.ma\/en\/wp-json\/wp\/v2\/comments?post=11164"}],"version-history":[{"count":1,"href":"https:\/\/parapharmacieenligne.ma\/en\/wp-json\/wp\/v2\/product\/11164\/revisions"}],"predecessor-version":[{"id":11244,"href":"https:\/\/parapharmacieenligne.ma\/en\/wp-json\/wp\/v2\/product\/11164\/revisions\/11244"}],"wp:featuredmedia":[{"embeddable":true,"href":"https:\/\/parapharmacieenligne.ma\/en\/wp-json\/wp\/v2\/media\/11243"}],"wp:attachment":[{"href":"https:\/\/parapharmacieenligne.ma\/en\/wp-json\/wp\/v2\/media?parent=11164"}],"wp:term":[{"taxonomy":"product_cat","embeddable":true,"href":"https:\/\/parapharmacieenligne.ma\/en\/wp-json\/wp\/v2\/product_cat?post=11164"},{"taxonomy":"product_tag","embeddable":true,"href":"https:\/\/parapharmacieenligne.ma\/en\/wp-json\/wp\/v2\/product_tag?post=11164"},{"taxonomy":"yith_product_brand","embeddable":true,"href":"https:\/\/parapharmacieenligne.ma\/en\/wp-json\/wp\/v2\/yith_product_brand?post=11164"}],"curies":[{"name":"wp","href":"https:\/\/api.w.org\/{rel}","templated":true}]}}