{"id":11258,"date":"2026-01-27T16:24:20","date_gmt":"2026-01-27T15:24:20","guid":{"rendered":"https:\/\/parapharmacieenligne.ma\/?post_type=product&#038;p=11258"},"modified":"2026-01-27T16:27:07","modified_gmt":"2026-01-27T15:27:07","slug":"dodie-2-sucette-anatomique-a47-18m-duo-fille-fleurs-danseuse","status":"publish","type":"product","link":"https:\/\/parapharmacieenligne.ma\/en\/product\/dodie-2-sucette-anatomique-a47-18m-duo-fille-fleurs-danseuse\/","title":{"rendered":"Dodie 2 Sucette Anatomique A47 +18m Duo Fille Fleurs\/Danseuse"},"content":{"rendered":"","protected":false},"excerpt":{"rendered":"<p>Highlights:Ne cherchez plus la sucette de b\u00e9b\u00e9 gr\u00e2ce \u00e0 l\u2019attache sucette avec un ruban et syst\u00e8me d\u2019attache par le clip<\/p>","protected":false},"featured_media":11317,"comment_status":"open","ping_status":"closed","template":"","meta":[],"product_cat":[87],"product_tag":[],"yith_product_brand":[149],"class_list":{"0":"post-11258","1":"product","2":"type-product","3":"status-publish","4":"has-post-thumbnail","6":"product_cat-bebe-et-maman","7":"yith_product_brand-dodie","9":"first","10":"instock","11":"sale","12":"shipping-taxable","13":"purchasable","14":"product-type-simple"},"_links":{"self":[{"href":"https:\/\/parapharmacieenligne.ma\/en\/wp-json\/wp\/v2\/product\/11258","targetHints":{"allow":["GET"]}}],"collection":[{"href":"https:\/\/parapharmacieenligne.ma\/en\/wp-json\/wp\/v2\/product"}],"about":[{"href":"https:\/\/parapharmacieenligne.ma\/en\/wp-json\/wp\/v2\/types\/product"}],"replies":[{"embeddable":true,"href":"https:\/\/parapharmacieenligne.ma\/en\/wp-json\/wp\/v2\/comments?post=11258"}],"version-history":[{"count":1,"href":"https:\/\/parapharmacieenligne.ma\/en\/wp-json\/wp\/v2\/product\/11258\/revisions"}],"predecessor-version":[{"id":11318,"href":"https:\/\/parapharmacieenligne.ma\/en\/wp-json\/wp\/v2\/product\/11258\/revisions\/11318"}],"wp:featuredmedia":[{"embeddable":true,"href":"https:\/\/parapharmacieenligne.ma\/en\/wp-json\/wp\/v2\/media\/11317"}],"wp:attachment":[{"href":"https:\/\/parapharmacieenligne.ma\/en\/wp-json\/wp\/v2\/media?parent=11258"}],"wp:term":[{"taxonomy":"product_cat","embeddable":true,"href":"https:\/\/parapharmacieenligne.ma\/en\/wp-json\/wp\/v2\/product_cat?post=11258"},{"taxonomy":"product_tag","embeddable":true,"href":"https:\/\/parapharmacieenligne.ma\/en\/wp-json\/wp\/v2\/product_tag?post=11258"},{"taxonomy":"yith_product_brand","embeddable":true,"href":"https:\/\/parapharmacieenligne.ma\/en\/wp-json\/wp\/v2\/yith_product_brand?post=11258"}],"curies":[{"name":"wp","href":"https:\/\/api.w.org\/{rel}","templated":true}]}}