{"id":11269,"date":"2026-01-27T16:24:45","date_gmt":"2026-01-27T15:24:45","guid":{"rendered":"https:\/\/parapharmacieenligne.ma\/?post_type=product&#038;p=11269"},"modified":"2026-01-27T16:27:34","modified_gmt":"2026-01-27T15:27:34","slug":"dodie-sucette-physio-lapin-coueur-0-2m-p49","status":"publish","type":"product","link":"https:\/\/parapharmacieenligne.ma\/en\/product\/dodie-sucette-physio-lapin-coueur-0-2m-p49\/","title":{"rendered":"Dodie Sucette physio lapin coueur 0-2m P49"},"content":{"rendered":"<div aria-labelledby=\"tab-title-description\" class=\"woocommerce-Tabs-panel woocommerce-Tabs-panel--description panel entry-content wc-tab\" id=\"tab-description\" role=\"tabpanel\" style=\"\">\n<h2>Description<\/h2>\n<div class=\"titre_zone_desc\">DESCRIPTION:<\/div>\n<div class=\"content_zone_desc tabcontent\">\n<div id=\"type_info_prio_11_1\">\n<p>Dodie Sucette Physiologique Silicone 0-2 Mois N\u00b0P49 est une sucette d\u00e9velopp\u00e9e avec des experts pour les b\u00e9b\u00e9s de 0 \u00e0 2 mois.<\/p>\n<ul>\n<li>Sa forme physiologique s\u2019adapte id\u00e9alement au palais de b\u00e9b\u00e9.<\/li>\n<li>Sa t\u00e9terelle fine favorise le bon d\u00e9veloppement de la bouche de b\u00e9b\u00e9.<\/li>\n<li>Les trous d\u2019a\u00e9ration minimisent le risque d\u2019irritation.<\/li>\n<li>Le bouclier est en tritan, une mati\u00e8re l\u00e9g\u00e8re pour un maintien en bouche facile.<\/li>\n<\/ul><\/div>\n<\/p><\/div>\n<\/p><\/div>","protected":false},"excerpt":{"rendered":"<p>Highlights:Notre biberon Natural est dot\u00e9 d\u2019une t\u00e9tine ultra-douce dont les caract\u00e9ristiques se rapprochent plus de celles du sein.<\/p>","protected":false},"featured_media":11326,"comment_status":"open","ping_status":"closed","template":"","meta":[],"product_cat":[87],"product_tag":[],"yith_product_brand":[149],"class_list":{"0":"post-11269","1":"product","2":"type-product","3":"status-publish","4":"has-post-thumbnail","6":"product_cat-bebe-et-maman","7":"yith_product_brand-dodie","9":"first","10":"instock","11":"sale","12":"shipping-taxable","13":"purchasable","14":"product-type-simple"},"_links":{"self":[{"href":"https:\/\/parapharmacieenligne.ma\/en\/wp-json\/wp\/v2\/product\/11269","targetHints":{"allow":["GET"]}}],"collection":[{"href":"https:\/\/parapharmacieenligne.ma\/en\/wp-json\/wp\/v2\/product"}],"about":[{"href":"https:\/\/parapharmacieenligne.ma\/en\/wp-json\/wp\/v2\/types\/product"}],"replies":[{"embeddable":true,"href":"https:\/\/parapharmacieenligne.ma\/en\/wp-json\/wp\/v2\/comments?post=11269"}],"version-history":[{"count":1,"href":"https:\/\/parapharmacieenligne.ma\/en\/wp-json\/wp\/v2\/product\/11269\/revisions"}],"predecessor-version":[{"id":11327,"href":"https:\/\/parapharmacieenligne.ma\/en\/wp-json\/wp\/v2\/product\/11269\/revisions\/11327"}],"wp:featuredmedia":[{"embeddable":true,"href":"https:\/\/parapharmacieenligne.ma\/en\/wp-json\/wp\/v2\/media\/11326"}],"wp:attachment":[{"href":"https:\/\/parapharmacieenligne.ma\/en\/wp-json\/wp\/v2\/media?parent=11269"}],"wp:term":[{"taxonomy":"product_cat","embeddable":true,"href":"https:\/\/parapharmacieenligne.ma\/en\/wp-json\/wp\/v2\/product_cat?post=11269"},{"taxonomy":"product_tag","embeddable":true,"href":"https:\/\/parapharmacieenligne.ma\/en\/wp-json\/wp\/v2\/product_tag?post=11269"},{"taxonomy":"yith_product_brand","embeddable":true,"href":"https:\/\/parapharmacieenligne.ma\/en\/wp-json\/wp\/v2\/yith_product_brand?post=11269"}],"curies":[{"name":"wp","href":"https:\/\/api.w.org\/{rel}","templated":true}]}}