{"id":11279,"date":"2026-01-27T16:25:17","date_gmt":"2026-01-27T15:25:17","guid":{"rendered":"https:\/\/parapharmacieenligne.ma\/?post_type=product&#038;p=11279"},"modified":"2026-01-27T16:27:50","modified_gmt":"2026-01-27T15:27:50","slug":"dodie-biberon-senstation-tetine-plate-330ml-6m-jardin","status":"publish","type":"product","link":"https:\/\/parapharmacieenligne.ma\/en\/product\/dodie-biberon-senstation-tetine-plate-330ml-6m-jardin\/","title":{"rendered":"Dodie Biberon senstation+ T\u00e9tine plate 330ml + 6m jardin"},"content":{"rendered":"<div aria-labelledby=\"tab-title-description\" class=\"woocommerce-Tabs-panel woocommerce-Tabs-panel--description panel entry-content wc-tab\" id=\"tab-description\" role=\"tabpanel\" style=\"\">\n<h2>Description<\/h2>\n<div class=\"panel-collapse collapse in\" id=\"collapseIndication\">\n<div class=\"panel-body\">\n<div class=\"product-description\">\n<ul>\n<li>T\u00e9tine plate : favorise le passage du sein au biberon.<\/li>\n<li>Anti-colique : technologie anti-colique directement int\u00e9gr\u00e9e \u00e0 la t\u00e9tine.<\/li>\n<li>La t\u00e9tine poss\u00e8de une double valve qui favorise une circulation d\u2019air r\u00e9guli\u00e8re dans le biberon et non dans le ventre de b\u00e9b\u00e9.<\/li>\n<li>Anti-fuites : biberon en une seule pi\u00e8ce.<\/li>\n<li>Capuchon ergonomique : facile \u00e0 ouvrir d\u2019une seule main.<\/li>\n<li>Design exclusif, forme triangulaire con\u00e7ue pour la main de b\u00e9b\u00e9.<\/li>\n<li>0% BPA (conform\u00e9ment \u00e0 la r\u00e9glementation en vigueur) et 0% BPS<\/li>\n<li>100% fabriqu\u00e9 en France<\/li>\n<\/ul><\/div>\n<\/p><\/div>\n<\/p><\/div>\n<\/p><\/div>","protected":false},"excerpt":{"rendered":"<p>Highlights:Double valve d\u2019a\u00e9ration anti-r\u00e9tractation, anti-colique et anti-r\u00e9gurgitation<\/p>","protected":false},"featured_media":11332,"comment_status":"open","ping_status":"closed","template":"","meta":[],"product_cat":[87],"product_tag":[],"yith_product_brand":[149],"class_list":{"0":"post-11279","1":"product","2":"type-product","3":"status-publish","4":"has-post-thumbnail","6":"product_cat-bebe-et-maman","7":"yith_product_brand-dodie","9":"first","10":"instock","11":"sale","12":"shipping-taxable","13":"purchasable","14":"product-type-simple"},"_links":{"self":[{"href":"https:\/\/parapharmacieenligne.ma\/en\/wp-json\/wp\/v2\/product\/11279","targetHints":{"allow":["GET"]}}],"collection":[{"href":"https:\/\/parapharmacieenligne.ma\/en\/wp-json\/wp\/v2\/product"}],"about":[{"href":"https:\/\/parapharmacieenligne.ma\/en\/wp-json\/wp\/v2\/types\/product"}],"replies":[{"embeddable":true,"href":"https:\/\/parapharmacieenligne.ma\/en\/wp-json\/wp\/v2\/comments?post=11279"}],"version-history":[{"count":1,"href":"https:\/\/parapharmacieenligne.ma\/en\/wp-json\/wp\/v2\/product\/11279\/revisions"}],"predecessor-version":[{"id":11333,"href":"https:\/\/parapharmacieenligne.ma\/en\/wp-json\/wp\/v2\/product\/11279\/revisions\/11333"}],"wp:featuredmedia":[{"embeddable":true,"href":"https:\/\/parapharmacieenligne.ma\/en\/wp-json\/wp\/v2\/media\/11332"}],"wp:attachment":[{"href":"https:\/\/parapharmacieenligne.ma\/en\/wp-json\/wp\/v2\/media?parent=11279"}],"wp:term":[{"taxonomy":"product_cat","embeddable":true,"href":"https:\/\/parapharmacieenligne.ma\/en\/wp-json\/wp\/v2\/product_cat?post=11279"},{"taxonomy":"product_tag","embeddable":true,"href":"https:\/\/parapharmacieenligne.ma\/en\/wp-json\/wp\/v2\/product_tag?post=11279"},{"taxonomy":"yith_product_brand","embeddable":true,"href":"https:\/\/parapharmacieenligne.ma\/en\/wp-json\/wp\/v2\/yith_product_brand?post=11279"}],"curies":[{"name":"wp","href":"https:\/\/api.w.org\/{rel}","templated":true}]}}