{"id":11280,"date":"2026-01-27T16:25:18","date_gmt":"2026-01-27T15:25:18","guid":{"rendered":"https:\/\/parapharmacieenligne.ma\/?post_type=product&#038;p=11280"},"modified":"2026-01-27T16:28:00","modified_gmt":"2026-01-27T15:28:00","slug":"dodie-biberon-senstation-tetine-plate-270ml-0-6m-jardin","status":"publish","type":"product","link":"https:\/\/parapharmacieenligne.ma\/en\/product\/dodie-biberon-senstation-tetine-plate-270ml-0-6m-jardin\/","title":{"rendered":"Dodie Biberon senstation+ T\u00e9tine plate 270ml 0-6m jardin"},"content":{"rendered":"<div aria-labelledby=\"tab-title-description\" class=\"woocommerce-Tabs-panel woocommerce-Tabs-panel--description panel entry-content wc-tab\" id=\"tab-description\" role=\"tabpanel\" style=\"\">\n<h2>Description<\/h2>\n<ul>\n<li>T\u00e9tine plate : favorise le passage du sein au biberon.<\/li>\n<li>Anti-colique : technologie anti-colique directement int\u00e9gr\u00e9e \u00e0 la t\u00e9tine.<\/li>\n<li>La t\u00e9tine poss\u00e8de une double valve qui favorise une circulation d\u2019air r\u00e9guli\u00e8re dans le biberon et non dans le ventre de b\u00e9b\u00e9.<\/li>\n<li>Anti-fuites : biberon en une seule pi\u00e8ce.<\/li>\n<li>Capuchon ergonomique : facile \u00e0 ouvrir d\u2019une seule main.<\/li>\n<li>Design exclusif, forme triangulaire con\u00e7ue pour la main de b\u00e9b\u00e9.<\/li>\n<\/ul><\/div>","protected":false},"excerpt":{"rendered":"<p>Highlights:0% BPA (conform\u00e9ment \u00e0 la r\u00e9glementation en vigueur) et 0% BPS100% fabriqu\u00e9 en France<\/p>","protected":false},"featured_media":11334,"comment_status":"open","ping_status":"closed","template":"","meta":[],"product_cat":[87],"product_tag":[],"yith_product_brand":[149],"class_list":{"0":"post-11280","1":"product","2":"type-product","3":"status-publish","4":"has-post-thumbnail","6":"product_cat-bebe-et-maman","7":"yith_product_brand-dodie","9":"first","10":"instock","11":"sale","12":"shipping-taxable","13":"purchasable","14":"product-type-simple"},"_links":{"self":[{"href":"https:\/\/parapharmacieenligne.ma\/en\/wp-json\/wp\/v2\/product\/11280","targetHints":{"allow":["GET"]}}],"collection":[{"href":"https:\/\/parapharmacieenligne.ma\/en\/wp-json\/wp\/v2\/product"}],"about":[{"href":"https:\/\/parapharmacieenligne.ma\/en\/wp-json\/wp\/v2\/types\/product"}],"replies":[{"embeddable":true,"href":"https:\/\/parapharmacieenligne.ma\/en\/wp-json\/wp\/v2\/comments?post=11280"}],"version-history":[{"count":1,"href":"https:\/\/parapharmacieenligne.ma\/en\/wp-json\/wp\/v2\/product\/11280\/revisions"}],"predecessor-version":[{"id":11335,"href":"https:\/\/parapharmacieenligne.ma\/en\/wp-json\/wp\/v2\/product\/11280\/revisions\/11335"}],"wp:featuredmedia":[{"embeddable":true,"href":"https:\/\/parapharmacieenligne.ma\/en\/wp-json\/wp\/v2\/media\/11334"}],"wp:attachment":[{"href":"https:\/\/parapharmacieenligne.ma\/en\/wp-json\/wp\/v2\/media?parent=11280"}],"wp:term":[{"taxonomy":"product_cat","embeddable":true,"href":"https:\/\/parapharmacieenligne.ma\/en\/wp-json\/wp\/v2\/product_cat?post=11280"},{"taxonomy":"product_tag","embeddable":true,"href":"https:\/\/parapharmacieenligne.ma\/en\/wp-json\/wp\/v2\/product_tag?post=11280"},{"taxonomy":"yith_product_brand","embeddable":true,"href":"https:\/\/parapharmacieenligne.ma\/en\/wp-json\/wp\/v2\/yith_product_brand?post=11280"}],"curies":[{"name":"wp","href":"https:\/\/api.w.org\/{rel}","templated":true}]}}