{"id":11281,"date":"2026-01-27T16:25:18","date_gmt":"2026-01-27T15:25:18","guid":{"rendered":"https:\/\/parapharmacieenligne.ma\/?post_type=product&#038;p=11281"},"modified":"2026-01-27T16:28:06","modified_gmt":"2026-01-27T15:28:06","slug":"dodie-biberon-senstation-tetine-plate-150ml-0-6m-jardin","status":"publish","type":"product","link":"https:\/\/parapharmacieenligne.ma\/en\/product\/dodie-biberon-senstation-tetine-plate-150ml-0-6m-jardin\/","title":{"rendered":"Dodie Biberon senstation+ T\u00e9tine plate 150ml 0-6m jardin"},"content":{"rendered":"<div aria-labelledby=\"tab-title-description\" class=\"woocommerce-Tabs-panel woocommerce-Tabs-panel--description panel entry-content wc-tab\" id=\"tab-description\" role=\"tabpanel\" style=\"\">\n<h2>Description<\/h2>\n<p>Biberon sensation+ 150 ml, d\u00e9cors Jardin, \u00e9quip\u00e9 d\u2019une t\u00e9tine plate d\u00e9bit lent pour les b\u00e9b\u00e9s d\u00e8s la naissance. Son syst\u00e8me anti-colique est int\u00e9gr\u00e9 \u00e0 la t\u00e9tine gr\u00e2ce \u00e0 une double valve brevet\u00e9e, qui favorise la circulation de l\u2019air et r\u00e9duit les risques de coliques, d\u2019a\u00e9rophagie et de r\u00e9gurgitations. La t\u00e9tine plate imite la forme aplatie du sein pendant la t\u00e9t\u00e9e, ce qui favorise le passage du sein au biberon, et elle est accept\u00e9e facilement par 95% des b\u00e9b\u00e9s. Ce biberon triangulaire est facile \u00e0 prendre en main et garanti sans bisph\u00e9nol A ni S (conform\u00e9ment \u00e0 la r\u00e9glementation en vigueur).<\/p>\n<\/p><\/div>","protected":false},"excerpt":{"rendered":"<p>Highlights:Biberon oiseau d\u00e9bit 1 0-6 mois 150 ml est un biberon destin\u00e9 aux b\u00e9b\u00e9s, d\u00e8s la naissance jusqu\u2019\u00e0 leurs six mois qui reproduit la forme aplatie du sein lors de la t\u00e9t\u00e9e, id\u00e9ale pour passer du sein au biberon.<\/p>","protected":false},"featured_media":11336,"comment_status":"open","ping_status":"closed","template":"","meta":[],"product_cat":[87],"product_tag":[],"yith_product_brand":[149],"class_list":{"0":"post-11281","1":"product","2":"type-product","3":"status-publish","4":"has-post-thumbnail","6":"product_cat-bebe-et-maman","7":"yith_product_brand-dodie","9":"first","10":"instock","11":"sale","12":"shipping-taxable","13":"purchasable","14":"product-type-simple"},"_links":{"self":[{"href":"https:\/\/parapharmacieenligne.ma\/en\/wp-json\/wp\/v2\/product\/11281","targetHints":{"allow":["GET"]}}],"collection":[{"href":"https:\/\/parapharmacieenligne.ma\/en\/wp-json\/wp\/v2\/product"}],"about":[{"href":"https:\/\/parapharmacieenligne.ma\/en\/wp-json\/wp\/v2\/types\/product"}],"replies":[{"embeddable":true,"href":"https:\/\/parapharmacieenligne.ma\/en\/wp-json\/wp\/v2\/comments?post=11281"}],"version-history":[{"count":1,"href":"https:\/\/parapharmacieenligne.ma\/en\/wp-json\/wp\/v2\/product\/11281\/revisions"}],"predecessor-version":[{"id":11337,"href":"https:\/\/parapharmacieenligne.ma\/en\/wp-json\/wp\/v2\/product\/11281\/revisions\/11337"}],"wp:featuredmedia":[{"embeddable":true,"href":"https:\/\/parapharmacieenligne.ma\/en\/wp-json\/wp\/v2\/media\/11336"}],"wp:attachment":[{"href":"https:\/\/parapharmacieenligne.ma\/en\/wp-json\/wp\/v2\/media?parent=11281"}],"wp:term":[{"taxonomy":"product_cat","embeddable":true,"href":"https:\/\/parapharmacieenligne.ma\/en\/wp-json\/wp\/v2\/product_cat?post=11281"},{"taxonomy":"product_tag","embeddable":true,"href":"https:\/\/parapharmacieenligne.ma\/en\/wp-json\/wp\/v2\/product_tag?post=11281"},{"taxonomy":"yith_product_brand","embeddable":true,"href":"https:\/\/parapharmacieenligne.ma\/en\/wp-json\/wp\/v2\/yith_product_brand?post=11281"}],"curies":[{"name":"wp","href":"https:\/\/api.w.org\/{rel}","templated":true}]}}