{"id":11290,"date":"2026-01-27T16:25:49","date_gmt":"2026-01-27T15:25:49","guid":{"rendered":"https:\/\/parapharmacieenligne.ma\/?post_type=product&#038;p=11290"},"modified":"2026-01-27T16:28:14","modified_gmt":"2026-01-27T15:28:14","slug":"dodie-biberon-senstation-tetine-plate-330ml-6m-mer","status":"publish","type":"product","link":"https:\/\/parapharmacieenligne.ma\/en\/product\/dodie-biberon-senstation-tetine-plate-330ml-6m-mer\/","title":{"rendered":"Dodie Biberon senstation + Tetine plate 330ml +6m Mer"},"content":{"rendered":"<div aria-labelledby=\"tab-title-description\" class=\"woocommerce-Tabs-panel woocommerce-Tabs-panel--description panel entry-content wc-tab\" id=\"tab-description\" role=\"tabpanel\" style=\"\">\n<h2>Description<\/h2>\n<div class=\"content\">\n<p>Son syst\u00e8me anti-colique est int\u00e9gr\u00e9 \u00e0 la t\u00e9tine gr\u00e2ce \u00e0 une double valve brevet\u00e9e, qui favorise la circulation de l\u2019air et r\u00e9duit les risques de coliques, d\u2019a\u00e9rophagie et de r\u00e9gurgitations.<br \/>\n La t\u00e9tine plate imite la forme aplatie du sein pendant la t\u00e9t\u00e9e, ce qui favorise le passage du sein au biberon, et elle est accept\u00e9e facilement par 95% des b\u00e9b\u00e9s (test r\u00e9alis\u00e9 par l\u2019IDM en octobre 2014 aupr\u00e8s de 20 mamans d\u2019enfants \u00e2g\u00e9s de 0 \u00e0 12 mois).<br \/>\n Ce biberon triangulaire est facile \u00e0 prendre en main et garanti sans bisph\u00e9nol A ni S (conform\u00e9ment \u00e0 la r\u00e9glementation en vigueur)<\/p>\n<p><u>Les produit :<\/u><br \/>\n \u2013 Syst\u00e8me anti-colique int\u00e9gr\u00e9 \u00e0 la t\u00e9tine gr\u00e2ce \u00e0 une double valve brevet\u00e9e<br \/>\n \u2013 T\u00e9tine plate imitant la forme aplatie du sein pendant la t\u00e9t\u00e9e : favorise le passage du sein au biberon , accept\u00e9e facilement par 95% des b\u00e9b\u00e9s<br \/>\n \u2013 Biberon triangulaire, facile \u00e0 prendre en main et garanti sans bisph\u00e9nol A ni S (conform\u00e9ment \u00e0 la r\u00e9glementation en vigueur)<br \/>\n <u>Caract\u00e9ristiques produit :<\/u><br \/>\n \u2013 Contenance : 330ml<br \/>\n \u2013 D\u00e9bit t\u00e9tine : Rapide<br \/>\n \u2013 Composition : Corps, bague et capot en polypropyl\u00e8ne \/ T\u00e9tine en silicone<br \/>\n \u2013 Utilisation : A partir de 6 mois<\/p>\n<p>CONSEILS D\u2019UTILISATION ET PR\u00c9CAUTIONS D\u2019EMPLOI<\/p>\n<p>Avant la premi\u00e8re utilisation, faire bouillir le biberon, la t\u00e9tine et les accessoires Dodie pendant 5 minutes.<br \/>\n Avant chaque utilisation, laver le biberon \u00e0 l\u2019eau ti\u00e8de savonneuse \u00e0 l\u2019aide d\u2019un goupillon doux, puis rincer. Pour \u00e9viter tout endommagement du biberon, veiller \u00e0 utiliser des d\u00e9tergents doux.<br \/>\n Toutes les pi\u00e8ces peuvent \u00eatre lav\u00e9es au lave-vaisselle (dans le panier sup\u00e9rieur).<br \/>\n Avant chaque utilisation, nettoyer la t\u00e9tine \u00e0 la main. Examiner et tirer la t\u00e9tine dans tous les sens. La jeter d\u00e8s les premiers signes de d\u00e9t\u00e9rioration ou de fragilit\u00e9. Ne pas exposer directement la t\u00e9tine au soleil ou \u00e0 la chaleur.<\/p>\n<p>INSTRUCTIONS POUR LA ST\u00c9RILISATION<br \/>\n Pour une st\u00e9rilisation \u00e0 froid, bien suivre les conseils d\u2019utilisation. Veiller \u00e0 ne pas laisser la t\u00e9tine dans la solution st\u00e9rilisante plus longtemps qu\u2019indiqu\u00e9 et bien \u00e9goutter le biberon et la t\u00e9tine avant de pr\u00e9parer le biberon.<br \/>\n Pour une st\u00e9rilisation \u00e0 chaud (vapeur ou micro-ondes), bien suivre les conseils de la notice de l\u2019appareil utilis\u00e9.<br \/>\n Avant de nettoyer ou de st\u00e9riliser \u00e0 chaud, d\u00e9monter enti\u00e8rement le biberon.<br \/>\n Attendre que les parties aient bien refroidi avant de remonter le biberon car, lorsque la bague est chaude, elle peut \u00eatre difficile \u00e0 visser au biberon.<\/p>\n<p>INSTRUCTIONS POUR LE CHAUFFAGE (NE PAS SURCHAUFFER)<br \/>\n Si vous chauffez le biberon Dodie, notamment au micro-ondes, placez le biberon droit, ouvert et rempli.<br \/>\n Avant de nourrir votre b\u00e9b\u00e9, pensez \u00e0 bien remuer l\u2019aliment chauff\u00e9 pour r\u00e9partir la chaleur et \u00e0 tester la temp\u00e9rature. Le chauffage au micro-ondes peut engendrer localement de hautes temp\u00e9ratures.<\/p>\n<p>POUR LA S\u00c9CURIT\u00c9 ET LA SANT\u00c9 DE VOTRE ENFANT: AVERTISSEMENT!<br \/>\n Les biberons en verre peuvent se casser.<br \/>\n Les t\u00e9tines en caoutchouc ne sont pas adapt\u00e9es au biberon Dodie en verre.<br \/>\n Ce produit doit toujours \u00eatre utilis\u00e9 sous la surveillance d\u2019un adulte.<br \/>\n Garder tous les \u00e9l\u00e9ments non utilis\u00e9s (bague, capuchon) hors de la port\u00e9e des enfants.<br \/>\n Ne jamais utiliser une t\u00e9tine de biberon en guise de sucette.<br \/>\n La t\u00e9t\u00e9e continue et prolong\u00e9e de liquide peut entrainer l\u2019apparition de caries dentaires, et cela m\u00eame avec des liquides non sucr\u00e9s.<br \/>\n Toujours v\u00e9rifier la temp\u00e9rature de l\u2019aliment avant de faire boire l\u2019enfant.<br \/>\n La t\u00e9tine Dodie s\u2019adapte sur tous les biberons col large et doit \u00eatre fix\u00e9e avec la bague de serrage.<br \/>\n Remplacer la t\u00e9tine au moins toutes les 6 semaines par mesure d\u2019hygi\u00e8ne et de s\u00e9curit\u00e9.<\/p>\n<\/p><\/div>\n<\/p><\/div>","protected":false},"excerpt":{"rendered":"<p>Highlights:Conservez le lait maternel en toute s\u00e9curit\u00e9Extrayez votre lait, conservez-le et nourrissez votre b\u00e9b\u00e9 gr\u00e2ce \u00e0 notre nouveau pot de stockage.<\/p>","protected":false},"featured_media":11338,"comment_status":"open","ping_status":"closed","template":"","meta":[],"product_cat":[87],"product_tag":[],"yith_product_brand":[149],"class_list":{"0":"post-11290","1":"product","2":"type-product","3":"status-publish","4":"has-post-thumbnail","6":"product_cat-bebe-et-maman","7":"yith_product_brand-dodie","9":"first","10":"instock","11":"sale","12":"shipping-taxable","13":"purchasable","14":"product-type-simple"},"_links":{"self":[{"href":"https:\/\/parapharmacieenligne.ma\/en\/wp-json\/wp\/v2\/product\/11290","targetHints":{"allow":["GET"]}}],"collection":[{"href":"https:\/\/parapharmacieenligne.ma\/en\/wp-json\/wp\/v2\/product"}],"about":[{"href":"https:\/\/parapharmacieenligne.ma\/en\/wp-json\/wp\/v2\/types\/product"}],"replies":[{"embeddable":true,"href":"https:\/\/parapharmacieenligne.ma\/en\/wp-json\/wp\/v2\/comments?post=11290"}],"version-history":[{"count":1,"href":"https:\/\/parapharmacieenligne.ma\/en\/wp-json\/wp\/v2\/product\/11290\/revisions"}],"predecessor-version":[{"id":11339,"href":"https:\/\/parapharmacieenligne.ma\/en\/wp-json\/wp\/v2\/product\/11290\/revisions\/11339"}],"wp:featuredmedia":[{"embeddable":true,"href":"https:\/\/parapharmacieenligne.ma\/en\/wp-json\/wp\/v2\/media\/11338"}],"wp:attachment":[{"href":"https:\/\/parapharmacieenligne.ma\/en\/wp-json\/wp\/v2\/media?parent=11290"}],"wp:term":[{"taxonomy":"product_cat","embeddable":true,"href":"https:\/\/parapharmacieenligne.ma\/en\/wp-json\/wp\/v2\/product_cat?post=11290"},{"taxonomy":"product_tag","embeddable":true,"href":"https:\/\/parapharmacieenligne.ma\/en\/wp-json\/wp\/v2\/product_tag?post=11290"},{"taxonomy":"yith_product_brand","embeddable":true,"href":"https:\/\/parapharmacieenligne.ma\/en\/wp-json\/wp\/v2\/yith_product_brand?post=11290"}],"curies":[{"name":"wp","href":"https:\/\/api.w.org\/{rel}","templated":true}]}}