{"id":11291,"date":"2026-01-27T16:25:50","date_gmt":"2026-01-27T15:25:50","guid":{"rendered":"https:\/\/parapharmacieenligne.ma\/?post_type=product&#038;p=11291"},"modified":"2026-01-27T16:28:24","modified_gmt":"2026-01-27T15:28:24","slug":"dodie-biberon-senstation-tetine-plate-330ml-6m-air","status":"publish","type":"product","link":"https:\/\/parapharmacieenligne.ma\/en\/product\/dodie-biberon-senstation-tetine-plate-330ml-6m-air\/","title":{"rendered":"Dodie Biberon senstation+ T\u00e9tine plate 330ml +6m Air"},"content":{"rendered":"<div aria-labelledby=\"tab-title-description\" class=\"woocommerce-Tabs-panel woocommerce-Tabs-panel--description panel entry-content wc-tab\" id=\"tab-description\" role=\"tabpanel\" style=\"\">\n<h2>Description<\/h2>\n<p>Le biberon anti-colique t\u00e9tine plate<br \/>\n Biberon Sensation 330mL \u00e9quip\u00e9 d\u2019une t\u00e9tine plate d\u00e9bit rapide<br \/>\n Syst\u00e8me anti-colique int\u00e9gr\u00e9 \u00e0 la t\u00e9tine gr\u00e2ce \u00e0 une double valve brevet\u00e9e<br \/>\n T\u00e9tine plate imitant la forme aplatie du sein pendant la t\u00e9t\u00e9e : favorise le passage du sein au biberon , accept\u00e9e facilement par 95% des b\u00e9b\u00e9s (test r\u00e9alis\u00e9 par l\u2019IDM en octobre 2014 aupr\u00e8s de 20 mamans d\u2019enfants \u00e2g\u00e9s de 0 \u00e0 12 mois)<br \/>\n Biberon triangulaire, facile \u00e0 prendre en main et garanti sans bisph\u00e9nol A ni S (conform\u00e9ment \u00e0 la r\u00e9glementation en vigueur)<\/p>\n<\/p><\/div>","protected":false},"excerpt":{"rendered":"<p>Highlights:Le biberon 2\u00e8me \u00e2ge id\u00e9al<\/p>","protected":false},"featured_media":11340,"comment_status":"open","ping_status":"closed","template":"","meta":[],"product_cat":[87],"product_tag":[],"yith_product_brand":[149],"class_list":{"0":"post-11291","1":"product","2":"type-product","3":"status-publish","4":"has-post-thumbnail","6":"product_cat-bebe-et-maman","7":"yith_product_brand-dodie","9":"first","10":"instock","11":"sale","12":"shipping-taxable","13":"purchasable","14":"product-type-simple"},"_links":{"self":[{"href":"https:\/\/parapharmacieenligne.ma\/en\/wp-json\/wp\/v2\/product\/11291","targetHints":{"allow":["GET"]}}],"collection":[{"href":"https:\/\/parapharmacieenligne.ma\/en\/wp-json\/wp\/v2\/product"}],"about":[{"href":"https:\/\/parapharmacieenligne.ma\/en\/wp-json\/wp\/v2\/types\/product"}],"replies":[{"embeddable":true,"href":"https:\/\/parapharmacieenligne.ma\/en\/wp-json\/wp\/v2\/comments?post=11291"}],"version-history":[{"count":1,"href":"https:\/\/parapharmacieenligne.ma\/en\/wp-json\/wp\/v2\/product\/11291\/revisions"}],"predecessor-version":[{"id":11341,"href":"https:\/\/parapharmacieenligne.ma\/en\/wp-json\/wp\/v2\/product\/11291\/revisions\/11341"}],"wp:featuredmedia":[{"embeddable":true,"href":"https:\/\/parapharmacieenligne.ma\/en\/wp-json\/wp\/v2\/media\/11340"}],"wp:attachment":[{"href":"https:\/\/parapharmacieenligne.ma\/en\/wp-json\/wp\/v2\/media?parent=11291"}],"wp:term":[{"taxonomy":"product_cat","embeddable":true,"href":"https:\/\/parapharmacieenligne.ma\/en\/wp-json\/wp\/v2\/product_cat?post=11291"},{"taxonomy":"product_tag","embeddable":true,"href":"https:\/\/parapharmacieenligne.ma\/en\/wp-json\/wp\/v2\/product_tag?post=11291"},{"taxonomy":"yith_product_brand","embeddable":true,"href":"https:\/\/parapharmacieenligne.ma\/en\/wp-json\/wp\/v2\/yith_product_brand?post=11291"}],"curies":[{"name":"wp","href":"https:\/\/api.w.org\/{rel}","templated":true}]}}