{"id":11293,"date":"2026-01-27T16:25:51","date_gmt":"2026-01-27T15:25:51","guid":{"rendered":"https:\/\/parapharmacieenligne.ma\/?post_type=product&#038;p=11293"},"modified":"2026-01-27T16:28:37","modified_gmt":"2026-01-27T15:28:37","slug":"dodie-biberon-senstation-tetine-plate-270ml-0-6m-air","status":"publish","type":"product","link":"https:\/\/parapharmacieenligne.ma\/en\/product\/dodie-biberon-senstation-tetine-plate-270ml-0-6m-air\/","title":{"rendered":"Dodie Biberon senstation+ T\u00e9tine plate 270ml 0-6m Air"},"content":{"rendered":"<div aria-labelledby=\"tab-title-description\" class=\"woocommerce-Tabs-panel woocommerce-Tabs-panel--description panel entry-content wc-tab\" id=\"tab-description\" role=\"tabpanel\" style=\"\">\n<h2>Description<\/h2>\n<p>Syst\u00e8me anti-colique int\u00e9gr\u00e9 \u00e0 la t\u00e9tine gr\u00e2ce \u00e0 une double valve brevet\u00e9e T\u00e9tine plate imitant la forme aplatie du sein pendant la t\u00e9t\u00e9e : favorise le passage du sein au biberon , accept\u00e9e facilement par 95% des b\u00e9b\u00e9s (test r\u00e9alis\u00e9 par l\u2019IDM en octobre 2014 aupr\u00e8s de 20 mamans d\u2019enfants \u00e2g\u00e9s de 0 \u00e0 12 mois) Biberon triangulaire, facile \u00e0 prendre en main et garanti sans bisph\u00e9nol A ni S (conform\u00e9ment \u00e0 la r\u00e9glementation en vigueur) T\u00e9tine plate : favorise le passage du sein au biberon. Anti-colique : technologie anti-colique directement int\u00e9gr\u00e9e \u00e0 la t\u00e9tine. La t\u00e9tine poss\u00e8de une double valve qui favorise une circulation d\u2019air r\u00e9guli\u00e8re dans le biberon et non dans le ventre de b\u00e9b\u00e9. Anti-fuites : biberon en une seule pi\u00e8ce. Capuchon ergonomique : facile \u00e0 ouvrir d\u2019une seule main. Design exclusif, forme triangulaire con\u00e7ue pour la main de b\u00e9b\u00e9. 0% BPA (conform\u00e9ment \u00e0 la r\u00e9glementation en vigueur) et 0% BPS 100% fabriqu\u00e9 en France<\/p>\n<\/p><\/div>","protected":false},"excerpt":{"rendered":"<p>Highlights:Cliniquement prouv\u00e9, diminue les coliques et l\u2019inconfort*Notre t\u00e9tine Anti-colic est con\u00e7ue pour une t\u00e9t\u00e9e ininterrompue. L\u2019air est dirig\u00e9 vers le biberon, et non dans l\u2019estomac de b\u00e9b\u00e9.<\/p>","protected":false},"featured_media":11344,"comment_status":"open","ping_status":"closed","template":"","meta":[],"product_cat":[87],"product_tag":[],"yith_product_brand":[149],"class_list":{"0":"post-11293","1":"product","2":"type-product","3":"status-publish","4":"has-post-thumbnail","6":"product_cat-bebe-et-maman","7":"yith_product_brand-dodie","9":"first","10":"instock","11":"sale","12":"shipping-taxable","13":"purchasable","14":"product-type-simple"},"_links":{"self":[{"href":"https:\/\/parapharmacieenligne.ma\/en\/wp-json\/wp\/v2\/product\/11293","targetHints":{"allow":["GET"]}}],"collection":[{"href":"https:\/\/parapharmacieenligne.ma\/en\/wp-json\/wp\/v2\/product"}],"about":[{"href":"https:\/\/parapharmacieenligne.ma\/en\/wp-json\/wp\/v2\/types\/product"}],"replies":[{"embeddable":true,"href":"https:\/\/parapharmacieenligne.ma\/en\/wp-json\/wp\/v2\/comments?post=11293"}],"version-history":[{"count":1,"href":"https:\/\/parapharmacieenligne.ma\/en\/wp-json\/wp\/v2\/product\/11293\/revisions"}],"predecessor-version":[{"id":11345,"href":"https:\/\/parapharmacieenligne.ma\/en\/wp-json\/wp\/v2\/product\/11293\/revisions\/11345"}],"wp:featuredmedia":[{"embeddable":true,"href":"https:\/\/parapharmacieenligne.ma\/en\/wp-json\/wp\/v2\/media\/11344"}],"wp:attachment":[{"href":"https:\/\/parapharmacieenligne.ma\/en\/wp-json\/wp\/v2\/media?parent=11293"}],"wp:term":[{"taxonomy":"product_cat","embeddable":true,"href":"https:\/\/parapharmacieenligne.ma\/en\/wp-json\/wp\/v2\/product_cat?post=11293"},{"taxonomy":"product_tag","embeddable":true,"href":"https:\/\/parapharmacieenligne.ma\/en\/wp-json\/wp\/v2\/product_tag?post=11293"},{"taxonomy":"yith_product_brand","embeddable":true,"href":"https:\/\/parapharmacieenligne.ma\/en\/wp-json\/wp\/v2\/yith_product_brand?post=11293"}],"curies":[{"name":"wp","href":"https:\/\/api.w.org\/{rel}","templated":true}]}}