{"id":11371,"date":"2026-01-28T14:55:17","date_gmt":"2026-01-28T13:55:17","guid":{"rendered":"https:\/\/parapharmacieenligne.ma\/?post_type=product&#038;p=11371"},"modified":"2026-01-28T14:56:14","modified_gmt":"2026-01-28T13:56:14","slug":"puressentiel-respiratoire-spray-nasal-hydratant-100ml","status":"publish","type":"product","link":"https:\/\/parapharmacieenligne.ma\/en\/product\/puressentiel-respiratoire-spray-nasal-hydratant-100ml\/","title":{"rendered":"Puressentiel Respiratoire Spray Nasal Hydratant 100ml"},"content":{"rendered":"<div aria-labelledby=\"tab-title-description\" class=\"woocommerce-Tabs-panel woocommerce-Tabs-panel--description panel entry-content wc-tab\" id=\"tab-description\" role=\"tabpanel\" style=\"\">\n<h2>Description<\/h2>\n<p><strong>Pour une hygi\u00e8ne nasale quotidienne des enfants et des adultes.<\/strong><\/p>\n<p>L\u2019association unique d\u2019eau de mer de Bretagne, riche en Oligo-\u00e9l\u00e9ments marins, et d\u2019extrait de Calendula BIO est id\u00e9ale en cas de nez sec, sensible et irrit\u00e9. Cette solutions isotonique aide \u00e0 la prise en charge des infections de la sph\u00e8re ORL : rhume, rhinite allergique. Le nez est efficacement nettoy\u00e9 en douceur. Ce produit <strong>convient aux femmes enceintes et allaitant, et aux enfants \u00e0 partir de 10 ans.<\/strong><\/p>\n<p><strong>Action 3 en 1<\/strong> : il nettoie, hydrate et lib\u00e8re les fosses nasales. Faire un lavage facilite le mouchage, pour une respiration plus fluide et lib\u00e9r\u00e9e.<br \/>\n Quelle que soit sa position, le spray multidirectionnel, avec embout micro-diffusion ergonomique, est facile d\u2019utilisation et assure un nettoyage efficace tout en douceur.<\/p>\n<p>Ce dispositif m\u00e9dical est un produit de sant\u00e9 r\u00e9glement\u00e9 qui porte, au titre de cette r\u00e9glementation, le marquage CE. Lire les instructions avant usage. Sans alcool et sans conservateur. Son efficacit\u00e9 est scientifiquement prouv\u00e9e. La formule est pr\u00e9serv\u00e9e de toute contamination. L\u2019embout est optimis\u00e9 pour une diffusion douce.<\/p>\n<\/p><\/div>","protected":false},"excerpt":{"rendered":"<p>Highlights:Ce spray nasal assure un lavage efficace du nez tout en douceur chez l\u2019enfant d\u00e8s 10 ans et l\u2019adulte pour vous aider \u00e0 mieux respirer.<\/p>","protected":false},"featured_media":11407,"comment_status":"open","ping_status":"closed","template":"","meta":[],"product_cat":[85],"product_tag":[],"yith_product_brand":[150],"class_list":{"0":"post-11371","1":"product","2":"type-product","3":"status-publish","4":"has-post-thumbnail","6":"product_cat-soins-corps","7":"yith_product_brand-puressentiel","9":"first","10":"instock","11":"sale","12":"shipping-taxable","13":"purchasable","14":"product-type-simple"},"_links":{"self":[{"href":"https:\/\/parapharmacieenligne.ma\/en\/wp-json\/wp\/v2\/product\/11371","targetHints":{"allow":["GET"]}}],"collection":[{"href":"https:\/\/parapharmacieenligne.ma\/en\/wp-json\/wp\/v2\/product"}],"about":[{"href":"https:\/\/parapharmacieenligne.ma\/en\/wp-json\/wp\/v2\/types\/product"}],"replies":[{"embeddable":true,"href":"https:\/\/parapharmacieenligne.ma\/en\/wp-json\/wp\/v2\/comments?post=11371"}],"version-history":[{"count":1,"href":"https:\/\/parapharmacieenligne.ma\/en\/wp-json\/wp\/v2\/product\/11371\/revisions"}],"predecessor-version":[{"id":11408,"href":"https:\/\/parapharmacieenligne.ma\/en\/wp-json\/wp\/v2\/product\/11371\/revisions\/11408"}],"wp:featuredmedia":[{"embeddable":true,"href":"https:\/\/parapharmacieenligne.ma\/en\/wp-json\/wp\/v2\/media\/11407"}],"wp:attachment":[{"href":"https:\/\/parapharmacieenligne.ma\/en\/wp-json\/wp\/v2\/media?parent=11371"}],"wp:term":[{"taxonomy":"product_cat","embeddable":true,"href":"https:\/\/parapharmacieenligne.ma\/en\/wp-json\/wp\/v2\/product_cat?post=11371"},{"taxonomy":"product_tag","embeddable":true,"href":"https:\/\/parapharmacieenligne.ma\/en\/wp-json\/wp\/v2\/product_tag?post=11371"},{"taxonomy":"yith_product_brand","embeddable":true,"href":"https:\/\/parapharmacieenligne.ma\/en\/wp-json\/wp\/v2\/yith_product_brand?post=11371"}],"curies":[{"name":"wp","href":"https:\/\/api.w.org\/{rel}","templated":true}]}}