{"id":11396,"date":"2026-01-28T14:55:34","date_gmt":"2026-01-28T13:55:34","guid":{"rendered":"https:\/\/parapharmacieenligne.ma\/?post_type=product&#038;p=11396"},"modified":"2026-01-28T14:58:59","modified_gmt":"2026-01-28T13:58:59","slug":"puressentiel-huile-essentielle-tea-tree-bio-10ml","status":"publish","type":"product","link":"https:\/\/parapharmacieenligne.ma\/en\/product\/puressentiel-huile-essentielle-tea-tree-bio-10ml\/","title":{"rendered":"Puressentiel Huile Essentielle Tea tree BIO 10ml"},"content":{"rendered":"<div aria-labelledby=\"tab-title-description\" class=\"woocommerce-Tabs-panel woocommerce-Tabs-panel--description panel entry-content wc-tab\" id=\"tab-description\" role=\"tabpanel\" style=\"\">\n<h2>Description<\/h2>\n<p>L\u2019<strong>huile essentielle de tea tree (arbre \u00e0 th\u00e9)<\/strong> est extraite gr\u00e2ce \u00e0 la distillation des feuilles, ce qui lui conf\u00e8re une odeur puissante et camphr\u00e9e.<\/p>\n<p>Originaire d\u2019Australie, le tea tree (arbre \u00e0 th\u00e9) est un grand arbuste touffu toujours vert qui a \u00e9t\u00e9 d\u00e9couvert par des naturalistes accompagnant Cook dans un p\u00e9riple sur la rivi\u00e8re Endeavour. Ils le baptis\u00e8rent ainsi car ils l\u2019utilis\u00e8rent en substitut du th\u00e9, le jugeant parfum\u00e9 et revigorant.<\/p>\n<p>Cette huile essentielle est HEBBD (Huile Essentielle Botaniquement et Biochimiquement D\u00e9finie).<\/p>\n<h3><strong>Conseils d\u2019utilisation:<\/strong><\/h3>\n<p><strong>Comment utiliser l\u2019Huile Essentielle de Tea Tree BIO ?<\/strong><\/p>\n<p>Prendre au maximum 2 gouttes d\u2019huile essentielle de tea tree (arbre \u00e0 th\u00e9) 3 fois par jour sur un comprim\u00e9 neutre Puressentiel (ou 1 cuill\u00e8re \u00e0 caf\u00e9 de miel, d\u2019huile d\u2019olive, ou 1\/4 de sucre). Ne pas utiliser l\u2019huile essentielle d\u2019arbre \u00e0 th\u00e9 pure sans support, ni m\u00e9lang\u00e9e \u00e0 l\u2019eau.<br \/>\n Pour d\u2019autres conseils d\u2019utilisation, demandez conseil \u00e0 votre pharmacien.<br \/>\n \u00c9quivalence : 1ml = 34 gouttes.<\/p>\n<\/p><\/div>","protected":false},"excerpt":{"rendered":"<p>Highlights:L\u2019huile essentielle de tea tree (arbre \u00e0 th\u00e9) est extraite gr\u00e2ce \u00e0 la distillation des feuilles, ce qui lui conf\u00e8re une odeur puissante et camphr\u00e9e.<\/p>","protected":false},"featured_media":11482,"comment_status":"open","ping_status":"closed","template":"","meta":[],"product_cat":[],"product_tag":[],"yith_product_brand":[150],"class_list":{"0":"post-11396","1":"product","2":"type-product","3":"status-publish","4":"has-post-thumbnail","6":"yith_product_brand-puressentiel","8":"first","9":"instock","10":"sale","11":"shipping-taxable","12":"purchasable","13":"product-type-simple"},"_links":{"self":[{"href":"https:\/\/parapharmacieenligne.ma\/en\/wp-json\/wp\/v2\/product\/11396","targetHints":{"allow":["GET"]}}],"collection":[{"href":"https:\/\/parapharmacieenligne.ma\/en\/wp-json\/wp\/v2\/product"}],"about":[{"href":"https:\/\/parapharmacieenligne.ma\/en\/wp-json\/wp\/v2\/types\/product"}],"replies":[{"embeddable":true,"href":"https:\/\/parapharmacieenligne.ma\/en\/wp-json\/wp\/v2\/comments?post=11396"}],"version-history":[{"count":1,"href":"https:\/\/parapharmacieenligne.ma\/en\/wp-json\/wp\/v2\/product\/11396\/revisions"}],"predecessor-version":[{"id":11483,"href":"https:\/\/parapharmacieenligne.ma\/en\/wp-json\/wp\/v2\/product\/11396\/revisions\/11483"}],"wp:featuredmedia":[{"embeddable":true,"href":"https:\/\/parapharmacieenligne.ma\/en\/wp-json\/wp\/v2\/media\/11482"}],"wp:attachment":[{"href":"https:\/\/parapharmacieenligne.ma\/en\/wp-json\/wp\/v2\/media?parent=11396"}],"wp:term":[{"taxonomy":"product_cat","embeddable":true,"href":"https:\/\/parapharmacieenligne.ma\/en\/wp-json\/wp\/v2\/product_cat?post=11396"},{"taxonomy":"product_tag","embeddable":true,"href":"https:\/\/parapharmacieenligne.ma\/en\/wp-json\/wp\/v2\/product_tag?post=11396"},{"taxonomy":"yith_product_brand","embeddable":true,"href":"https:\/\/parapharmacieenligne.ma\/en\/wp-json\/wp\/v2\/yith_product_brand?post=11396"}],"curies":[{"name":"wp","href":"https:\/\/api.w.org\/{rel}","templated":true}]}}