{"id":11414,"date":"2026-01-28T14:56:30","date_gmt":"2026-01-28T13:56:30","guid":{"rendered":"https:\/\/parapharmacieenligne.ma\/?post_type=product&#038;p=11414"},"modified":"2026-01-28T14:59:45","modified_gmt":"2026-01-28T13:59:45","slug":"puressentiel-respiratoire-baume-de-massage-50ml","status":"publish","type":"product","link":"https:\/\/parapharmacieenligne.ma\/en\/product\/puressentiel-respiratoire-baume-de-massage-50ml\/","title":{"rendered":"Puressentiel Respiratoire Baume de massage 50ml"},"content":{"rendered":"<div aria-labelledby=\"tab-title-description\" class=\"woocommerce-Tabs-panel woocommerce-Tabs-panel--description panel entry-content wc-tab\" id=\"tab-description\" role=\"tabpanel\" style=\"\">\n<h2>Description<\/h2>\n<p>Ce baume respiratoire est le geste enveloppant et r\u00e9confortant de l\u2019hiver.<\/p>\n<p>Gr\u00e2ce \u00e0 sa composition aux 19 huiles essentielles, il d\u00e9gage un parfum \u00e9mettant des effluves aromatiques qui favorisent l\u2019apaisement, le confort et le bien-\u00eatre.<\/p>\n<p>Produit cosm\u00e9tique issu de l\u2019aromath\u00e9rapie \u2013 Huiles essentielles HEBBD (Huile Essentielle Botaniquement et Biochimiquement D\u00e9finie) et huiles v\u00e9g\u00e9tales aux propri\u00e9t\u00e9s hydratantes et nourrissantes.<br \/>\n Actifs 100% d\u2019origine naturelle \u2013 Sans colorant \u2013 Sans parfum de synth\u00e8se<\/p>\n<h3><strong>Conseils d\u2019utilisation:<\/strong><\/h3>\n<p>Comment utiliser le Baume de massage Resp\u2019OK\u00ae ?<\/p>\n<p>Ce baume respiratoire s\u2019utilise d\u00e8s les premiers froids, contre les d\u00e9sagr\u00e9ments de l\u2019hiver et les sensibilit\u00e9s saisonni\u00e8res.<br \/>\n Appliquer en massage sur la poitrine, le bas du cou en remontant derri\u00e8re la nuque et les oreilles.<br \/>\n Se laver les mains apr\u00e8s emploi.<br \/>\n A utiliser 2 fois par jour pendant une semaine maximum.<\/p>\n<\/p><\/div>","protected":false},"excerpt":{"rendered":"<p>Highlights:Ce baume de massage hydratant et nourrissant favorisera l\u2019apaisement et le confort d\u00e8s les 1er froids.<\/p>","protected":false},"featured_media":11498,"comment_status":"open","ping_status":"closed","template":"","meta":[],"product_cat":[85],"product_tag":[],"yith_product_brand":[150],"class_list":{"0":"post-11414","1":"product","2":"type-product","3":"status-publish","4":"has-post-thumbnail","6":"product_cat-soins-corps","7":"yith_product_brand-puressentiel","9":"first","10":"instock","11":"sale","12":"shipping-taxable","13":"purchasable","14":"product-type-simple"},"_links":{"self":[{"href":"https:\/\/parapharmacieenligne.ma\/en\/wp-json\/wp\/v2\/product\/11414","targetHints":{"allow":["GET"]}}],"collection":[{"href":"https:\/\/parapharmacieenligne.ma\/en\/wp-json\/wp\/v2\/product"}],"about":[{"href":"https:\/\/parapharmacieenligne.ma\/en\/wp-json\/wp\/v2\/types\/product"}],"replies":[{"embeddable":true,"href":"https:\/\/parapharmacieenligne.ma\/en\/wp-json\/wp\/v2\/comments?post=11414"}],"version-history":[{"count":1,"href":"https:\/\/parapharmacieenligne.ma\/en\/wp-json\/wp\/v2\/product\/11414\/revisions"}],"predecessor-version":[{"id":11499,"href":"https:\/\/parapharmacieenligne.ma\/en\/wp-json\/wp\/v2\/product\/11414\/revisions\/11499"}],"wp:featuredmedia":[{"embeddable":true,"href":"https:\/\/parapharmacieenligne.ma\/en\/wp-json\/wp\/v2\/media\/11498"}],"wp:attachment":[{"href":"https:\/\/parapharmacieenligne.ma\/en\/wp-json\/wp\/v2\/media?parent=11414"}],"wp:term":[{"taxonomy":"product_cat","embeddable":true,"href":"https:\/\/parapharmacieenligne.ma\/en\/wp-json\/wp\/v2\/product_cat?post=11414"},{"taxonomy":"product_tag","embeddable":true,"href":"https:\/\/parapharmacieenligne.ma\/en\/wp-json\/wp\/v2\/product_tag?post=11414"},{"taxonomy":"yith_product_brand","embeddable":true,"href":"https:\/\/parapharmacieenligne.ma\/en\/wp-json\/wp\/v2\/yith_product_brand?post=11414"}],"curies":[{"name":"wp","href":"https:\/\/api.w.org\/{rel}","templated":true}]}}