{"id":11424,"date":"2026-01-28T14:56:55","date_gmt":"2026-01-28T13:56:55","guid":{"rendered":"https:\/\/parapharmacieenligne.ma\/?post_type=product&#038;p=11424"},"modified":"2026-01-28T15:00:06","modified_gmt":"2026-01-28T14:00:06","slug":"puressentiel-spray-repulsif-apaisant-anti-pique-75ml","status":"publish","type":"product","link":"https:\/\/parapharmacieenligne.ma\/en\/product\/puressentiel-spray-repulsif-apaisant-anti-pique-75ml\/","title":{"rendered":"Puressentiel Spray R\u00e9pulsif + Apaisant Anti-Pique 75ml"},"content":{"rendered":"<div aria-labelledby=\"tab-title-description\" class=\"woocommerce-Tabs-panel woocommerce-Tabs-panel--description panel entry-content wc-tab\" id=\"tab-description\" role=\"tabpanel\" style=\"\">\n<h2>Description<\/h2>\n<p>Gr\u00e2ce \u00e0 son actif d\u2019origine v\u00e9g\u00e9tale, cet anti-moustique repousse efficacement les moustiques en zones temp\u00e9r\u00e9es et tropicales jusqu\u2019\u00e0 7 heures(1). II est l\u2019un des gestes possibles de protection notamment contre les vecteurs de zika, du paludisme, de la dengue, de la fi\u00e8vre jaune, du chikungunya et de la maladie de Lyme.<\/p>\n<p>Gr\u00e2ce \u00e0 son cocktail de 5 huiles essentielles, ce Spray R\u00e9pulsif + Apaisant Anti-Pique sera \u00e9galement id\u00e9al pour procurer un effet apaisant sur les piq\u00fbres d\u2019insectes.<br \/>\n Avec sa double action apaisante et r\u00e9pulsive anti-moustique, il sera le meilleur alli\u00e9 des enfants d\u00e8s 30 mois pour profiter pleinement des activit\u00e9s en ext\u00e9rieur !<\/p>\n<p>0% insectifuge neurotoxique \u2013 Sans gaz propulseur<\/p>\n<p><small>(1) Efficacit\u00e9 test\u00e9e en laboratoire : jusqu\u2019\u00e0 7 heures sur les moustiques tigres (Aedes albopictus) et communs (Culex pipiens), les phl\u00e9botomes (Phlebotomus duboscqi) ; jusqu\u2019\u00e0 6 heures 30 sur les moustiques tropicaux (Aedes aegypti et Anopheles gambiae) ; jusqu\u2019\u00e0 5 heures sur les tiques (Ixodes ricinus).<\/small><br \/>\n <small>*En conformit\u00e9 avec les r\u00e9glementations en vigueur, seuls ont \u00e9t\u00e9 r\u00e9alis\u00e9s des tests d\u2019efficacit\u00e9 sur invert\u00e9br\u00e9s (puces et punaises de lits, mites de v\u00eatements, poux, acariens, etc.) ou de d\u00e9monstration de non toxicit\u00e9 environnementale sur <em>Danio rerio<\/em>.<\/small><\/p>\n<p><strong>Conseils d\u2019utilisation :<\/strong><\/p>\n<p>Commencez par agiter le<strong> Spray R\u00e9pulsif + Apaisant Anti-Pique<\/strong> avant emploi, puis, vaporiser et appliquer le produit uniform\u00e9ment sur le corps (6 pulv\u00e9risations).<br \/>\n A noter : pour les enfants (&gt; 30 mois), ne pas d\u00e9passer plus de 7 pulv\u00e9risations par jour (1 pulv\u00e9risation = 0,12 ml).<br \/>\n Pour le visage, vaporisez le produit sur les mains (1 pulv\u00e9risation), puis appliquez sur les joues et le front. Renouvelez l\u2019application si n\u00e9cessaire sans d\u00e9passer 3 applications par jour.<br \/>\n Pensez \u00e0 vous laver soigneusement les mains apr\u00e8s chaque utilisation et \u00e0 r\u00e9appliquer ce r\u00e9pulsif moustique en cas de baignade ou de transpiration.<\/p>\n<\/p><\/div>","protected":false},"excerpt":{"rendered":"<p>Highlights:Gr\u00e2ce \u00e0 son actif d\u2019origine v\u00e9g\u00e9tale d\u00e9riv\u00e9 de l\u2019huile essentielle d\u2019Eucalyptus citronn\u00e9, cet anti-moustique repousse efficacement les moustiques en zones infest\u00e9es, temp\u00e9r\u00e9es et tropicales jusqu\u2019\u00e0 7 heures (1).<\/p>","protected":false},"featured_media":11506,"comment_status":"open","ping_status":"closed","template":"","meta":[],"product_cat":[85],"product_tag":[],"yith_product_brand":[150],"class_list":{"0":"post-11424","1":"product","2":"type-product","3":"status-publish","4":"has-post-thumbnail","6":"product_cat-soins-corps","7":"yith_product_brand-puressentiel","9":"first","10":"instock","11":"sale","12":"shipping-taxable","13":"purchasable","14":"product-type-simple"},"_links":{"self":[{"href":"https:\/\/parapharmacieenligne.ma\/en\/wp-json\/wp\/v2\/product\/11424","targetHints":{"allow":["GET"]}}],"collection":[{"href":"https:\/\/parapharmacieenligne.ma\/en\/wp-json\/wp\/v2\/product"}],"about":[{"href":"https:\/\/parapharmacieenligne.ma\/en\/wp-json\/wp\/v2\/types\/product"}],"replies":[{"embeddable":true,"href":"https:\/\/parapharmacieenligne.ma\/en\/wp-json\/wp\/v2\/comments?post=11424"}],"version-history":[{"count":1,"href":"https:\/\/parapharmacieenligne.ma\/en\/wp-json\/wp\/v2\/product\/11424\/revisions"}],"predecessor-version":[{"id":11507,"href":"https:\/\/parapharmacieenligne.ma\/en\/wp-json\/wp\/v2\/product\/11424\/revisions\/11507"}],"wp:featuredmedia":[{"embeddable":true,"href":"https:\/\/parapharmacieenligne.ma\/en\/wp-json\/wp\/v2\/media\/11506"}],"wp:attachment":[{"href":"https:\/\/parapharmacieenligne.ma\/en\/wp-json\/wp\/v2\/media?parent=11424"}],"wp:term":[{"taxonomy":"product_cat","embeddable":true,"href":"https:\/\/parapharmacieenligne.ma\/en\/wp-json\/wp\/v2\/product_cat?post=11424"},{"taxonomy":"product_tag","embeddable":true,"href":"https:\/\/parapharmacieenligne.ma\/en\/wp-json\/wp\/v2\/product_tag?post=11424"},{"taxonomy":"yith_product_brand","embeddable":true,"href":"https:\/\/parapharmacieenligne.ma\/en\/wp-json\/wp\/v2\/yith_product_brand?post=11424"}],"curies":[{"name":"wp","href":"https:\/\/api.w.org\/{rel}","templated":true}]}}