{"id":11453,"date":"2026-01-28T14:57:54","date_gmt":"2026-01-28T13:57:54","guid":{"rendered":"https:\/\/parapharmacieenligne.ma\/?post_type=product&#038;p=11453"},"modified":"2026-01-28T15:01:23","modified_gmt":"2026-01-28T14:01:23","slug":"puressentiel-patchs-chauffants-pure-heat-articulations-muscles","status":"publish","type":"product","link":"https:\/\/parapharmacieenligne.ma\/en\/product\/puressentiel-patchs-chauffants-pure-heat-articulations-muscles\/","title":{"rendered":"Puressentiel Patchs chauffants Pure Heat\u00ae Articulations &#038; Muscles"},"content":{"rendered":"<div aria-labelledby=\"tab-title-description\" class=\"woocommerce-Tabs-panel woocommerce-Tabs-panel--description panel entry-content wc-tab\" id=\"tab-description\" role=\"tabpanel\" style=\"\">\n<h2>Description<\/h2>\n<p><strong>Les patchs chauffants Pure Heat\u00ae<\/strong> aident \u00e0 soulager les zones sensibles et les tensions musculaires. Leur formule associant 14 huiles essentielles et du Capsicum, procure une sensation agr\u00e9able et durable de chaleur pendant 8 heures, qui favorise la d\u00e9contraction du muscle. Ce patch chauffant adh\u00e9sif sans odeur et souple, est invisible sous les v\u00eatements et s\u2019adapte \u00e0 tous les mouvements. Il se d\u00e9coupe \u00e0 la dimension voulue et s\u2019applique directement sur toutes les zones sensibles du corps (dos, genou, nuque, \u00e9paule, coude, poignet, cuisse, mollet,\u2026).<\/p>\n<p>Produit issu de l\u2019aromath\u00e9rapie \u2013 Sans conservateur \u2013 Sans parfum de synth\u00e8se \u2013 Sans colle synth\u00e9tique<\/p>\n<p>3 patchs \u2013 Dimensions 160 x 110 mm<\/p>\n<h3>Conseils<\/h3>\n<p><strong>Comment utiliser les Patchs Chauffants PURE HEAT\u00ae ?<\/strong><\/p>\n<p>Ce patch chauffant doit \u00eatre appliqu\u00e9 sur une peau saine, s\u00e8che et non grasse. Il ne doit pas \u00eatre appliqu\u00e9 sur les peaux sensibles, le visage, les plaies, les muqueuses, la peau irrit\u00e9e, en particulier apr\u00e8s une \u00e9pilation ou un rasage. Evitez d\u2019appliquer ce patch chauffant sur des zones corporelles qui risquent d\u2019\u00eatre comprim\u00e9es (v\u00eatement serr\u00e9, pli int\u00e9rieur du coude, genou\u2026).<\/p>\n<p>Pour apaiser les tensions des zones articulaires et musculaires, d\u00e9couvrez notre huile de bain.<\/p>\n<\/p><\/div>","protected":false},"excerpt":{"rendered":"<p>Highlights:Ces patchs chauffants et adh\u00e9sifs aident \u00e0 apaiser les zones sensibles gr\u00e2ce \u00e0 leur effet chauffant pendant 8h. Ils se d\u00e9coupent \u00e0 la dimension voulue.3 patchs<\/p>","protected":false},"featured_media":11532,"comment_status":"open","ping_status":"closed","template":"","meta":[],"product_cat":[85],"product_tag":[],"yith_product_brand":[150],"class_list":{"0":"post-11453","1":"product","2":"type-product","3":"status-publish","4":"has-post-thumbnail","6":"product_cat-soins-corps","7":"yith_product_brand-puressentiel","9":"first","10":"instock","11":"sale","12":"shipping-taxable","13":"purchasable","14":"product-type-simple"},"_links":{"self":[{"href":"https:\/\/parapharmacieenligne.ma\/en\/wp-json\/wp\/v2\/product\/11453","targetHints":{"allow":["GET"]}}],"collection":[{"href":"https:\/\/parapharmacieenligne.ma\/en\/wp-json\/wp\/v2\/product"}],"about":[{"href":"https:\/\/parapharmacieenligne.ma\/en\/wp-json\/wp\/v2\/types\/product"}],"replies":[{"embeddable":true,"href":"https:\/\/parapharmacieenligne.ma\/en\/wp-json\/wp\/v2\/comments?post=11453"}],"version-history":[{"count":1,"href":"https:\/\/parapharmacieenligne.ma\/en\/wp-json\/wp\/v2\/product\/11453\/revisions"}],"predecessor-version":[{"id":11533,"href":"https:\/\/parapharmacieenligne.ma\/en\/wp-json\/wp\/v2\/product\/11453\/revisions\/11533"}],"wp:featuredmedia":[{"embeddable":true,"href":"https:\/\/parapharmacieenligne.ma\/en\/wp-json\/wp\/v2\/media\/11532"}],"wp:attachment":[{"href":"https:\/\/parapharmacieenligne.ma\/en\/wp-json\/wp\/v2\/media?parent=11453"}],"wp:term":[{"taxonomy":"product_cat","embeddable":true,"href":"https:\/\/parapharmacieenligne.ma\/en\/wp-json\/wp\/v2\/product_cat?post=11453"},{"taxonomy":"product_tag","embeddable":true,"href":"https:\/\/parapharmacieenligne.ma\/en\/wp-json\/wp\/v2\/product_tag?post=11453"},{"taxonomy":"yith_product_brand","embeddable":true,"href":"https:\/\/parapharmacieenligne.ma\/en\/wp-json\/wp\/v2\/yith_product_brand?post=11453"}],"curies":[{"name":"wp","href":"https:\/\/api.w.org\/{rel}","templated":true}]}}