{"id":11469,"date":"2026-01-28T14:58:24","date_gmt":"2026-01-28T13:58:24","guid":{"rendered":"https:\/\/parapharmacieenligne.ma\/?post_type=product&#038;p=11469"},"modified":"2026-01-28T15:02:02","modified_gmt":"2026-01-28T14:02:02","slug":"puressentiel-anti-pique-roller-apaisant-5ml","status":"publish","type":"product","link":"https:\/\/parapharmacieenligne.ma\/en\/product\/puressentiel-anti-pique-roller-apaisant-5ml\/","title":{"rendered":"Puressentiel Anti Pique Roller Apaisant 5ml"},"content":{"rendered":"<div aria-labelledby=\"tab-title-description\" class=\"woocommerce-Tabs-panel woocommerce-Tabs-panel--description panel entry-content wc-tab\" id=\"tab-description\" role=\"tabpanel\" style=\"\">\n<h2>Description<\/h2>\n<p>calmantes, ce roller apaisant peut \u00eatre utilis\u00e9 en cas de piq\u00fbre de moustique, de moustique tigre, gu\u00eape, abeille, frelon, taon, tique, ao\u00fbtat, mouche, cousin, araign\u00e9e, puce, Il aide \u00e0 soulager les d\u00e9mangeaisons li\u00e9es aux piq\u00fbres de moustiques, Petit et pratique, ce roller apaisant est un indispensable \u00e0 emporter partout avec vous !<\/p>\n<p>Produit cosm\u00e9tique issu de l\u2019aromath\u00e9rapie \u2013 Huiles essentielles HEBBD (Huile Essentielle Botaniquement et Biochimiquement D\u00e9finie)<\/p>\n<p>Actifs 100% d\u2019origine naturelle \u2013 Sans colorant \u2013 Sans conservateur \u2013 Sans parfum de synth\u00e8se \u2013 Sans huiles min\u00e9rales<\/p>\n<p>(Test\u00e9 sur 30 volontaires)<\/p>\n<\/p><\/div>","protected":false},"excerpt":{"rendered":"<p>Highlights:aide \u00e0 soulager les d\u00e9mangeaisons li\u00e9es aux piq\u00fbres de moustiques<\/p>","protected":false},"featured_media":11552,"comment_status":"open","ping_status":"closed","template":"","meta":[],"product_cat":[84],"product_tag":[],"yith_product_brand":[150],"class_list":{"0":"post-11469","1":"product","2":"type-product","3":"status-publish","4":"has-post-thumbnail","6":"product_cat-soins-cheveux","7":"yith_product_brand-puressentiel","9":"first","10":"instock","11":"sale","12":"shipping-taxable","13":"purchasable","14":"product-type-simple"},"_links":{"self":[{"href":"https:\/\/parapharmacieenligne.ma\/en\/wp-json\/wp\/v2\/product\/11469","targetHints":{"allow":["GET"]}}],"collection":[{"href":"https:\/\/parapharmacieenligne.ma\/en\/wp-json\/wp\/v2\/product"}],"about":[{"href":"https:\/\/parapharmacieenligne.ma\/en\/wp-json\/wp\/v2\/types\/product"}],"replies":[{"embeddable":true,"href":"https:\/\/parapharmacieenligne.ma\/en\/wp-json\/wp\/v2\/comments?post=11469"}],"version-history":[{"count":1,"href":"https:\/\/parapharmacieenligne.ma\/en\/wp-json\/wp\/v2\/product\/11469\/revisions"}],"predecessor-version":[{"id":11553,"href":"https:\/\/parapharmacieenligne.ma\/en\/wp-json\/wp\/v2\/product\/11469\/revisions\/11553"}],"wp:featuredmedia":[{"embeddable":true,"href":"https:\/\/parapharmacieenligne.ma\/en\/wp-json\/wp\/v2\/media\/11552"}],"wp:attachment":[{"href":"https:\/\/parapharmacieenligne.ma\/en\/wp-json\/wp\/v2\/media?parent=11469"}],"wp:term":[{"taxonomy":"product_cat","embeddable":true,"href":"https:\/\/parapharmacieenligne.ma\/en\/wp-json\/wp\/v2\/product_cat?post=11469"},{"taxonomy":"product_tag","embeddable":true,"href":"https:\/\/parapharmacieenligne.ma\/en\/wp-json\/wp\/v2\/product_tag?post=11469"},{"taxonomy":"yith_product_brand","embeddable":true,"href":"https:\/\/parapharmacieenligne.ma\/en\/wp-json\/wp\/v2\/yith_product_brand?post=11469"}],"curies":[{"name":"wp","href":"https:\/\/api.w.org\/{rel}","templated":true}]}}