{"id":11491,"date":"2026-01-28T14:59:25","date_gmt":"2026-01-28T13:59:25","guid":{"rendered":"https:\/\/parapharmacieenligne.ma\/?post_type=product&#038;p=11491"},"modified":"2026-01-28T15:02:27","modified_gmt":"2026-01-28T14:02:27","slug":"puressentiel-anti-poux-spray-repulsif-24h-75ml","status":"publish","type":"product","link":"https:\/\/parapharmacieenligne.ma\/en\/product\/puressentiel-anti-poux-spray-repulsif-24h-75ml\/","title":{"rendered":"PURESSENTIEL \u2013 ANTI POUX SPRAY R\u00c9PULSIF 24H 75ml"},"content":{"rendered":"<div aria-labelledby=\"tab-title-description\" class=\"woocommerce-Tabs-panel woocommerce-Tabs-panel--description panel entry-content wc-tab\" id=\"tab-description\" role=\"tabpanel\" style=\"\">\n<h2>Description<\/h2>\n<p>Ce <strong>spray r\u00e9pulsif poux<\/strong> a une action pr\u00e9ventive contre les poux. En cas d\u2019\u00e9pid\u00e9mie, il pr\u00e9vient l\u2019infestation du cuir chevelu et assure une protection efficace jusqu\u2019\u00e0 24 heures**. Sa solution en spray pratique et facile d\u2019emploi, laisse sur les cheveux un parfum frais et agr\u00e9able. Ce r\u00e9pulsif poux s\u2019utilise quotidiennement sans ab\u00eemer, ni graisser les cheveux.<\/p>\n<p>Actif 100% d\u2019origine v\u00e9g\u00e9tale \u2013 0% insectifuge neurotoxique<\/p>\n<h3>Conseils :<\/h3>\n<p><strong>Comment utiliser le Spray R\u00e9pulsif Poux ?<\/strong><\/p>\n<p>Ne pas vaporiser ce spray r\u00e9pulsif poux en direction des yeux et prot\u00e9ger les yeux lors de l\u2019application.<br \/>\n Vaporisez 5 \u00e0 7 pulv\u00e9risations (0,9 \u00e0 1,26 ml) du spray r\u00e9pulsif poux sur les cheveux, en insistant sur les endroits sensibles (nuque, derri\u00e8re les oreilles).<br \/>\n En p\u00e9riode d\u2019infestation, vaporisez la lotion une fois par jour, tous les matins, pour assurer une protection efficace contre les poux jusqu\u2019\u00e0 24 heures**. Laissez s\u00e9cher naturellement sans rincer ni essuyer.<br \/>\n Pensez \u00e0 vous laver soigneusement les mains apr\u00e8s chaque utilisation.<\/p>\n<p>Utiliser le spray r\u00e9pulsif poux avec pr\u00e9caution, avant toute utilisation, lisez l\u2019\u00e9tiquette et les informations concernant ce produit.<\/p>\n<\/p><\/div>","protected":false},"excerpt":{"rendered":"<p>Highlights:Ce spray r\u00e9pulsif poux a une action pr\u00e9ventive contre les poux. En cas d\u2019\u00e9pid\u00e9mie, il pr\u00e9vient l\u2019infestation du cuir chevelu et assure une protection efficace jusqu\u2019\u00e0 24 heures**.<\/p>","protected":false},"featured_media":11570,"comment_status":"open","ping_status":"closed","template":"","meta":[],"product_cat":[84],"product_tag":[],"yith_product_brand":[150],"class_list":{"0":"post-11491","1":"product","2":"type-product","3":"status-publish","4":"has-post-thumbnail","6":"product_cat-soins-cheveux","7":"yith_product_brand-puressentiel","9":"first","10":"instock","11":"sale","12":"shipping-taxable","13":"purchasable","14":"product-type-simple"},"_links":{"self":[{"href":"https:\/\/parapharmacieenligne.ma\/en\/wp-json\/wp\/v2\/product\/11491","targetHints":{"allow":["GET"]}}],"collection":[{"href":"https:\/\/parapharmacieenligne.ma\/en\/wp-json\/wp\/v2\/product"}],"about":[{"href":"https:\/\/parapharmacieenligne.ma\/en\/wp-json\/wp\/v2\/types\/product"}],"replies":[{"embeddable":true,"href":"https:\/\/parapharmacieenligne.ma\/en\/wp-json\/wp\/v2\/comments?post=11491"}],"version-history":[{"count":1,"href":"https:\/\/parapharmacieenligne.ma\/en\/wp-json\/wp\/v2\/product\/11491\/revisions"}],"predecessor-version":[{"id":11571,"href":"https:\/\/parapharmacieenligne.ma\/en\/wp-json\/wp\/v2\/product\/11491\/revisions\/11571"}],"wp:featuredmedia":[{"embeddable":true,"href":"https:\/\/parapharmacieenligne.ma\/en\/wp-json\/wp\/v2\/media\/11570"}],"wp:attachment":[{"href":"https:\/\/parapharmacieenligne.ma\/en\/wp-json\/wp\/v2\/media?parent=11491"}],"wp:term":[{"taxonomy":"product_cat","embeddable":true,"href":"https:\/\/parapharmacieenligne.ma\/en\/wp-json\/wp\/v2\/product_cat?post=11491"},{"taxonomy":"product_tag","embeddable":true,"href":"https:\/\/parapharmacieenligne.ma\/en\/wp-json\/wp\/v2\/product_tag?post=11491"},{"taxonomy":"yith_product_brand","embeddable":true,"href":"https:\/\/parapharmacieenligne.ma\/en\/wp-json\/wp\/v2\/yith_product_brand?post=11491"}],"curies":[{"name":"wp","href":"https:\/\/api.w.org\/{rel}","templated":true}]}}