{"id":11505,"date":"2026-01-28T14:59:59","date_gmt":"2026-01-28T13:59:59","guid":{"rendered":"https:\/\/parapharmacieenligne.ma\/?post_type=product&#038;p=11505"},"modified":"2026-01-28T15:02:53","modified_gmt":"2026-01-28T14:02:53","slug":"puressentiel-respok-baume-de-massage-pectoral-enfant-60ml","status":"publish","type":"product","link":"https:\/\/parapharmacieenligne.ma\/en\/product\/puressentiel-respok-baume-de-massage-pectoral-enfant-60ml\/","title":{"rendered":"Puressentiel Resp\u2019OK Baume de Massage Pectoral Enfant 60ml"},"content":{"rendered":"<div aria-labelledby=\"tab-title-description\" class=\"woocommerce-Tabs-panel woocommerce-Tabs-panel--description panel entry-content wc-tab\" id=\"tab-description\" role=\"tabpanel\" style=\"\">\n<h2>Description<\/h2>\n<p>\u00c0 base d\u2019huiles essentielles justement dos\u00e9es (Thym \u00e0 linalol Bio, Palmarosa Bio, Ravinstsara Bio et Sapin de Sib\u00e9rie), ce<strong> baume<\/strong> \u00e0 la texture fondante apporte un confort pectoral apaisant \u00e0 l\u2019enfant d\u00e8s 3 ans. Cette synergie d\u2019huiles essentielles d\u00e9gage des senteurs aromatiques purifiantes et assainissantes id\u00e9ales pour favoriser le <strong>bien-\u00eatre respiratoire <\/strong>de l\u2019enfant lors des premiers froids. Enrichi en huiles v\u00e9g\u00e9tales d\u2019amande douce, d\u2019olive et de macadamia aux vertus hydratantes et nourrissantes, ce <strong>baume <\/strong>100% d\u2019origine naturelle procure un massage relaxant et r\u00e9chauffant.<\/p>\n<h3>Conseils :<\/h3>\n<p><strong>Comment utiliser le Baume de massage pectoral enfant respiratoire ?<\/strong><\/p>\n<p>Appliquer une noix de baume respiratoire (1,5 g) sur le torse et le haut du dos de l\u2019enfant et masser doucement, 1 fois par jour.<\/p>\n<h3>Pr\u00e9cautions d\u2019emploi :<\/h3>\n<p>Appliquer une noix de baume respiratoire (1,5 g) sur le torse et le haut du dos de l\u2019enfant et masser doucement, 1 fois par jour.<\/p>\n<p>Et pour les grands ? D\u00e9couvrez le baume respiratoire aux 19 huiles essentielles.<\/p>\n<p>Usage externe. Eviter le contact avec les yeux. En cas de contact rincer imm\u00e9diatement abondamment \u00e0 l\u2019eau claire. Ne pas utiliser ce baume respiratoire chez l\u2019enfant de moins de 3 ans. Ce produit contient des d\u00e9riv\u00e9s terp\u00e9niques, ne pas utiliser chez les enfants ayant des ant\u00e9c\u00e9dents de convulsion f\u00e9brile ou d\u2019\u00e9pilepsie. Tenir hors de port\u00e9e et de vue des enfants. Se laver les mains apr\u00e8s application.<\/p>\n<\/p><\/div>","protected":false},"excerpt":{"rendered":"<p>Highlights:\u00c0 base d\u2019huiles essentielles justement dos\u00e9es (Thym \u00e0 linalol Bio, Palmarosa Bio, Ravinstsara Bio et Sapin de Sib\u00e9rie), ce baume \u00e0 la texture fondante apporte un confort pectoral apaisant \u00e0 l\u2019enfant d\u00e8s 3 ans.<\/p>","protected":false},"featured_media":11588,"comment_status":"open","ping_status":"closed","template":"","meta":[],"product_cat":[87],"product_tag":[],"yith_product_brand":[150],"class_list":{"0":"post-11505","1":"product","2":"type-product","3":"status-publish","4":"has-post-thumbnail","6":"product_cat-bebe-et-maman","7":"yith_product_brand-puressentiel","9":"first","10":"instock","11":"sale","12":"shipping-taxable","13":"purchasable","14":"product-type-simple"},"_links":{"self":[{"href":"https:\/\/parapharmacieenligne.ma\/en\/wp-json\/wp\/v2\/product\/11505","targetHints":{"allow":["GET"]}}],"collection":[{"href":"https:\/\/parapharmacieenligne.ma\/en\/wp-json\/wp\/v2\/product"}],"about":[{"href":"https:\/\/parapharmacieenligne.ma\/en\/wp-json\/wp\/v2\/types\/product"}],"replies":[{"embeddable":true,"href":"https:\/\/parapharmacieenligne.ma\/en\/wp-json\/wp\/v2\/comments?post=11505"}],"version-history":[{"count":1,"href":"https:\/\/parapharmacieenligne.ma\/en\/wp-json\/wp\/v2\/product\/11505\/revisions"}],"predecessor-version":[{"id":11589,"href":"https:\/\/parapharmacieenligne.ma\/en\/wp-json\/wp\/v2\/product\/11505\/revisions\/11589"}],"wp:featuredmedia":[{"embeddable":true,"href":"https:\/\/parapharmacieenligne.ma\/en\/wp-json\/wp\/v2\/media\/11588"}],"wp:attachment":[{"href":"https:\/\/parapharmacieenligne.ma\/en\/wp-json\/wp\/v2\/media?parent=11505"}],"wp:term":[{"taxonomy":"product_cat","embeddable":true,"href":"https:\/\/parapharmacieenligne.ma\/en\/wp-json\/wp\/v2\/product_cat?post=11505"},{"taxonomy":"product_tag","embeddable":true,"href":"https:\/\/parapharmacieenligne.ma\/en\/wp-json\/wp\/v2\/product_tag?post=11505"},{"taxonomy":"yith_product_brand","embeddable":true,"href":"https:\/\/parapharmacieenligne.ma\/en\/wp-json\/wp\/v2\/yith_product_brand?post=11505"}],"curies":[{"name":"wp","href":"https:\/\/api.w.org\/{rel}","templated":true}]}}