{"id":11540,"date":"2026-01-28T15:01:38","date_gmt":"2026-01-28T14:01:38","guid":{"rendered":"https:\/\/parapharmacieenligne.ma\/?post_type=product&#038;p=11540"},"modified":"2026-01-28T15:03:39","modified_gmt":"2026-01-28T14:03:39","slug":"puressentiel-anti-poux-lotion-traitante-format-familial-tube-de-200-ml","status":"publish","type":"product","link":"https:\/\/parapharmacieenligne.ma\/en\/product\/puressentiel-anti-poux-lotion-traitante-format-familial-tube-de-200-ml\/","title":{"rendered":"Puressentiel Anti-poux Lotion Traitante format familial \u2013 tube de 200 ml"},"content":{"rendered":"<div aria-labelledby=\"tab-title-description\" class=\"woocommerce-Tabs-panel woocommerce-Tabs-panel--description panel entry-content wc-tab\" id=\"tab-description\" role=\"tabpanel\" style=\"\">\n<h2>Description<\/h2>\n<p>Sa formule naturelle associe 4 huiles essentielles et 6 huiles v\u00e9g\u00e9tales. Elle nourrit la fibre capillaire et apaise les d\u00e9mangeaisons. Test\u00e9e sous contr\u00f4le dermatologique, cette Lotion Anti-Poux Puressentiel n\u2019irrite pas le cuir chevelu.<\/p>\n<div class=\"mod_fa_onglets_onglet mod_fa_onglets_onglet_hover\" data-idx=\"2\">UTILISATION<\/div>\n<p>Appliquez g\u00e9n\u00e9reusement raie par raie ce produit anti-poux sur cheveux secs de fa\u00e7on \u00e0 obtenir une impr\u00e9gnation compl\u00e8te. Laisser agir 10 minutes. Passez soigneusement le peigne \u00e0 poux pour retirer les lentes, les larves et les poux morts. R\u00e9-appliquer 3 jours plus tard si n\u00e9cessaire.<\/p>\n<\/p><\/div>","protected":false},"excerpt":{"rendered":"<p>Highlights:Les colorations BioKap Nutricolor Delicato conviennent m\u00eame aux cuirs chevelus les plus sensibles. Les ingr\u00e9dients naturels prot\u00e8gent le cuir chevelu, nourrissent et r\u00e9parent les cheveux pendant l\u2019application. Les colorations couvrent les cheveux blancs d\u00e8s la premi\u00e8re application.<\/p>","protected":false},"featured_media":11610,"comment_status":"open","ping_status":"closed","template":"","meta":[],"product_cat":[84],"product_tag":[],"yith_product_brand":[150],"class_list":{"0":"post-11540","1":"product","2":"type-product","3":"status-publish","4":"has-post-thumbnail","6":"product_cat-soins-cheveux","7":"yith_product_brand-puressentiel","9":"first","10":"instock","11":"sale","12":"shipping-taxable","13":"purchasable","14":"product-type-simple"},"_links":{"self":[{"href":"https:\/\/parapharmacieenligne.ma\/en\/wp-json\/wp\/v2\/product\/11540","targetHints":{"allow":["GET"]}}],"collection":[{"href":"https:\/\/parapharmacieenligne.ma\/en\/wp-json\/wp\/v2\/product"}],"about":[{"href":"https:\/\/parapharmacieenligne.ma\/en\/wp-json\/wp\/v2\/types\/product"}],"replies":[{"embeddable":true,"href":"https:\/\/parapharmacieenligne.ma\/en\/wp-json\/wp\/v2\/comments?post=11540"}],"version-history":[{"count":1,"href":"https:\/\/parapharmacieenligne.ma\/en\/wp-json\/wp\/v2\/product\/11540\/revisions"}],"predecessor-version":[{"id":11611,"href":"https:\/\/parapharmacieenligne.ma\/en\/wp-json\/wp\/v2\/product\/11540\/revisions\/11611"}],"wp:featuredmedia":[{"embeddable":true,"href":"https:\/\/parapharmacieenligne.ma\/en\/wp-json\/wp\/v2\/media\/11610"}],"wp:attachment":[{"href":"https:\/\/parapharmacieenligne.ma\/en\/wp-json\/wp\/v2\/media?parent=11540"}],"wp:term":[{"taxonomy":"product_cat","embeddable":true,"href":"https:\/\/parapharmacieenligne.ma\/en\/wp-json\/wp\/v2\/product_cat?post=11540"},{"taxonomy":"product_tag","embeddable":true,"href":"https:\/\/parapharmacieenligne.ma\/en\/wp-json\/wp\/v2\/product_tag?post=11540"},{"taxonomy":"yith_product_brand","embeddable":true,"href":"https:\/\/parapharmacieenligne.ma\/en\/wp-json\/wp\/v2\/yith_product_brand?post=11540"}],"curies":[{"name":"wp","href":"https:\/\/api.w.org\/{rel}","templated":true}]}}