{"id":11577,"date":"2026-01-28T15:02:35","date_gmt":"2026-01-28T14:02:35","guid":{"rendered":"https:\/\/parapharmacieenligne.ma\/?post_type=product&#038;p=11577"},"modified":"2026-01-28T15:04:27","modified_gmt":"2026-01-28T14:04:27","slug":"puressentiel-anti-chute-serum-traitant-150ml","status":"publish","type":"product","link":"https:\/\/parapharmacieenligne.ma\/en\/product\/puressentiel-anti-chute-serum-traitant-150ml\/","title":{"rendered":"Puressentiel Anti Chute S\u00e9rum Traitant 150ml"},"content":{"rendered":"<div aria-labelledby=\"tab-title-description\" class=\"woocommerce-Tabs-panel woocommerce-Tabs-panel--description panel entry-content wc-tab\" id=\"tab-description\" role=\"tabpanel\" style=\"\">\n<h2>Description<\/h2>\n<p>Le stress, un d\u00e9s\u00e9quilibre alimentaire, l\u2019h\u00e9r\u00e9dit\u00e9 ou les bouleversements hormonaux sont susceptibles d\u2019induire une <strong>perte de cheveux<\/strong>. Pour agir d\u00e8s la racine, il est possible d\u2019utiliser un soin local comme le <strong>traitement contre la chute des cheveux<\/strong> de Puressentiel. Ce s\u00e9rum permet de lutter contre les diff\u00e9rents m\u00e9canismes de l\u2019alop\u00e9cie :<\/p>\n<ul>\n<li>Il r\u00e9active la circulation sanguine afin d\u2019am\u00e9liorer la nutrition des bulbes capillaires.<\/li>\n<li>Il renforce l\u2019ancrage des cheveux et accro\u00eet leur r\u00e9sistance.<\/li>\n<li>Il <strong>stimule la croissance capillaire<\/strong> et favorise l\u2019apparition de repousses au niveau des zones clairsem\u00e9es.<\/li>\n<li>Il apporte de la densit\u00e9 aux cheveux, qui paraissent plus vigoureux et \u00e9pais.<\/li>\n<li>Gr\u00e2ce \u00e0 sa texture fluide, il ne laisse aucun r\u00e9sidu et ne graisse pas les cheveux.<\/li>\n<\/ul>\n<p>Des tests cliniques r\u00e9alis\u00e9s par Phototrichogramme sur 20 sujets ont d\u00e9montr\u00e9 l\u2019apparition de 8400 nouveaux cheveux en moyenne, apr\u00e8s 3 mois d\u2019utilisation.<\/p>\n<h3>Une formule \u00e0 base de racines et d\u2019huiles essentielles<\/h3>\n<p>Ce soin conte la <strong>chute de cheveux<\/strong> contient 99,9 % d\u2019ingr\u00e9dients naturels. L\u2019originalit\u00e9 de sa formule r\u00e9side dans l\u2019association de 7 racines de plantes et de 5 huiles essentielles reconnues pour leur action au niveau capillaire :<\/p>\n<ul>\n<li>Le complexe au 7 racines est \u00e9labor\u00e9 \u00e0 partir de gingembre, ginseng, v\u00e9tiver, curcuma, griffe du diable, r\u00e9glisse et maca. Ces plantes sont tonifiantes et stimulantes. Elles am\u00e9liorent la micro-circulation et l\u2019<strong>irrigation des bulbes capillaires<\/strong>.<\/li>\n<li>Les huiles essentielles de gingembre, v\u00e9tiver, arbre \u00e0 th\u00e9 citronn\u00e9, lemongrass et menthe poivr\u00e9e exercent une action anti-chute en purifiant le cuir chevelu et en renfor\u00e7ant les cheveux.<\/li>\n<li>Les extraits v\u00e9g\u00e9taux d\u2019ortie et de palmier nain aident \u00e0 <strong>r\u00e9gulariser le s\u00e9bum<\/strong> et \u00e0 limiter l\u2019action androg\u00e8ne de certaines hormones responsables de la <strong>chute des cheveux<\/strong>.<\/li>\n<\/ul>\n<p>Le s\u00e9rum anti-chute de Puressentiel est un soin complet qui peut vous aider \u00e0 lutter contre la chute capillaire. Ce traitement naturel est riche en extraits v\u00e9g\u00e9taux, racines et huiles essentielles.<\/p>\n<p><strong><strong>Conseils d\u2019Utilisation : <\/strong> <\/strong><\/p>\n<p>Chaque matin, apr\u00e8s le shampoing ou sur cheveux secs, vaporisez 7 \u00e0 14 pulv\u00e9risations du produit \u00e0 la racine des cheveux, en fonction de l\u2019\u00e9paisseur de votre chevelure. Massez sans frotter pour faire p\u00e9n\u00e9trer le soin. Il n\u2019est pas n\u00e9cessaire de rincer.<\/p>\n<\/p><\/div>","protected":false},"excerpt":{"rendered":"<p>Highlights:Un s\u00e9rum pour lutter contre la chute capillaire<\/p>","protected":false},"featured_media":11632,"comment_status":"open","ping_status":"closed","template":"","meta":[],"product_cat":[84],"product_tag":[],"yith_product_brand":[150],"class_list":{"0":"post-11577","1":"product","2":"type-product","3":"status-publish","4":"has-post-thumbnail","6":"product_cat-soins-cheveux","7":"yith_product_brand-puressentiel","9":"first","10":"instock","11":"sale","12":"shipping-taxable","13":"purchasable","14":"product-type-simple"},"_links":{"self":[{"href":"https:\/\/parapharmacieenligne.ma\/en\/wp-json\/wp\/v2\/product\/11577","targetHints":{"allow":["GET"]}}],"collection":[{"href":"https:\/\/parapharmacieenligne.ma\/en\/wp-json\/wp\/v2\/product"}],"about":[{"href":"https:\/\/parapharmacieenligne.ma\/en\/wp-json\/wp\/v2\/types\/product"}],"replies":[{"embeddable":true,"href":"https:\/\/parapharmacieenligne.ma\/en\/wp-json\/wp\/v2\/comments?post=11577"}],"version-history":[{"count":1,"href":"https:\/\/parapharmacieenligne.ma\/en\/wp-json\/wp\/v2\/product\/11577\/revisions"}],"predecessor-version":[{"id":11633,"href":"https:\/\/parapharmacieenligne.ma\/en\/wp-json\/wp\/v2\/product\/11577\/revisions\/11633"}],"wp:featuredmedia":[{"embeddable":true,"href":"https:\/\/parapharmacieenligne.ma\/en\/wp-json\/wp\/v2\/media\/11632"}],"wp:attachment":[{"href":"https:\/\/parapharmacieenligne.ma\/en\/wp-json\/wp\/v2\/media?parent=11577"}],"wp:term":[{"taxonomy":"product_cat","embeddable":true,"href":"https:\/\/parapharmacieenligne.ma\/en\/wp-json\/wp\/v2\/product_cat?post=11577"},{"taxonomy":"product_tag","embeddable":true,"href":"https:\/\/parapharmacieenligne.ma\/en\/wp-json\/wp\/v2\/product_tag?post=11577"},{"taxonomy":"yith_product_brand","embeddable":true,"href":"https:\/\/parapharmacieenligne.ma\/en\/wp-json\/wp\/v2\/yith_product_brand?post=11577"}],"curies":[{"name":"wp","href":"https:\/\/api.w.org\/{rel}","templated":true}]}}