{"id":11799,"date":"2026-01-28T15:36:38","date_gmt":"2026-01-28T14:36:38","guid":{"rendered":"https:\/\/parapharmacieenligne.ma\/?post_type=product&#038;p=11799"},"modified":"2026-01-28T15:36:57","modified_gmt":"2026-01-28T14:36:57","slug":"coloration-cheveux-n1-noir","status":"publish","type":"product","link":"https:\/\/parapharmacieenligne.ma\/en\/product\/coloration-cheveux-n1-noir\/","title":{"rendered":"Coloration cheveux N\u00b01 Noir"},"content":{"rendered":"<p>La coloration cheveux N\u00b01 Noir de Capi-Lift renforce et revitalise les cheveux tout en r\u00e9parant les cuticules endommag\u00e9es. Elle offre une couleur intense, naturelle, et lumineuse, couvrant 100% des cheveux blancs d\u00e8s la premi\u00e8re application.<\/p>\n<p> <strong>INGR\u00c9DIENTS ACTIFS :<\/strong><\/p>\n<p> Vplex, Arginine<\/p>\n<p> <strong>MODE D\u2019EMPLOI<\/strong><\/p>\n<p> Effectuez un test d&rsquo;allergie cutan\u00e9e 48 heures avant utilisation. Portez des gants appropri\u00e9s pendant l&rsquo;application et appliquez le produit selon les instructions fournies. \u00c9vitez tout contact avec les yeux et rincez imm\u00e9diatement et abondamment \u00e0 l&rsquo;eau claire en cas de contact.<\/p>","protected":false},"excerpt":{"rendered":"<p>La coloration cheveux N\u00b01 Noir de Capi-Lift renforce et revitalise les cheveux tout en r\u00e9parant les cuticules endommag\u00e9es. Elle offre une couleur intense, naturelle, et lumineuse, couvrant 100% des cheveux blancs d\u00e8s la premi\u00e8re application.<\/p>","protected":false},"featured_media":11810,"comment_status":"open","ping_status":"closed","template":"","meta":[],"product_cat":[84],"product_tag":[],"yith_product_brand":[155],"class_list":{"0":"post-11799","1":"product","2":"type-product","3":"status-publish","4":"has-post-thumbnail","6":"product_cat-soins-cheveux","7":"yith_product_brand-caplift","9":"first","10":"instock","11":"sale","12":"shipping-taxable","13":"purchasable","14":"product-type-simple"},"_links":{"self":[{"href":"https:\/\/parapharmacieenligne.ma\/en\/wp-json\/wp\/v2\/product\/11799","targetHints":{"allow":["GET"]}}],"collection":[{"href":"https:\/\/parapharmacieenligne.ma\/en\/wp-json\/wp\/v2\/product"}],"about":[{"href":"https:\/\/parapharmacieenligne.ma\/en\/wp-json\/wp\/v2\/types\/product"}],"replies":[{"embeddable":true,"href":"https:\/\/parapharmacieenligne.ma\/en\/wp-json\/wp\/v2\/comments?post=11799"}],"version-history":[{"count":1,"href":"https:\/\/parapharmacieenligne.ma\/en\/wp-json\/wp\/v2\/product\/11799\/revisions"}],"predecessor-version":[{"id":11811,"href":"https:\/\/parapharmacieenligne.ma\/en\/wp-json\/wp\/v2\/product\/11799\/revisions\/11811"}],"wp:featuredmedia":[{"embeddable":true,"href":"https:\/\/parapharmacieenligne.ma\/en\/wp-json\/wp\/v2\/media\/11810"}],"wp:attachment":[{"href":"https:\/\/parapharmacieenligne.ma\/en\/wp-json\/wp\/v2\/media?parent=11799"}],"wp:term":[{"taxonomy":"product_cat","embeddable":true,"href":"https:\/\/parapharmacieenligne.ma\/en\/wp-json\/wp\/v2\/product_cat?post=11799"},{"taxonomy":"product_tag","embeddable":true,"href":"https:\/\/parapharmacieenligne.ma\/en\/wp-json\/wp\/v2\/product_tag?post=11799"},{"taxonomy":"yith_product_brand","embeddable":true,"href":"https:\/\/parapharmacieenligne.ma\/en\/wp-json\/wp\/v2\/yith_product_brand?post=11799"}],"curies":[{"name":"wp","href":"https:\/\/api.w.org\/{rel}","templated":true}]}}