{"id":11836,"date":"2026-01-28T16:33:29","date_gmt":"2026-01-28T15:33:29","guid":{"rendered":"https:\/\/parapharmacieenligne.ma\/?post_type=product&#038;p=11836"},"modified":"2026-01-28T16:34:03","modified_gmt":"2026-01-28T15:34:03","slug":"dermalium-shampoing-antipelliculaire-250ml","status":"publish","type":"product","link":"https:\/\/parapharmacieenligne.ma\/en\/product\/dermalium-shampoing-antipelliculaire-250ml\/","title":{"rendered":"Dermalium Shampoing Antipelliculaire 250ml"},"content":{"rendered":"","protected":false},"excerpt":{"rendered":"<p>Highlights:DERCOS TECHNIQUE Neogenic Shampooing densifie le cheveu, le renforce et l\u2019\u00e9paissit en m\u00eame temps.\u2022 Besoin :Perte de cheveux | Femmes et Hommes.\u2022 Ingr\u00e9dients Cl\u00e9s :Stemoxydine pour r\u00e9veiller les bulbes capillaires dormantes.\u2022S\u00e9curit\u00e9 :Hypoallerg\u00e9nique | Sans Parab\u00e8ne.\u2022 Utilisation :Appliquer sur cheveux mouill\u00e9s, masser en douceur puis rincer.<\/p>","protected":false},"featured_media":11857,"comment_status":"open","ping_status":"closed","template":"","meta":[],"product_cat":[84],"product_tag":[],"yith_product_brand":[156],"class_list":{"0":"post-11836","1":"product","2":"type-product","3":"status-publish","4":"has-post-thumbnail","6":"product_cat-soins-cheveux","7":"yith_product_brand-dermalium","9":"first","10":"instock","11":"sale","12":"shipping-taxable","13":"purchasable","14":"product-type-simple"},"_links":{"self":[{"href":"https:\/\/parapharmacieenligne.ma\/en\/wp-json\/wp\/v2\/product\/11836","targetHints":{"allow":["GET"]}}],"collection":[{"href":"https:\/\/parapharmacieenligne.ma\/en\/wp-json\/wp\/v2\/product"}],"about":[{"href":"https:\/\/parapharmacieenligne.ma\/en\/wp-json\/wp\/v2\/types\/product"}],"replies":[{"embeddable":true,"href":"https:\/\/parapharmacieenligne.ma\/en\/wp-json\/wp\/v2\/comments?post=11836"}],"version-history":[{"count":1,"href":"https:\/\/parapharmacieenligne.ma\/en\/wp-json\/wp\/v2\/product\/11836\/revisions"}],"predecessor-version":[{"id":11858,"href":"https:\/\/parapharmacieenligne.ma\/en\/wp-json\/wp\/v2\/product\/11836\/revisions\/11858"}],"wp:featuredmedia":[{"embeddable":true,"href":"https:\/\/parapharmacieenligne.ma\/en\/wp-json\/wp\/v2\/media\/11857"}],"wp:attachment":[{"href":"https:\/\/parapharmacieenligne.ma\/en\/wp-json\/wp\/v2\/media?parent=11836"}],"wp:term":[{"taxonomy":"product_cat","embeddable":true,"href":"https:\/\/parapharmacieenligne.ma\/en\/wp-json\/wp\/v2\/product_cat?post=11836"},{"taxonomy":"product_tag","embeddable":true,"href":"https:\/\/parapharmacieenligne.ma\/en\/wp-json\/wp\/v2\/product_tag?post=11836"},{"taxonomy":"yith_product_brand","embeddable":true,"href":"https:\/\/parapharmacieenligne.ma\/en\/wp-json\/wp\/v2\/yith_product_brand?post=11836"}],"curies":[{"name":"wp","href":"https:\/\/api.w.org\/{rel}","templated":true}]}}