{"id":11843,"date":"2026-01-28T16:33:32","date_gmt":"2026-01-28T15:33:32","guid":{"rendered":"https:\/\/parapharmacieenligne.ma\/?post_type=product&#038;p=11843"},"modified":"2026-01-28T16:35:13","modified_gmt":"2026-01-28T15:35:13","slug":"dermalium-proteoglycane-vitamine-c-acide-hyaluronique-102ml","status":"publish","type":"product","link":"https:\/\/parapharmacieenligne.ma\/en\/product\/dermalium-proteoglycane-vitamine-c-acide-hyaluronique-102ml\/","title":{"rendered":"DERMALIUM PROTEOGLYCANE VITAMINE C + ACIDE HYALURONIQUE 10*2ml"},"content":{"rendered":"<div aria-labelledby=\"tab-title-description\" class=\"woocommerce-Tabs-panel woocommerce-Tabs-panel--description panel entry-content wc-tab\" id=\"tab-description\" role=\"tabpanel\" style=\"\">\n<h2>Description<\/h2>\n<div id=\"SITE_PAGES\">\n<div class=\"_2txMn rcpjB\" id=\"csi5\">\n<div class=\"_1VShg\">\n<div id=\"Containercsi5\">\n<div class=\"\" data-mesh-id=\"Containercsi5inlineContent\" data-testid=\"inline-content\">\n<div data-mesh-id=\"Containercsi5inlineContent-gridContainer\" data-testid=\"mesh-container-content\">\n<div id=\"i3hgbgqu\">\n<div class=\"i3hgbgqu\">\n<div class=\"_1TImB layout__classic isDesktop\" data-hook=\"product-page\" data-layout-name=\"classic\">\n<article class=\"_30ZY-\">\n<div class=\"_12vNY\">\n<section class=\"_2h_HC\">\n<div class=\"_1FTz3 fggS- cell\">\n<section class=\"_2RbVQ\" data-hook=\"description-wrapper\">\n<div class=\"_3nbVj\">\n<div class=\"_3cRjW\" data-hook=\"content-wrapper\">\n<p>Traitement hydratant et raffermissant dont la formule repose sur association de prot\u00e9oglycanes de vitamine C acide hyaluronique et de resv\u00e9ratrol issu de raisins.<br \/>\n utilisation fr\u00e9quente aide \u00e0 r\u00e9duire visiblement les signes de l\u2019\u00e2ge hydrate la peau et redonne sa fermet\u00e9 et son \u00e9lasticit\u00e9.<br \/>\n Secouez le flacon Appliquer quotidiennement en massant l\u00e9g\u00e8rement le visage le cou et le d\u00e9collet\u00e9 avant la cr\u00e8me habituelle.<\/p>\n<p><strong><strong>Conseils d\u2019Utilisation : <\/strong> <\/strong><\/p>\n<p>Utiliser le matin et \/ ou le soir Test\u00e9 dermatologiquement.<\/p>\n<\/p><\/div>\n<\/p><\/div>\n<\/section><\/div>\n<\/section><\/div>\n<\/article><\/div>\n<\/p><\/div>\n<\/p><\/div>\n<\/p><\/div>\n<\/p><\/div>\n<\/p><\/div>\n<\/p><\/div>\n<\/p><\/div>\n<\/p><\/div>\n<footer class=\"_11CDm\" id=\"SITE_FOOTER\">\n<div class=\"_1nb6T\"><\/div>\n<\/footer><\/div>","protected":false},"excerpt":{"rendered":"<p>Highlights:Soin physiologique des peaux \u00e0 tendances acn\u00e9ique<\/p>","protected":false},"featured_media":11871,"comment_status":"open","ping_status":"closed","template":"","meta":[],"product_cat":[83],"product_tag":[],"yith_product_brand":[156],"class_list":{"0":"post-11843","1":"product","2":"type-product","3":"status-publish","4":"has-post-thumbnail","6":"product_cat-soins-visage","7":"yith_product_brand-dermalium","9":"first","10":"instock","11":"sale","12":"shipping-taxable","13":"purchasable","14":"product-type-simple"},"_links":{"self":[{"href":"https:\/\/parapharmacieenligne.ma\/en\/wp-json\/wp\/v2\/product\/11843","targetHints":{"allow":["GET"]}}],"collection":[{"href":"https:\/\/parapharmacieenligne.ma\/en\/wp-json\/wp\/v2\/product"}],"about":[{"href":"https:\/\/parapharmacieenligne.ma\/en\/wp-json\/wp\/v2\/types\/product"}],"replies":[{"embeddable":true,"href":"https:\/\/parapharmacieenligne.ma\/en\/wp-json\/wp\/v2\/comments?post=11843"}],"version-history":[{"count":1,"href":"https:\/\/parapharmacieenligne.ma\/en\/wp-json\/wp\/v2\/product\/11843\/revisions"}],"predecessor-version":[{"id":11872,"href":"https:\/\/parapharmacieenligne.ma\/en\/wp-json\/wp\/v2\/product\/11843\/revisions\/11872"}],"wp:featuredmedia":[{"embeddable":true,"href":"https:\/\/parapharmacieenligne.ma\/en\/wp-json\/wp\/v2\/media\/11871"}],"wp:attachment":[{"href":"https:\/\/parapharmacieenligne.ma\/en\/wp-json\/wp\/v2\/media?parent=11843"}],"wp:term":[{"taxonomy":"product_cat","embeddable":true,"href":"https:\/\/parapharmacieenligne.ma\/en\/wp-json\/wp\/v2\/product_cat?post=11843"},{"taxonomy":"product_tag","embeddable":true,"href":"https:\/\/parapharmacieenligne.ma\/en\/wp-json\/wp\/v2\/product_tag?post=11843"},{"taxonomy":"yith_product_brand","embeddable":true,"href":"https:\/\/parapharmacieenligne.ma\/en\/wp-json\/wp\/v2\/yith_product_brand?post=11843"}],"curies":[{"name":"wp","href":"https:\/\/api.w.org\/{rel}","templated":true}]}}