{"id":11844,"date":"2026-01-28T16:33:33","date_gmt":"2026-01-28T15:33:33","guid":{"rendered":"https:\/\/parapharmacieenligne.ma\/?post_type=product&#038;p=11844"},"modified":"2026-01-28T16:35:20","modified_gmt":"2026-01-28T15:35:20","slug":"dermalium-creme-hydratante-spf-30-peau-normale-a-mixte","status":"publish","type":"product","link":"https:\/\/parapharmacieenligne.ma\/en\/product\/dermalium-creme-hydratante-spf-30-peau-normale-a-mixte\/","title":{"rendered":"DERMALIUM CR\u00c8ME HYDRATANTE SPF 30 Peau Normale \u00e0 Mixte"},"content":{"rendered":"<div aria-labelledby=\"tab-title-description\" class=\"woocommerce-Tabs-panel woocommerce-Tabs-panel--description panel entry-content wc-tab\" id=\"tab-description\" role=\"tabpanel\" style=\"\">\n<h2>Description<\/h2>\n<div id=\"SITE_PAGES\">\n<div class=\"_2txMn rcpjB\" id=\"csi5\">\n<div class=\"_1VShg\">\n<div id=\"Containercsi5\">\n<div class=\"\" data-mesh-id=\"Containercsi5inlineContent\" data-testid=\"inline-content\">\n<div data-mesh-id=\"Containercsi5inlineContent-gridContainer\" data-testid=\"mesh-container-content\">\n<div id=\"i3hgbgqu\">\n<div class=\"i3hgbgqu\" data-reactroot=\"\">\n<div class=\"_1TImB layout__classic isDesktop\" data-hook=\"product-page\" data-layout-name=\"classic\">\n<article class=\"_30ZY-\">\n<div class=\"_12vNY\">\n<section class=\"_2h_HC\">\n<div class=\"_1FTz3 fggS- cell\">\n<section class=\"_2RbVQ\" data-hook=\"description-wrapper\">\n<div class=\"_3nbVj\">\n<div class=\"_3cRjW\" data-hook=\"content-wrapper\">\n<p>Sa formulation adapt\u00e9e aux peaux sensibles hydrate et prot\u00e8ge la peau contre les agressions solaires gr\u00e2ce \u00e0 son SPF 30.<\/p>\n<p><strong><strong>Conseils d\u2019Utilisation : <\/strong> <\/strong><br \/>\n Appliquer le matin quotidiennement sur le visage propre en utilisant des massages circulaires doux jusqu\u2019a compl\u00e8te absorption.<\/p>\n<p>Vous pouvez r\u00e9p\u00e9ter l\u2019application autant de fois que vous le souhaitez.<\/p>\n<\/p>\n<\/p><\/div>\n<\/p><\/div>\n<\/section><\/div>\n<\/section><\/div>\n<\/article><\/div>\n<\/p><\/div>\n<\/p><\/div>\n<\/p><\/div>\n<\/p><\/div>\n<\/p><\/div>\n<\/p><\/div>\n<\/p><\/div>\n<\/p><\/div>\n<div class=\"page-without-sosp\" id=\"soapAfterPagesContainer\">\n<div class=\"\" data-mesh-id=\"soapAfterPagesContainerinlineContent\" data-testid=\"inline-content\">\n<div data-mesh-id=\"soapAfterPagesContainerinlineContent-gridContainer\" data-testid=\"mesh-container-content\">\n<div id=\"CONTROLLER_COMP_CUSTOM_ID\"><\/div>\n<\/p><\/div>\n<\/p><\/div>\n<\/p><\/div>\n<footer class=\"_11CDm\" id=\"SITE_FOOTER\">\n<div class=\"_1nb6T\"><\/div>\n<\/footer><\/div>","protected":false},"excerpt":{"rendered":"<p>Highlights:\u2022 EXFOLIE, contient des microbilles de cellulose et de cire de jojoba.\u2022 PURIFIEgr\u00e2ce \u00e0 son effet peeling.\u2022 APAISEgr\u00e2ce aux propri\u00e9t\u00e9s de l\u2019Eau thermale d\u2019Av\u00e8ne.<\/p>","protected":false},"featured_media":11873,"comment_status":"open","ping_status":"closed","template":"","meta":[],"product_cat":[83],"product_tag":[],"yith_product_brand":[156],"class_list":{"0":"post-11844","1":"product","2":"type-product","3":"status-publish","4":"has-post-thumbnail","6":"product_cat-soins-visage","7":"yith_product_brand-dermalium","9":"first","10":"instock","11":"sale","12":"shipping-taxable","13":"purchasable","14":"product-type-simple"},"_links":{"self":[{"href":"https:\/\/parapharmacieenligne.ma\/en\/wp-json\/wp\/v2\/product\/11844","targetHints":{"allow":["GET"]}}],"collection":[{"href":"https:\/\/parapharmacieenligne.ma\/en\/wp-json\/wp\/v2\/product"}],"about":[{"href":"https:\/\/parapharmacieenligne.ma\/en\/wp-json\/wp\/v2\/types\/product"}],"replies":[{"embeddable":true,"href":"https:\/\/parapharmacieenligne.ma\/en\/wp-json\/wp\/v2\/comments?post=11844"}],"version-history":[{"count":1,"href":"https:\/\/parapharmacieenligne.ma\/en\/wp-json\/wp\/v2\/product\/11844\/revisions"}],"predecessor-version":[{"id":11874,"href":"https:\/\/parapharmacieenligne.ma\/en\/wp-json\/wp\/v2\/product\/11844\/revisions\/11874"}],"wp:featuredmedia":[{"embeddable":true,"href":"https:\/\/parapharmacieenligne.ma\/en\/wp-json\/wp\/v2\/media\/11873"}],"wp:attachment":[{"href":"https:\/\/parapharmacieenligne.ma\/en\/wp-json\/wp\/v2\/media?parent=11844"}],"wp:term":[{"taxonomy":"product_cat","embeddable":true,"href":"https:\/\/parapharmacieenligne.ma\/en\/wp-json\/wp\/v2\/product_cat?post=11844"},{"taxonomy":"product_tag","embeddable":true,"href":"https:\/\/parapharmacieenligne.ma\/en\/wp-json\/wp\/v2\/product_tag?post=11844"},{"taxonomy":"yith_product_brand","embeddable":true,"href":"https:\/\/parapharmacieenligne.ma\/en\/wp-json\/wp\/v2\/yith_product_brand?post=11844"}],"curies":[{"name":"wp","href":"https:\/\/api.w.org\/{rel}","templated":true}]}}