{"id":11890,"date":"2026-01-28T16:39:56","date_gmt":"2026-01-28T15:39:56","guid":{"rendered":"https:\/\/parapharmacieenligne.ma\/?post_type=product&#038;p=11890"},"modified":"2026-01-28T16:41:09","modified_gmt":"2026-01-28T15:41:09","slug":"nuxe-merveillance-lift-glow-creme-50ml","status":"publish","type":"product","link":"https:\/\/parapharmacieenligne.ma\/en\/product\/nuxe-merveillance-lift-glow-creme-50ml\/","title":{"rendered":"Nuxe Merveillance Lift Glow Creme 50ml"},"content":{"rendered":"<div aria-labelledby=\"tab-title-description\" class=\"woocommerce-Tabs-panel woocommerce-Tabs-panel--description panel entry-content wc-tab\" id=\"tab-description\" role=\"tabpanel\" style=\"\">\n<h2>Description<\/h2>\n<p>Illuminez votre teint avec ce soin infus\u00e9 d\u2019huile de Micro-Algue ultra-corrective et subtilement color\u00e9 gr\u00e2ce \u00e0 un extrait v\u00e9g\u00e9tal de tomate.<\/p>\n<p>Cette cr\u00e8me liftante offre un effet tenseur et bonne mine instantan\u00e9. Gr\u00e2ce \u00e0 sa teinte universelle, elle sublime toutes les carnations et tous les types de peaux. Jour apr\u00e8s jour, vos rides sont corrig\u00e9es, votre peau est plus ferme. Plus belle, m\u00eame sans maquillage, elle para\u00eet visiblement plus jeune.<\/p>\n<p>D\u00e8s l\u2019application, la peau est liss\u00e9e, lumineuse et comme d\u00e9fatigu\u00e9e pour 100% des femmes \u207d\u00b9\u207e. 100% des femmes\u207d\u00b9\u207e sont convaincues par son action 2-en-1 [lift + glow] \u207d\u00b2\u207e !<\/p>\n<p>Sa texture fondante sublimatrice associe l\u2019efficacit\u00e9 anti-\u00e2ge \u00e0 un plaisir d\u2019application ultime aux d\u00e9licats accords floraux et musqu\u00e9s.<\/p>\n<p>L\u2019huile de Micro-Algue ultra-corrective est un actif d\u2019exception qui concentre en une goutte la puissance de 4 milliards de cellules actives.<\/p>\n<\/p><\/div>\n","protected":false},"excerpt":{"rendered":"<p>Highlights:La Cr\u00e8me Bonne Mine Effet Liftant<\/p>","protected":false},"featured_media":11924,"comment_status":"open","ping_status":"closed","template":"","meta":[],"product_cat":[83],"product_tag":[],"yith_product_brand":[157],"class_list":{"0":"post-11890","1":"product","2":"type-product","3":"status-publish","4":"has-post-thumbnail","6":"product_cat-soins-visage","7":"yith_product_brand-nuxe","9":"first","10":"instock","11":"sale","12":"shipping-taxable","13":"purchasable","14":"product-type-simple"},"_links":{"self":[{"href":"https:\/\/parapharmacieenligne.ma\/en\/wp-json\/wp\/v2\/product\/11890","targetHints":{"allow":["GET"]}}],"collection":[{"href":"https:\/\/parapharmacieenligne.ma\/en\/wp-json\/wp\/v2\/product"}],"about":[{"href":"https:\/\/parapharmacieenligne.ma\/en\/wp-json\/wp\/v2\/types\/product"}],"replies":[{"embeddable":true,"href":"https:\/\/parapharmacieenligne.ma\/en\/wp-json\/wp\/v2\/comments?post=11890"}],"version-history":[{"count":1,"href":"https:\/\/parapharmacieenligne.ma\/en\/wp-json\/wp\/v2\/product\/11890\/revisions"}],"predecessor-version":[{"id":11925,"href":"https:\/\/parapharmacieenligne.ma\/en\/wp-json\/wp\/v2\/product\/11890\/revisions\/11925"}],"wp:featuredmedia":[{"embeddable":true,"href":"https:\/\/parapharmacieenligne.ma\/en\/wp-json\/wp\/v2\/media\/11924"}],"wp:attachment":[{"href":"https:\/\/parapharmacieenligne.ma\/en\/wp-json\/wp\/v2\/media?parent=11890"}],"wp:term":[{"taxonomy":"product_cat","embeddable":true,"href":"https:\/\/parapharmacieenligne.ma\/en\/wp-json\/wp\/v2\/product_cat?post=11890"},{"taxonomy":"product_tag","embeddable":true,"href":"https:\/\/parapharmacieenligne.ma\/en\/wp-json\/wp\/v2\/product_tag?post=11890"},{"taxonomy":"yith_product_brand","embeddable":true,"href":"https:\/\/parapharmacieenligne.ma\/en\/wp-json\/wp\/v2\/yith_product_brand?post=11890"}],"curies":[{"name":"wp","href":"https:\/\/api.w.org\/{rel}","templated":true}]}}