{"id":11893,"date":"2026-01-28T16:39:58","date_gmt":"2026-01-28T15:39:58","guid":{"rendered":"https:\/\/parapharmacieenligne.ma\/?post_type=product&#038;p=11893"},"modified":"2026-01-28T16:41:56","modified_gmt":"2026-01-28T15:41:56","slug":"nuxe-nuxuriance-ultra-creme-riche-anti-age-globale-50ml","status":"publish","type":"product","link":"https:\/\/parapharmacieenligne.ma\/en\/product\/nuxe-nuxuriance-ultra-creme-riche-anti-age-globale-50ml\/","title":{"rendered":"Nuxe Nuxuriance Ultra Creme Riche Anti-age Globale 50ml"},"content":{"rendered":"<div aria-labelledby=\"tab-title-description\" class=\"woocommerce-Tabs-panel woocommerce-Tabs-panel--description panel entry-content wc-tab\" id=\"tab-description\" role=\"tabpanel\" style=\"\">\n<h2>Description<\/h2>\n<p><strong>L\u2019ANTI-\u00c2GE GLOBAL PLUS EFFICACE QUE LE RETINOL \u207d\u00b9\u207e<\/strong><\/p>\n<\/p>\n<p><strong>La TECHNOLOGIE ALFA [3R]* permet de [R]evitaliser, [R]\u00e9g\u00e9n\u00e9rer et [R]esurfacer la peau.<\/strong><\/p>\n<p>Instantan\u00e9ment, elle est nourrie et plus confortable pour 100% des femmes**.<\/p>\n<\/p>\n<p>D\u00e8s 1 mois*** :<\/p>\n<p>\u2013 La peau est comme repulp\u00e9e pour 81% des femmes.<\/p>\n<p>\u2013 Les rides m\u00eame marqu\u00e9es semblent r\u00e9duites pour 71% des femmes.<\/p>\n<p>\u2013 La peau est tonifi\u00e9e pour 71% des femmes.<\/p>\n<p>Une efficacit\u00e9 anti-\u00e2ge global alli\u00e9e \u00e0 une sensorialit\u00e9 unique gr\u00e2ce \u00e0 son parfum f\u00e9minin moderne et \u00e9l\u00e9gant. Sa texture riche et onctueuse est id\u00e9al pour les peaux s\u00e8ches \u00e0 tr\u00e8s s\u00e8ches.<\/p>\n<p>\u207d\u00b9\u207eTest in vitro<br \/>\n *Technologie Alfa [3R] = Alfalfa extract + Hyaluronic acid + Hemerocallis Fulva extract<br \/>\n **Test d\u2019usage \u2013 21 volontaires. % de satisfaction imm\u00e9diat.<br \/>\n ***Test d\u2019usage \u2013 21 volontaires \u2013 % de satisfaction.<\/p>\n<\/p><\/div>\n","protected":false},"excerpt":{"rendered":"<p>Highlights:Cette cr\u00e8me riche anti-\u00e2ge global corrige visiblement les principaux signes de l\u2019\u00e2ge.<\/p>","protected":false},"featured_media":11932,"comment_status":"open","ping_status":"closed","template":"","meta":[],"product_cat":[83],"product_tag":[],"yith_product_brand":[157],"class_list":{"0":"post-11893","1":"product","2":"type-product","3":"status-publish","4":"has-post-thumbnail","6":"product_cat-soins-visage","7":"yith_product_brand-nuxe","9":"first","10":"instock","11":"sale","12":"shipping-taxable","13":"purchasable","14":"product-type-simple"},"_links":{"self":[{"href":"https:\/\/parapharmacieenligne.ma\/en\/wp-json\/wp\/v2\/product\/11893","targetHints":{"allow":["GET"]}}],"collection":[{"href":"https:\/\/parapharmacieenligne.ma\/en\/wp-json\/wp\/v2\/product"}],"about":[{"href":"https:\/\/parapharmacieenligne.ma\/en\/wp-json\/wp\/v2\/types\/product"}],"replies":[{"embeddable":true,"href":"https:\/\/parapharmacieenligne.ma\/en\/wp-json\/wp\/v2\/comments?post=11893"}],"version-history":[{"count":1,"href":"https:\/\/parapharmacieenligne.ma\/en\/wp-json\/wp\/v2\/product\/11893\/revisions"}],"predecessor-version":[{"id":11933,"href":"https:\/\/parapharmacieenligne.ma\/en\/wp-json\/wp\/v2\/product\/11893\/revisions\/11933"}],"wp:featuredmedia":[{"embeddable":true,"href":"https:\/\/parapharmacieenligne.ma\/en\/wp-json\/wp\/v2\/media\/11932"}],"wp:attachment":[{"href":"https:\/\/parapharmacieenligne.ma\/en\/wp-json\/wp\/v2\/media?parent=11893"}],"wp:term":[{"taxonomy":"product_cat","embeddable":true,"href":"https:\/\/parapharmacieenligne.ma\/en\/wp-json\/wp\/v2\/product_cat?post=11893"},{"taxonomy":"product_tag","embeddable":true,"href":"https:\/\/parapharmacieenligne.ma\/en\/wp-json\/wp\/v2\/product_tag?post=11893"},{"taxonomy":"yith_product_brand","embeddable":true,"href":"https:\/\/parapharmacieenligne.ma\/en\/wp-json\/wp\/v2\/yith_product_brand?post=11893"}],"curies":[{"name":"wp","href":"https:\/\/api.w.org\/{rel}","templated":true}]}}