{"id":11894,"date":"2026-01-28T16:39:59","date_gmt":"2026-01-28T15:39:59","guid":{"rendered":"https:\/\/parapharmacieenligne.ma\/?post_type=product&#038;p=11894"},"modified":"2026-01-28T16:42:20","modified_gmt":"2026-01-28T15:42:20","slug":"nuxe-nuxuriance-ultra-creme-anti-age-globale-50ml","status":"publish","type":"product","link":"https:\/\/parapharmacieenligne.ma\/en\/product\/nuxe-nuxuriance-ultra-creme-anti-age-globale-50ml\/","title":{"rendered":"Nuxe Nuxuriance Ultra Creme Anti-age Globale 50ml"},"content":{"rendered":"<div aria-labelledby=\"tab-title-description\" class=\"woocommerce-Tabs-panel woocommerce-Tabs-panel--description panel entry-content wc-tab\" id=\"tab-description\" role=\"tabpanel\" style=\"\">\n<h2>Description<\/h2>\n<p><strong>L\u2019ANTI-\u00c2GE GLOBAL PLUS EFFICACE QUE LE RETINOL \u207d\u00b9\u207e<\/strong><\/p>\n<\/p>\n<p><strong>La TECHNOLOGIE ALFA [3R]* permet de [R]evitaliser, [R]\u00e9g\u00e9n\u00e9rer et [R]esurfacer la peau.<\/strong> Instantan\u00e9ment, la peau est tonifi\u00e9e, liss\u00e9e, comme repulp\u00e9e.<\/p>\n<p>D\u00e8s 1 mois** :<\/p>\n<p>\u2013 Les traits du visage sont comme retendus pour 90% des femmes.<\/p>\n<p>\u2013 Les rides semblent liss\u00e9es pour 76% des femmes.<\/p>\n<p>\u2013 La peau est plus ferme pour 96% des femmes.<\/p>\n<p>Une efficacit\u00e9 anti-\u00e2ge global alli\u00e9e \u00e0 une sensorialit\u00e9 unique gr\u00e2ce \u00e0 son parfum f\u00e9minin moderne et \u00e9l\u00e9gant. Sa texture universelle convient \u00e0 tous types de peaux.<\/p>\n<p>\u207d\u00b9\u207eTest in vitro<br \/>\n *Technologie Alfa [3R] = Alfalfa extract + Hyaluronic acid + Hemerocallis Fulva extract<br \/>\n **Test d\u2019usage \u2013 21 volontaires. % de satisfaction.<\/p>\n<\/p><\/div>\n","protected":false},"excerpt":{"rendered":"<p>Highlights:Cette cr\u00e8me anti-\u00e2ge global corrige visiblement les principaux signes de l\u2019\u00e2ge.<\/p>","protected":false},"featured_media":11936,"comment_status":"open","ping_status":"closed","template":"","meta":[],"product_cat":[83],"product_tag":[],"yith_product_brand":[157],"class_list":{"0":"post-11894","1":"product","2":"type-product","3":"status-publish","4":"has-post-thumbnail","6":"product_cat-soins-visage","7":"yith_product_brand-nuxe","9":"first","10":"instock","11":"sale","12":"shipping-taxable","13":"purchasable","14":"product-type-simple"},"_links":{"self":[{"href":"https:\/\/parapharmacieenligne.ma\/en\/wp-json\/wp\/v2\/product\/11894","targetHints":{"allow":["GET"]}}],"collection":[{"href":"https:\/\/parapharmacieenligne.ma\/en\/wp-json\/wp\/v2\/product"}],"about":[{"href":"https:\/\/parapharmacieenligne.ma\/en\/wp-json\/wp\/v2\/types\/product"}],"replies":[{"embeddable":true,"href":"https:\/\/parapharmacieenligne.ma\/en\/wp-json\/wp\/v2\/comments?post=11894"}],"version-history":[{"count":1,"href":"https:\/\/parapharmacieenligne.ma\/en\/wp-json\/wp\/v2\/product\/11894\/revisions"}],"predecessor-version":[{"id":11937,"href":"https:\/\/parapharmacieenligne.ma\/en\/wp-json\/wp\/v2\/product\/11894\/revisions\/11937"}],"wp:featuredmedia":[{"embeddable":true,"href":"https:\/\/parapharmacieenligne.ma\/en\/wp-json\/wp\/v2\/media\/11936"}],"wp:attachment":[{"href":"https:\/\/parapharmacieenligne.ma\/en\/wp-json\/wp\/v2\/media?parent=11894"}],"wp:term":[{"taxonomy":"product_cat","embeddable":true,"href":"https:\/\/parapharmacieenligne.ma\/en\/wp-json\/wp\/v2\/product_cat?post=11894"},{"taxonomy":"product_tag","embeddable":true,"href":"https:\/\/parapharmacieenligne.ma\/en\/wp-json\/wp\/v2\/product_tag?post=11894"},{"taxonomy":"yith_product_brand","embeddable":true,"href":"https:\/\/parapharmacieenligne.ma\/en\/wp-json\/wp\/v2\/yith_product_brand?post=11894"}],"curies":[{"name":"wp","href":"https:\/\/api.w.org\/{rel}","templated":true}]}}