{"id":11895,"date":"2026-01-28T16:40:00","date_gmt":"2026-01-28T15:40:00","guid":{"rendered":"https:\/\/parapharmacieenligne.ma\/?post_type=product&#038;p=11895"},"modified":"2026-01-28T16:42:33","modified_gmt":"2026-01-28T15:42:33","slug":"nuxe-nuxuriance-ultra-creme-nuit-anti-age-globale-50ml","status":"publish","type":"product","link":"https:\/\/parapharmacieenligne.ma\/en\/product\/nuxe-nuxuriance-ultra-creme-nuit-anti-age-globale-50ml\/","title":{"rendered":"Nuxe Nuxuriance Ultra Creme Nuit Anti-age Globale 50ml"},"content":{"rendered":"<div aria-labelledby=\"tab-title-description\" class=\"woocommerce-Tabs-panel woocommerce-Tabs-panel--description panel entry-content wc-tab\" id=\"tab-description\" role=\"tabpanel\" style=\"\">\n<h2>Description<\/h2>\n<p><strong>L\u2019ANTI-\u00c2GE GLOBAL PLUS EFFICACE QUE LE RETINOL \u207d\u00b9\u207e<\/strong><\/p>\n<\/p>\n<p><strong>La TECHNOLOGIE ALFA [3R]\u207d\u00b2\u207e permet de [R]evitaliser, [R]\u00e9g\u00e9n\u00e9rer et [R]esurfacer la peau.<\/strong><\/p>\n<p>Instantan\u00e9ment, la peau est intens\u00e9ment nourrie et plus confortable pour 100% des femmes*. Nuit apr\u00e8s nuit, la peau regagne en fermet\u00e9 (+38%**).<\/p>\n<p>Au r\u00e9veil :<\/p>\n<p>\u2013 La peau est comme r\u00e9par\u00e9e pour 75% des femmes***.<\/p>\n<p>\u2013 Les rides semblent liss\u00e9es pour 70% des femmes****.<\/p>\n<p>\u2013 La peau est repos\u00e9e, d\u00e9fatigu\u00e9e pour 80% des femmes****.<\/p>\n<p>Une efficacit\u00e9 anti-\u00e2ge global alli\u00e9e \u00e0 une sensorialit\u00e9 unique gr\u00e2ce \u00e0 son parfum f\u00e9minin moderne et \u00e9l\u00e9gant. Sa texture enveloppante convient \u00e0 tous types de peaux.<\/p>\n<p>\u207d\u00b9\u207e Test in vitro<br \/>\n \u207d\u00b2\u207e Technologie Alfa [3R] = Alfalfa extract + Hyaluronic acid + Hemerocallis Fulva extract<\/p>\n<p>*Test d\u2019usage \u2013 21 volontaires. % de satisfaction imm\u00e9diat.<br \/>\n **Test d\u2019usage \u2013 20 volontaires. % d\u2019am\u00e9lioration \u00e9valu\u00e9e par les volontaires apr\u00e8s 56 jours d\u2019utilisation.<br \/>\n ***Test d\u2019usage \u2013 20 volontaires. % de satisfaction apr\u00e8s 56 jours.<br \/>\n ****Test d\u2019usage \u2013 21 volontaires. % de satisfaction apr\u00e8s 28 jours.<\/p>\n<\/p><\/div>\n","protected":false},"excerpt":{"rendered":"<p>Highlights:Cette cr\u00e8me nuit anti-\u00e2ge global corrige visiblement les principaux signes de l\u2019\u00e2ge pendant la nuit.<\/p>","protected":false},"featured_media":11938,"comment_status":"open","ping_status":"closed","template":"","meta":[],"product_cat":[83],"product_tag":[],"yith_product_brand":[157],"class_list":{"0":"post-11895","1":"product","2":"type-product","3":"status-publish","4":"has-post-thumbnail","6":"product_cat-soins-visage","7":"yith_product_brand-nuxe","9":"first","10":"instock","11":"sale","12":"shipping-taxable","13":"purchasable","14":"product-type-simple"},"_links":{"self":[{"href":"https:\/\/parapharmacieenligne.ma\/en\/wp-json\/wp\/v2\/product\/11895","targetHints":{"allow":["GET"]}}],"collection":[{"href":"https:\/\/parapharmacieenligne.ma\/en\/wp-json\/wp\/v2\/product"}],"about":[{"href":"https:\/\/parapharmacieenligne.ma\/en\/wp-json\/wp\/v2\/types\/product"}],"replies":[{"embeddable":true,"href":"https:\/\/parapharmacieenligne.ma\/en\/wp-json\/wp\/v2\/comments?post=11895"}],"version-history":[{"count":1,"href":"https:\/\/parapharmacieenligne.ma\/en\/wp-json\/wp\/v2\/product\/11895\/revisions"}],"predecessor-version":[{"id":11939,"href":"https:\/\/parapharmacieenligne.ma\/en\/wp-json\/wp\/v2\/product\/11895\/revisions\/11939"}],"wp:featuredmedia":[{"embeddable":true,"href":"https:\/\/parapharmacieenligne.ma\/en\/wp-json\/wp\/v2\/media\/11938"}],"wp:attachment":[{"href":"https:\/\/parapharmacieenligne.ma\/en\/wp-json\/wp\/v2\/media?parent=11895"}],"wp:term":[{"taxonomy":"product_cat","embeddable":true,"href":"https:\/\/parapharmacieenligne.ma\/en\/wp-json\/wp\/v2\/product_cat?post=11895"},{"taxonomy":"product_tag","embeddable":true,"href":"https:\/\/parapharmacieenligne.ma\/en\/wp-json\/wp\/v2\/product_tag?post=11895"},{"taxonomy":"yith_product_brand","embeddable":true,"href":"https:\/\/parapharmacieenligne.ma\/en\/wp-json\/wp\/v2\/yith_product_brand?post=11895"}],"curies":[{"name":"wp","href":"https:\/\/api.w.org\/{rel}","templated":true}]}}