{"id":11896,"date":"2026-01-28T16:40:00","date_gmt":"2026-01-28T15:40:00","guid":{"rendered":"https:\/\/parapharmacieenligne.ma\/?post_type=product&#038;p=11896"},"modified":"2026-01-28T16:42:54","modified_gmt":"2026-01-28T15:42:54","slug":"nuxe-nuxuriance-ultra-serum-correcteur-de-taches-30ml","status":"publish","type":"product","link":"https:\/\/parapharmacieenligne.ma\/en\/product\/nuxe-nuxuriance-ultra-serum-correcteur-de-taches-30ml\/","title":{"rendered":"Nuxe Nuxuriance Ultra Serum Correcteur de Taches 30ml"},"content":{"rendered":"<div aria-labelledby=\"tab-title-description\" class=\"woocommerce-Tabs-panel woocommerce-Tabs-panel--description panel entry-content wc-tab\" id=\"tab-description\" role=\"tabpanel\" style=\"\">\n<h2>Description<\/h2>\n<\/p>\n<p>Infus\u00e9 de <strong>Vitamine C<\/strong>, un actif hautement efficace, le soin cible les taches pigmentaires pour r\u00e9duire visiblement leur intensit\u00e9 (-19%*) et nombre. Imm\u00e9diatement, la peau est nourrie intens\u00e9ment ; elle est plus douce pour 100% des femmes**.<\/p>\n<p>D\u00e8s 28 jours:<\/p>\n<p>\u2013 La peau para\u00eet plus uniforme pour 85% des femmes***.<\/p>\n<p>\u2013 L\u2019aspect de jeunesse de la peau augmente de +35%****.<\/p>\n<p>Une efficacit\u00e9 anti-taches alli\u00e9e \u00e0 une sensorialit\u00e9 unique gr\u00e2ce \u00e0 son parfum f\u00e9minin moderne et \u00e9l\u00e9gant. Sa texture onctueuse p\u00e9n\u00e8tre rapidement pour prendre soin des mains sans laisser de fini gras ni collant.<\/p>\n<p>*Test d\u2019usage \u2013 20 volontaires. % d\u2019am\u00e9lioration \u00e9valu\u00e9 par le dermatologue apr\u00e8s 56 jours.<br \/>\n ** Test d\u2019usage \u2013 22 volontaires \u2013 % de satisfaction imm\u00e9diatement apr\u00e8s application.<br \/>\n ***Test d\u2019usage \u2013 20 volontaires. % de satisfaction apr\u00e8s 28 jours.<br \/>\n ****Test d\u2019usage \u2013 20 volontaires. % d\u2019am\u00e9lioration \u00e9valu\u00e9 par le dermatologue apr\u00e8s 56 jours.<\/p>\n<\/p><\/div>","protected":false},"excerpt":{"rendered":"<p>Highlights:Ce soin mains aide \u00e0 r\u00e9duire l\u2019apparence des taches et agit sur la s\u00e9cheresse cutan\u00e9e.<\/p>","protected":false},"featured_media":11942,"comment_status":"open","ping_status":"closed","template":"","meta":[],"product_cat":[83],"product_tag":[],"yith_product_brand":[157],"class_list":{"0":"post-11896","1":"product","2":"type-product","3":"status-publish","4":"has-post-thumbnail","6":"product_cat-soins-visage","7":"yith_product_brand-nuxe","9":"first","10":"instock","11":"sale","12":"shipping-taxable","13":"purchasable","14":"product-type-simple"},"_links":{"self":[{"href":"https:\/\/parapharmacieenligne.ma\/en\/wp-json\/wp\/v2\/product\/11896","targetHints":{"allow":["GET"]}}],"collection":[{"href":"https:\/\/parapharmacieenligne.ma\/en\/wp-json\/wp\/v2\/product"}],"about":[{"href":"https:\/\/parapharmacieenligne.ma\/en\/wp-json\/wp\/v2\/types\/product"}],"replies":[{"embeddable":true,"href":"https:\/\/parapharmacieenligne.ma\/en\/wp-json\/wp\/v2\/comments?post=11896"}],"version-history":[{"count":1,"href":"https:\/\/parapharmacieenligne.ma\/en\/wp-json\/wp\/v2\/product\/11896\/revisions"}],"predecessor-version":[{"id":11943,"href":"https:\/\/parapharmacieenligne.ma\/en\/wp-json\/wp\/v2\/product\/11896\/revisions\/11943"}],"wp:featuredmedia":[{"embeddable":true,"href":"https:\/\/parapharmacieenligne.ma\/en\/wp-json\/wp\/v2\/media\/11942"}],"wp:attachment":[{"href":"https:\/\/parapharmacieenligne.ma\/en\/wp-json\/wp\/v2\/media?parent=11896"}],"wp:term":[{"taxonomy":"product_cat","embeddable":true,"href":"https:\/\/parapharmacieenligne.ma\/en\/wp-json\/wp\/v2\/product_cat?post=11896"},{"taxonomy":"product_tag","embeddable":true,"href":"https:\/\/parapharmacieenligne.ma\/en\/wp-json\/wp\/v2\/product_tag?post=11896"},{"taxonomy":"yith_product_brand","embeddable":true,"href":"https:\/\/parapharmacieenligne.ma\/en\/wp-json\/wp\/v2\/yith_product_brand?post=11896"}],"curies":[{"name":"wp","href":"https:\/\/api.w.org\/{rel}","templated":true}]}}