{"id":11897,"date":"2026-01-28T16:40:01","date_gmt":"2026-01-28T15:40:01","guid":{"rendered":"https:\/\/parapharmacieenligne.ma\/?post_type=product&#038;p=11897"},"modified":"2026-01-28T16:43:04","modified_gmt":"2026-01-28T15:43:04","slug":"nuxe-nuxuriance-ultra-soin-cible-regard-levres-15ml","status":"publish","type":"product","link":"https:\/\/parapharmacieenligne.ma\/en\/product\/nuxe-nuxuriance-ultra-soin-cible-regard-levres-15ml\/","title":{"rendered":"Nuxe Nuxuriance Ultra Soin Cible Regard &#038; Levres 15ml"},"content":{"rendered":"<div aria-labelledby=\"tab-title-description\" class=\"woocommerce-Tabs-panel woocommerce-Tabs-panel--description panel entry-content wc-tab\" id=\"tab-description\" role=\"tabpanel\" style=\"\">\n<h2>Description<\/h2>\n<p><strong>L\u2019ANTI-\u00c2GE GLOBAL PLUS EFFICACE QUE LE RETINOL \u207d\u00b9\u207e<\/strong><\/p>\n<\/p>\n<p><strong>La TECHNOLOGIE ALFA [3R]* permet de [R]evitaliser, [R]\u00e9g\u00e9n\u00e9rer et [R]esurfacer la peau.<\/strong> Jour apr\u00e8s jour, ce soin r\u00e9duit l\u2019apparence des cernes (-36%**) et le volume des poches (-22%**). Le contour des l\u00e8vres est comme redessin\u00e9, d\u00e9froiss\u00e9. Les rides m\u00eames marqu\u00e9es de la patte d\u2019oie, du lion et p\u00e9ribuccales, semblent r\u00e9duites pour 87% des femmes***.<\/p>\n<p>Une efficacit\u00e9 anti-\u00e2ge global alli\u00e9e \u00e0 une sensorialit\u00e9 unique gr\u00e2ce \u00e0 son parfum \u00e9l\u00e9gant et d\u00e9licat, pour une tol\u00e9rance id\u00e9ale des zones fragiles du contour des yeux et des l\u00e8vres.<\/p>\n<p>\u207d\u00b9\u207eTest in vitro<br \/>\n *Technologie Alfa [3R] = Alfalfa extract + Hyaluronic acid + Hemerocallis Fulva extract<br \/>\n **Test d\u2019usage \u2013 31 volontaires \u2013 % d\u2019am\u00e9lioration \u00e9valu\u00e9 par le dermatologue apr\u00e8s 56 jours.<br \/>\n ***Test d\u2019usage 30 volontaires \u2013 % de satisfaction apr\u00e8s 56 jours.<\/p>\n<\/p><\/div>\n","protected":false},"excerpt":{"rendered":"<p>Highlights:Ce soin regard et l\u00e8vres corrige les principaux signes de l\u2019\u00e2ge en ciblant les rides d\u2019expression du regard et du sourire pour une peau visiblement plus jeune.<\/p>","protected":false},"featured_media":11944,"comment_status":"open","ping_status":"closed","template":"","meta":[],"product_cat":[83],"product_tag":[],"yith_product_brand":[157],"class_list":{"0":"post-11897","1":"product","2":"type-product","3":"status-publish","4":"has-post-thumbnail","6":"product_cat-soins-visage","7":"yith_product_brand-nuxe","9":"first","10":"instock","11":"sale","12":"shipping-taxable","13":"purchasable","14":"product-type-simple"},"_links":{"self":[{"href":"https:\/\/parapharmacieenligne.ma\/en\/wp-json\/wp\/v2\/product\/11897","targetHints":{"allow":["GET"]}}],"collection":[{"href":"https:\/\/parapharmacieenligne.ma\/en\/wp-json\/wp\/v2\/product"}],"about":[{"href":"https:\/\/parapharmacieenligne.ma\/en\/wp-json\/wp\/v2\/types\/product"}],"replies":[{"embeddable":true,"href":"https:\/\/parapharmacieenligne.ma\/en\/wp-json\/wp\/v2\/comments?post=11897"}],"version-history":[{"count":1,"href":"https:\/\/parapharmacieenligne.ma\/en\/wp-json\/wp\/v2\/product\/11897\/revisions"}],"predecessor-version":[{"id":11945,"href":"https:\/\/parapharmacieenligne.ma\/en\/wp-json\/wp\/v2\/product\/11897\/revisions\/11945"}],"wp:featuredmedia":[{"embeddable":true,"href":"https:\/\/parapharmacieenligne.ma\/en\/wp-json\/wp\/v2\/media\/11944"}],"wp:attachment":[{"href":"https:\/\/parapharmacieenligne.ma\/en\/wp-json\/wp\/v2\/media?parent=11897"}],"wp:term":[{"taxonomy":"product_cat","embeddable":true,"href":"https:\/\/parapharmacieenligne.ma\/en\/wp-json\/wp\/v2\/product_cat?post=11897"},{"taxonomy":"product_tag","embeddable":true,"href":"https:\/\/parapharmacieenligne.ma\/en\/wp-json\/wp\/v2\/product_tag?post=11897"},{"taxonomy":"yith_product_brand","embeddable":true,"href":"https:\/\/parapharmacieenligne.ma\/en\/wp-json\/wp\/v2\/yith_product_brand?post=11897"}],"curies":[{"name":"wp","href":"https:\/\/api.w.org\/{rel}","templated":true}]}}